{"id":219,"date":"2026-02-15T21:59:34","date_gmt":"2026-02-15T18:59:34","guid":{"rendered":"https:\/\/berkfa.site\/?page_id=219"},"modified":"2026-04-01T15:36:39","modified_gmt":"2026-04-01T12:36:39","slug":"products-and-services","status":"publish","type":"page","link":"https:\/\/berkfa.com\/tr\/products-and-services\/","title":{"rendered":"\u00dcr\u00fcnler"},"content":{"rendered":"<div data-elementor-type=\"wp-page\" data-elementor-id=\"219\" class=\"elementor elementor-219\">\n\t\t\t\t<div class=\"elementor-element elementor-element-55dcdcf e-flex e-con-boxed e-con e-parent\" data-id=\"55dcdcf\" data-element_type=\"container\" data-e-type=\"container\" data-settings=\"{&quot;background_background&quot;:&quot;classic&quot;}\">\n\t\t\t\t\t<div class=\"e-con-inner\">\n\t\t\t\t<div class=\"elementor-element elementor-element-d19a062 elementor-widget__width-initial elementor-absolute elementor-widget elementor-widget-spacer\" data-id=\"d19a062\" data-element_type=\"widget\" data-e-type=\"widget\" data-settings=\"{&quot;_position&quot;:&quot;absolute&quot;}\" data-widget_type=\"spacer.default\">\n\t\t\t\t\t\t\t<div class=\"elementor-spacer\">\n\t\t\t<div class=\"elementor-spacer-inner\"><\/div>\n\t\t<\/div>\n\t\t\t\t\t\t<\/div>\n\t\t\t\t<div class=\"elementor-element elementor-element-83a95bf elementor-widget__width-initial elementor-absolute elementor-widget elementor-widget-spacer\" data-id=\"83a95bf\" data-element_type=\"widget\" data-e-type=\"widget\" data-settings=\"{&quot;_position&quot;:&quot;absolute&quot;}\" data-widget_type=\"spacer.default\">\n\t\t\t\t\t\t\t<div class=\"elementor-spacer\">\n\t\t\t<div class=\"elementor-spacer-inner\"><\/div>\n\t\t<\/div>\n\t\t\t\t\t\t<\/div>\n\t\t\t\t<div class=\"elementor-element elementor-element-551586b elementor-widget__width-initial elementor-absolute elementor-widget elementor-widget-spacer\" data-id=\"551586b\" data-element_type=\"widget\" data-e-type=\"widget\" data-settings=\"{&quot;_position&quot;:&quot;absolute&quot;}\" data-widget_type=\"spacer.default\">\n\t\t\t\t\t\t\t<div class=\"elementor-spacer\">\n\t\t\t<div class=\"elementor-spacer-inner\"><\/div>\n\t\t<\/div>\n\t\t\t\t\t\t<\/div>\n\t\t<div class=\"elementor-element elementor-element-fbbeac5 e-flex e-con-boxed e-con e-child\" data-id=\"fbbeac5\" data-element_type=\"container\" data-e-type=\"container\">\n\t\t\t\t\t<div class=\"e-con-inner\">\n\t\t<div class=\"elementor-element elementor-element-dedb878 e-con-full e-flex e-con e-child\" data-id=\"dedb878\" data-element_type=\"container\" data-e-type=\"container\">\n\t\t\t\t<div class=\"elementor-element elementor-element-4b60dfa elementor-widget__width-inherit elementor-invisible elementor-widget elementor-widget-heading\" data-id=\"4b60dfa\" data-element_type=\"widget\" data-e-type=\"widget\" data-settings=\"{&quot;_animation&quot;:&quot;fadeInDown&quot;}\" data-widget_type=\"heading.default\">\n\t\t\t\t\t<h1 class=\"elementor-heading-title elementor-size-default\">\u00dcR\u00dcNLER<\/h1>\t\t\t\t<\/div>\n\t\t\t\t<\/div>\n\t\t\t\t<div class=\"elementor-element elementor-element-67b161f elementor-widget__width-initial elementor-widget-mobile__width-initial elementor-invisible elementor-widget elementor-widget-text-editor\" data-id=\"67b161f\" data-element_type=\"widget\" data-e-type=\"widget\" data-settings=\"{&quot;_animation&quot;:&quot;fadeInUp&quot;}\" data-widget_type=\"text-editor.default\">\n\t\t\t\t\t\t\t\t\t<p>Mobilya \u00fcretimi i\u00e7in g\u00fcvenilir kenar band\u0131 \u00e7\u00f6z\u00fcmleri<\/p>\t\t\t\t\t\t\t\t<\/div>\n\t\t\t\t\t<\/div>\n\t\t\t\t<\/div>\n\t\t\t\t\t<\/div>\n\t\t\t\t<\/div>\n\t\t<div class=\"elementor-element elementor-element-185ec8e e-flex e-con-boxed e-con e-parent\" data-id=\"185ec8e\" data-element_type=\"container\" data-e-type=\"container\">\n\t\t\t\t\t<div class=\"e-con-inner\">\n\t\t<div class=\"elementor-element elementor-element-6f7cb111 e-flex e-con-boxed e-con e-child\" data-id=\"6f7cb111\" data-element_type=\"container\" data-e-type=\"container\">\n\t\t\t\t\t<div class=\"e-con-inner\">\n\t\t\t\t<div class=\"elementor-element elementor-element-1c1b0897 elementor-widget__width-initial elementor-widget-mobile__width-inherit elementor-invisible elementor-widget elementor-widget-heading\" data-id=\"1c1b0897\" data-element_type=\"widget\" data-e-type=\"widget\" data-settings=\"{&quot;_animation&quot;:&quot;fadeInUp&quot;}\" data-widget_type=\"heading.default\">\n\t\t\t\t\t<h2 class=\"elementor-heading-title elementor-size-default\">Mobilya \u00dcreticileri \u0130\u00e7in <br>Kenar Band\u0131 \u00c7\u00f6z\u00fcmleri<\/h2>\t\t\t\t<\/div>\n\t\t\t\t\t<\/div>\n\t\t\t\t<\/div>\n\t\t<div class=\"elementor-element elementor-element-51579757 e-flex e-con-boxed e-con e-child\" data-id=\"51579757\" data-element_type=\"container\" data-e-type=\"container\">\n\t\t\t\t\t<div class=\"e-con-inner\">\n\t\t<div class=\"elementor-element elementor-element-5a438561 e-con-full e-flex e-con e-child\" data-id=\"5a438561\" data-element_type=\"container\" data-e-type=\"container\">\n\t\t<div class=\"elementor-element elementor-element-f7019f9 e-flex e-con-boxed e-con e-child\" data-id=\"f7019f9\" data-element_type=\"container\" data-e-type=\"container\">\n\t\t\t\t\t<div class=\"e-con-inner\">\n\t\t<a class=\"elementor-element elementor-element-255dd9ee e-con-full e-flex elementor-invisible e-con e-child\" data-id=\"255dd9ee\" data-element_type=\"container\" data-e-type=\"container\" data-settings=\"{&quot;background_background&quot;:&quot;classic&quot;,&quot;animation&quot;:&quot;fadeInLeft&quot;}\" href=\"https:\/\/berkfa.com\/tr\/products-and-services\/edge-bandings\/melamine-edge-bandings\/\">\n\t\t\t\t<div class=\"elementor-element elementor-element-6d7e9a1d elementor-widget__width-initial elementor-widget elementor-widget-heading\" data-id=\"6d7e9a1d\" data-element_type=\"widget\" data-e-type=\"widget\" data-widget_type=\"heading.default\">\n\t\t\t\t\t<h3 class=\"elementor-heading-title elementor-size-default\">MELAM\u0130N KENAR BANTLARI <\/h3>\t\t\t\t<\/div>\n\t\t\t\t<\/a>\n\t\t\t\t\t<\/div>\n\t\t\t\t<\/div>\n\t\t<a class=\"elementor-element elementor-element-1e06c755 e-flex e-con-boxed elementor-invisible e-con e-child\" data-id=\"1e06c755\" data-element_type=\"container\" data-e-type=\"container\" data-settings=\"{&quot;background_background&quot;:&quot;classic&quot;,&quot;animation&quot;:&quot;fadeInUp&quot;}\" href=\"https:\/\/berkfa.com\/tr\/products-and-services\/edge-bandings\/pvc-edge-bandings\/\">\n\t\t\t\t\t<div class=\"e-con-inner\">\n\t\t\t\t<div class=\"elementor-element elementor-element-111dab1f elementor-widget__width-initial elementor-widget elementor-widget-heading\" data-id=\"111dab1f\" data-element_type=\"widget\" data-e-type=\"widget\" data-widget_type=\"heading.default\">\n\t\t\t\t\t<h3 class=\"elementor-heading-title elementor-size-default\">PVC KENAR BANTLARI<\/h3>\t\t\t\t<\/div>\n\t\t\t\t\t<\/div>\n\t\t\t\t<\/a>\n\t\t\t\t<\/div>\n\t\t<div class=\"elementor-element elementor-element-58bd1c4e e-con-full e-flex e-con e-child\" data-id=\"58bd1c4e\" data-element_type=\"container\" data-e-type=\"container\">\n\t\t<a class=\"elementor-element elementor-element-7b0ad43a e-flex e-con-boxed elementor-invisible e-con e-child\" data-id=\"7b0ad43a\" data-element_type=\"container\" data-e-type=\"container\" data-settings=\"{&quot;background_background&quot;:&quot;classic&quot;,&quot;animation&quot;:&quot;fadeInRight&quot;}\" href=\"https:\/\/berkfa.com\/tr\/products-and-services\/edge-bandings\/veneer-edge-bandings\/\">\n\t\t\t\t\t<div class=\"e-con-inner\">\n\t\t\t\t<div class=\"elementor-element elementor-element-53903e1a elementor-widget__width-initial elementor-widget elementor-widget-heading\" data-id=\"53903e1a\" data-element_type=\"widget\" data-e-type=\"widget\" data-widget_type=\"heading.default\">\n\t\t\t\t\t<h3 class=\"elementor-heading-title elementor-size-default\">AH\u015eAP KENAR BANTLARI<\/h3>\t\t\t\t<\/div>\n\t\t\t\t\t<\/div>\n\t\t\t\t<\/a>\n\t\t<div class=\"elementor-element elementor-element-10653e47 e-flex e-con-boxed e-con e-child\" data-id=\"10653e47\" data-element_type=\"container\" data-e-type=\"container\">\n\t\t\t\t\t<div class=\"e-con-inner\">\n\t\t<a class=\"elementor-element elementor-element-d21b4e4 e-con-full e-flex elementor-invisible e-con e-child\" data-id=\"d21b4e4\" data-element_type=\"container\" data-e-type=\"container\" data-settings=\"{&quot;background_background&quot;:&quot;classic&quot;,&quot;animation&quot;:&quot;fadeInUp&quot;}\" href=\"https:\/\/berkfa.com\/tr\/products-and-services\/documents-certificates\/\">\n\t\t\t\t<div class=\"elementor-element elementor-element-5b0f6f33 elementor-widget__width-initial elementor-widget elementor-widget-heading\" data-id=\"5b0f6f33\" data-element_type=\"widget\" data-e-type=\"widget\" data-widget_type=\"heading.default\">\n\t\t\t\t\t<h3 class=\"elementor-heading-title elementor-size-default\">DOK\u00dcMANLAR &amp; SERT\u0130F\u0130KALAR<\/h3>\t\t\t\t<\/div>\n\t\t\t\t<\/a>\n\t\t<a class=\"elementor-element elementor-element-3be2a6bf e-con-full e-flex elementor-invisible e-con e-child\" data-id=\"3be2a6bf\" data-element_type=\"container\" data-e-type=\"container\" data-settings=\"{&quot;background_background&quot;:&quot;classic&quot;,&quot;animation&quot;:&quot;fadeInUp&quot;}\" href=\"https:\/\/berkfa.com\/tr\/makine-ve-aksesuarlar\/\">\n\t\t\t\t<div class=\"elementor-element elementor-element-7343a3e elementor-widget__width-initial elementor-widget elementor-widget-heading\" data-id=\"7343a3e\" data-element_type=\"widget\" data-e-type=\"widget\" data-widget_type=\"heading.default\">\n\t\t\t\t\t<h3 class=\"elementor-heading-title elementor-size-default\">MAK\u0130NELER &amp; AKSESUARLAR<\/h3>\t\t\t\t<\/div>\n\t\t\t\t<\/a>\n\t\t\t\t\t<\/div>\n\t\t\t\t<\/div>\n\t\t\t\t<\/div>\n\t\t\t\t\t<\/div>\n\t\t\t\t<\/div>\n\t\t\t\t\t<\/div>\n\t\t\t\t<\/div>\n\t\t<div class=\"elementor-element elementor-element-41435688 e-flex e-con-boxed e-con e-parent\" data-id=\"41435688\" data-element_type=\"container\" data-e-type=\"container\">\n\t\t\t\t\t<div class=\"e-con-inner\">\n\t\t<div class=\"elementor-element elementor-element-5dc870b5 e-flex e-con-boxed e-con e-child\" data-id=\"5dc870b5\" data-element_type=\"container\" data-e-type=\"container\">\n\t\t\t\t\t<div class=\"e-con-inner\">\n\t\t<div class=\"elementor-element elementor-element-4981395e e-con-full e-flex e-con e-child\" data-id=\"4981395e\" data-element_type=\"container\" data-e-type=\"container\">\n\t\t\t\t<div class=\"elementor-element elementor-element-2f670a0 elementor-invisible elementor-widget elementor-widget-image\" data-id=\"2f670a0\" data-element_type=\"widget\" data-e-type=\"widget\" data-settings=\"{&quot;_animation&quot;:&quot;fadeInLeft&quot;}\" data-widget_type=\"image.default\">\n\t\t\t\t\t\t\t\t\t\t\t\t\t\t\t<img fetchpriority=\"high\" decoding=\"async\" width=\"1708\" height=\"2560\" src=\"https:\/\/berkfa.com\/wp-content\/uploads\/2026\/04\/ba-scaled.jpg\" class=\"attachment-full size-full wp-image-1304\" alt=\"\" srcset=\"https:\/\/berkfa.com\/wp-content\/uploads\/2026\/04\/ba-scaled.jpg 1708w, https:\/\/berkfa.com\/wp-content\/uploads\/2026\/04\/ba-200x300.jpg 200w, https:\/\/berkfa.com\/wp-content\/uploads\/2026\/04\/ba-683x1024.jpg 683w, https:\/\/berkfa.com\/wp-content\/uploads\/2026\/04\/ba-768x1151.jpg 768w, https:\/\/berkfa.com\/wp-content\/uploads\/2026\/04\/ba-1025x1536.jpg 1025w, https:\/\/berkfa.com\/wp-content\/uploads\/2026\/04\/ba-1366x2048.jpg 1366w, https:\/\/berkfa.com\/wp-content\/uploads\/2026\/04\/ba-8x12.jpg 8w\" sizes=\"(max-width: 1708px) 100vw, 1708px\" \/>\t\t\t\t\t\t\t\t\t\t\t\t\t\t\t<\/div>\n\t\t\t\t<\/div>\n\t\t<div class=\"elementor-element elementor-element-6298420a e-con-full e-flex e-con e-child\" data-id=\"6298420a\" data-element_type=\"container\" data-e-type=\"container\">\n\t\t\t\t<div class=\"elementor-element elementor-element-30bd224 elementor-icon-list--layout-traditional elementor-list-item-link-full_width elementor-invisible elementor-widget elementor-widget-icon-list\" data-id=\"30bd224\" data-element_type=\"widget\" data-e-type=\"widget\" data-settings=\"{&quot;_animation&quot;:&quot;fadeIn&quot;,&quot;_animation_delay&quot;:720}\" data-widget_type=\"icon-list.default\">\n\t\t\t\t\t\t\t<ul class=\"elementor-icon-list-items\">\n\t\t\t\t\t\t\t<li class=\"elementor-icon-list-item\">\n\t\t\t\t\t\t\t\t\t\t\t<span class=\"elementor-icon-list-icon\">\n\t\t\t\t\t\t\t<i aria-hidden=\"true\" class=\"mdi mdi-chevron-double-right\"><\/i>\t\t\t\t\t\t<\/span>\n\t\t\t\t\t\t\t\t\t\t<span class=\"elementor-icon-list-text\">NEDEN BERKFA<\/span>\n\t\t\t\t\t\t\t\t\t<\/li>\n\t\t\t\t\t\t<\/ul>\n\t\t\t\t\t\t<\/div>\n\t\t\t\t<div class=\"elementor-element elementor-element-78d37ca8 elementor-invisible elementor-widget elementor-widget-heading\" data-id=\"78d37ca8\" data-element_type=\"widget\" data-e-type=\"widget\" data-settings=\"{&quot;_animation&quot;:&quot;fadeInUp&quot;}\" data-widget_type=\"heading.default\">\n\t\t\t\t\t<h2 class=\"elementor-heading-title elementor-size-default\">Uzmanl\u0131k, H\u0131z ve G\u00fcvenilirlik<\/h2>\t\t\t\t<\/div>\n\t\t\t\t<div class=\"elementor-element elementor-element-741312f6 elementor-widget elementor-widget-text-editor\" data-id=\"741312f6\" data-element_type=\"widget\" data-e-type=\"widget\" data-widget_type=\"text-editor.default\">\n\t\t\t\t\t\t\t\t\t<p>Berkfa, 2002\u2019den bu yana yaln\u0131zca kenar band\u0131 \u00fcretimi ve tedariki \u00fczerine odaklanm\u0131\u015f bir uzmanl\u0131k markas\u0131d\u0131r. Tek bir alanda derinle\u015fen bilgi birikimimiz sayesinde, mobilya \u00fcreticilerinin de\u011fi\u015fen ihtiya\u00e7lar\u0131na h\u0131zl\u0131, esnek ve g\u00fcvenilir \u00e7\u00f6z\u00fcmler sunuyoruz. \u00d6zel \u00f6l\u00e7\u00fc \u00fcretim kapasitemiz, geni\u015f dekor ve renk se\u00e7eneklerimiz, g\u00fc\u00e7l\u00fc stok altyap\u0131m\u0131z ve istikrarl\u0131 hizmet anlay\u0131\u015f\u0131m\u0131zla yaln\u0131zca \u00fcr\u00fcn tedarik etmiyor; \u00fcretim s\u00fcre\u00e7lerinizi destekleyen uzun vadeli bir i\u015f ortakl\u0131\u011f\u0131 sunuyoruz.<\/p>\t\t\t\t\t\t\t\t<\/div>\n\t\t\t\t<\/div>\n\t\t<div class=\"elementor-element elementor-element-1e8c412d e-con-full e-flex e-con e-child\" data-id=\"1e8c412d\" data-element_type=\"container\" data-e-type=\"container\">\n\t\t<div class=\"elementor-element elementor-element-6016ea81 e-flex e-con-boxed elementor-invisible e-con e-child\" data-id=\"6016ea81\" data-element_type=\"container\" data-e-type=\"container\" data-settings=\"{&quot;animation&quot;:&quot;fadeInRight&quot;}\">\n\t\t\t\t\t<div class=\"e-con-inner\">\n\t\t\t\t<div class=\"elementor-element elementor-element-48103efe elementor-icon-list--layout-traditional elementor-list-item-link-full_width elementor-widget elementor-widget-icon-list\" data-id=\"48103efe\" data-element_type=\"widget\" data-e-type=\"widget\" data-widget_type=\"icon-list.default\">\n\t\t\t\t\t\t\t<ul class=\"elementor-icon-list-items\">\n\t\t\t\t\t\t\t<li class=\"elementor-icon-list-item\">\n\t\t\t\t\t\t\t\t\t\t\t<span class=\"elementor-icon-list-icon\">\n\t\t\t\t\t\t\t<svg class=\"ekit-svg-icon icon-checkmark\" viewbox=\"0 0 32 32\" xmlns=\"http:\/\/www.w3.org\/2000\/svg\"><path d=\"M8.838 13.050l-2.45 2.45 7.869 7.869 17.481-17.488-2.45-2.45-15.031 15.044zM28.244 14.625v13.988h-24.475v-24.475h17.481v-3.5h-17.481c-1.925 0-3.494 1.575-3.494 3.5v24.475c0 1.925 1.575 3.5 3.494 3.5h24.475c1.925 0 3.494-1.575 3.494-3.5v-13.988h-3.494z\"><\/path><\/svg>\t\t\t\t\t\t<\/span>\n\t\t\t\t\t\t\t\t\t\t<span class=\"elementor-icon-list-text\">Sekt\u00f6r Deneyimi<\/span>\n\t\t\t\t\t\t\t\t\t<\/li>\n\t\t\t\t\t\t<\/ul>\n\t\t\t\t\t\t<\/div>\n\t\t\t\t<div class=\"elementor-element elementor-element-1825bc3d elementor-widget elementor-widget-text-editor\" data-id=\"1825bc3d\" data-element_type=\"widget\" data-e-type=\"widget\" data-widget_type=\"text-editor.default\">\n\t\t\t\t\t\t\t\t\t<p>2002\u2019den bu yana yaln\u0131zca kenar band\u0131 oda\u011f\u0131yla 20+ y\u0131ll\u0131k uzmanl\u0131k.<\/p>\t\t\t\t\t\t\t\t<\/div>\n\t\t\t\t\t<\/div>\n\t\t\t\t<\/div>\n\t\t<div class=\"elementor-element elementor-element-1eb14533 e-flex e-con-boxed elementor-invisible e-con e-child\" data-id=\"1eb14533\" data-element_type=\"container\" data-e-type=\"container\" data-settings=\"{&quot;animation&quot;:&quot;fadeInRight&quot;}\">\n\t\t\t\t\t<div class=\"e-con-inner\">\n\t\t\t\t<div class=\"elementor-element elementor-element-528db46d elementor-icon-list--layout-traditional elementor-list-item-link-full_width elementor-widget elementor-widget-icon-list\" data-id=\"528db46d\" data-element_type=\"widget\" data-e-type=\"widget\" data-widget_type=\"icon-list.default\">\n\t\t\t\t\t\t\t<ul class=\"elementor-icon-list-items\">\n\t\t\t\t\t\t\t<li class=\"elementor-icon-list-item\">\n\t\t\t\t\t\t\t\t\t\t\t<span class=\"elementor-icon-list-icon\">\n\t\t\t\t\t\t\t<svg class=\"ekit-svg-icon icon-checkmark\" viewbox=\"0 0 32 32\" xmlns=\"http:\/\/www.w3.org\/2000\/svg\"><path d=\"M8.838 13.050l-2.45 2.45 7.869 7.869 17.481-17.488-2.45-2.45-15.031 15.044zM28.244 14.625v13.988h-24.475v-24.475h17.481v-3.5h-17.481c-1.925 0-3.494 1.575-3.494 3.5v24.475c0 1.925 1.575 3.5 3.494 3.5h24.475c1.925 0 3.494-1.575 3.494-3.5v-13.988h-3.494z\"><\/path><\/svg>\t\t\t\t\t\t<\/span>\n\t\t\t\t\t\t\t\t\t\t<span class=\"elementor-icon-list-text\">\u00dcr\u00fcn \u00c7e\u015fitlili\u011fi<\/span>\n\t\t\t\t\t\t\t\t\t<\/li>\n\t\t\t\t\t\t<\/ul>\n\t\t\t\t\t\t<\/div>\n\t\t\t\t<div class=\"elementor-element elementor-element-e3df292 elementor-widget elementor-widget-text-editor\" data-id=\"e3df292\" data-element_type=\"widget\" data-e-type=\"widget\" data-widget_type=\"text-editor.default\">\n\t\t\t\t\t\t\t\t\t<p>Melamin, ah\u015fap ve pvc kenar band\u0131 se\u00e7enekleri; geni\u015f dekor\/renk yelpazesi ve \u00f6zel \u00f6l\u00e7\u00fc \u00fcretim imk\u00e2n\u0131.<\/p>\t\t\t\t\t\t\t\t<\/div>\n\t\t\t\t\t<\/div>\n\t\t\t\t<\/div>\n\t\t<div class=\"elementor-element elementor-element-2687bf4b e-flex e-con-boxed elementor-invisible e-con e-child\" data-id=\"2687bf4b\" data-element_type=\"container\" data-e-type=\"container\" data-settings=\"{&quot;animation&quot;:&quot;fadeInRight&quot;}\">\n\t\t\t\t\t<div class=\"e-con-inner\">\n\t\t\t\t<div class=\"elementor-element elementor-element-683ce75c elementor-icon-list--layout-traditional elementor-list-item-link-full_width elementor-widget elementor-widget-icon-list\" data-id=\"683ce75c\" data-element_type=\"widget\" data-e-type=\"widget\" data-widget_type=\"icon-list.default\">\n\t\t\t\t\t\t\t<ul class=\"elementor-icon-list-items\">\n\t\t\t\t\t\t\t<li class=\"elementor-icon-list-item\">\n\t\t\t\t\t\t\t\t\t\t\t<span class=\"elementor-icon-list-icon\">\n\t\t\t\t\t\t\t<svg class=\"ekit-svg-icon icon-checkmark\" viewbox=\"0 0 32 32\" xmlns=\"http:\/\/www.w3.org\/2000\/svg\"><path d=\"M8.838 13.050l-2.45 2.45 7.869 7.869 17.481-17.488-2.45-2.45-15.031 15.044zM28.244 14.625v13.988h-24.475v-24.475h17.481v-3.5h-17.481c-1.925 0-3.494 1.575-3.494 3.5v24.475c0 1.925 1.575 3.5 3.494 3.5h24.475c1.925 0 3.494-1.575 3.494-3.5v-13.988h-3.494z\"><\/path><\/svg>\t\t\t\t\t\t<\/span>\n\t\t\t\t\t\t\t\t\t\t<span class=\"elementor-icon-list-text\">H\u0131zl\u0131 Tedarik ve Destek<\/span>\n\t\t\t\t\t\t\t\t\t<\/li>\n\t\t\t\t\t\t<\/ul>\n\t\t\t\t\t\t<\/div>\n\t\t\t\t<div class=\"elementor-element elementor-element-7cc9e91b elementor-widget elementor-widget-text-editor\" data-id=\"7cc9e91b\" data-element_type=\"widget\" data-e-type=\"widget\" data-widget_type=\"text-editor.default\">\n\t\t\t\t\t\t\t\t\t<p>G\u00fc\u00e7l\u00fc stok altyap\u0131s\u0131, h\u0131zl\u0131 termin ve \u00fcretim s\u00fcre\u00e7lerinize y\u00f6nelik teknik\/operasyonel destek.<\/p>\t\t\t\t\t\t\t\t<\/div>\n\t\t\t\t\t<\/div>\n\t\t\t\t<\/div>\n\t\t\t\t<\/div>\n\t\t\t\t\t<\/div>\n\t\t\t\t<\/div>\n\t\t\t\t\t<\/div>\n\t\t\t\t<\/div>\n\t\t<div class=\"elementor-element elementor-element-213aebb e-flex e-con-boxed e-con e-parent\" data-id=\"213aebb\" data-element_type=\"container\" data-e-type=\"container\">\n\t\t\t\t\t<div class=\"e-con-inner\">\n\t\t<div class=\"elementor-element elementor-element-54aefea e-con-full e-flex e-con e-child\" data-id=\"54aefea\" data-element_type=\"container\" data-e-type=\"container\">\n\t\t\t\t<div class=\"elementor-element elementor-element-b144b4f elementor-widget__width-initial elementor-widget elementor-widget-counter\" data-id=\"b144b4f\" data-element_type=\"widget\" data-e-type=\"widget\" data-widget_type=\"counter.default\">\n\t\t\t\t\t\t\t<div class=\"elementor-counter\">\n\t\t\t<div class=\"elementor-counter-title\">Y\u0131l Deneyim<\/div>\t\t\t<div class=\"elementor-counter-number-wrapper\">\n\t\t\t\t<span class=\"elementor-counter-number-prefix\"><\/span>\n\t\t\t\t<span class=\"elementor-counter-number\" data-duration=\"2000\" data-to-value=\"20\" data-from-value=\"0\" data-delimiter=\",\">0<\/span>\n\t\t\t\t<span class=\"elementor-counter-number-suffix\">+<\/span>\n\t\t\t<\/div>\n\t\t<\/div>\n\t\t\t\t\t\t<\/div>\n\t\t\t\t<div class=\"elementor-element elementor-element-95e8047 elementor-widget__width-initial elementor-widget elementor-widget-counter\" data-id=\"95e8047\" data-element_type=\"widget\" data-e-type=\"widget\" data-widget_type=\"counter.default\">\n\t\t\t\t\t\t\t<div class=\"elementor-counter\">\n\t\t\t<div class=\"elementor-counter-title\">Countries Exported<\/div>\t\t\t<div class=\"elementor-counter-number-wrapper\">\n\t\t\t\t<span class=\"elementor-counter-number-prefix\"><\/span>\n\t\t\t\t<span class=\"elementor-counter-number\" data-duration=\"2000\" data-to-value=\"30\" data-from-value=\"0\" data-delimiter=\",\">0<\/span>\n\t\t\t\t<span class=\"elementor-counter-number-suffix\">+<\/span>\n\t\t\t<\/div>\n\t\t<\/div>\n\t\t\t\t\t\t<\/div>\n\t\t\t\t<div class=\"elementor-element elementor-element-bf236bc elementor-widget__width-initial elementor-widget elementor-widget-counter\" data-id=\"bf236bc\" data-element_type=\"widget\" data-e-type=\"widget\" data-widget_type=\"counter.default\">\n\t\t\t\t\t\t\t<div class=\"elementor-counter\">\n\t\t\t<div class=\"elementor-counter-title\">\u0130\u015f Orta\u011f\u0131<\/div>\t\t\t<div class=\"elementor-counter-number-wrapper\">\n\t\t\t\t<span class=\"elementor-counter-number-prefix\"><\/span>\n\t\t\t\t<span class=\"elementor-counter-number\" data-duration=\"2000\" data-to-value=\"12000\" data-from-value=\"11000\" data-delimiter=\",\">11000<\/span>\n\t\t\t\t<span class=\"elementor-counter-number-suffix\">+<\/span>\n\t\t\t<\/div>\n\t\t<\/div>\n\t\t\t\t\t\t<\/div>\n\t\t\t\t<\/div>\n\t\t\t\t<div class=\"elementor-element elementor-element-c2690dc elementor-widget__width-initial elementor-widget-tablet__width-initial elementor-widget-mobile__width-inherit elementor-widget-divider--view-line elementor-widget elementor-widget-divider\" data-id=\"c2690dc\" data-element_type=\"widget\" data-e-type=\"widget\" data-widget_type=\"divider.default\">\n\t\t\t\t\t\t\t<div class=\"elementor-divider\">\n\t\t\t<span class=\"elementor-divider-separator\">\n\t\t\t\t\t\t<\/span>\n\t\t<\/div>\n\t\t\t\t\t\t<\/div>\n\t\t<div class=\"elementor-element elementor-element-6043db3 e-con-full e-flex e-con e-child\" data-id=\"6043db3\" data-element_type=\"container\" data-e-type=\"container\">\n\t\t\t\t<div class=\"elementor-element elementor-element-7bc2f8c elementor-invisible elementor-widget elementor-widget-heading\" data-id=\"7bc2f8c\" data-element_type=\"widget\" data-e-type=\"widget\" data-settings=\"{&quot;_animation&quot;:&quot;fadeInUp&quot;}\" data-widget_type=\"heading.default\">\n\t\t\t\t\t<p class=\"elementor-heading-title elementor-size-default\">Mobilya sekt\u00f6r\u00fcne 20 y\u0131l\u0131 a\u015fk\u0131n s\u00fcredir kenar band\u0131 tedarik ediyoruz.<\/p>\t\t\t\t<\/div>\n\t\t\t\t<\/div>\n\t\t\t\t\t<\/div>\n\t\t\t\t<\/div>\n\t\t<div class=\"elementor-element elementor-element-438682c e-con-full e-flex e-con e-parent\" data-id=\"438682c\" data-element_type=\"container\" data-e-type=\"container\" data-settings=\"{&quot;background_background&quot;:&quot;classic&quot;}\">\n\t\t<div class=\"elementor-element elementor-element-c10a24c e-flex e-con-boxed e-con e-child\" data-id=\"c10a24c\" data-element_type=\"container\" data-e-type=\"container\">\n\t\t\t\t\t<div class=\"e-con-inner\">\n\t\t\t\t<div class=\"elementor-element elementor-element-cc46e45 elementor-widget__width-initial elementor-invisible elementor-widget elementor-widget-heading\" data-id=\"cc46e45\" data-element_type=\"widget\" data-e-type=\"widget\" data-settings=\"{&quot;_animation&quot;:&quot;fadeInUp&quot;}\" data-widget_type=\"heading.default\">\n\t\t\t\t\t<h2 class=\"elementor-heading-title elementor-size-default\">Profesyonel Kenar Band\u0131 \u00c7\u00f6z\u00fcmleri<\/h2>\t\t\t\t<\/div>\n\t\t\t\t<div class=\"elementor-element elementor-element-7221133 elementor-invisible elementor-widget elementor-widget-text-editor\" data-id=\"7221133\" data-element_type=\"widget\" data-e-type=\"widget\" data-settings=\"{&quot;_animation&quot;:&quot;fadeInUp&quot;}\" data-widget_type=\"text-editor.default\">\n\t\t\t\t\t\t\t\t\t<p>D\u00fcnya genelindeki mobilya \u00fcreticileri i\u00e7in profesyonel kenar band\u0131 \u00e7\u00f6z\u00fcmleri, yard\u0131mc\u0131 ekipman ve makineler.<\/p>\t\t\t\t\t\t\t\t<\/div>\n\t\t\t\t<div class=\"elementor-element elementor-element-9e9b40c elementor-align-center elementor-invisible elementor-widget elementor-widget-button\" data-id=\"9e9b40c\" data-element_type=\"widget\" data-e-type=\"widget\" data-settings=\"{&quot;_animation&quot;:&quot;fadeIn&quot;,&quot;_animation_delay&quot;:480}\" data-widget_type=\"button.default\">\n\t\t\t\t\t\t\t\t\t\t<a class=\"elementor-button elementor-button-link elementor-size-sm\" href=\"https:\/\/berkfa.com\/tr\/contact\/\">\n\t\t\t\t\t\t<span class=\"elementor-button-content-wrapper\">\n\t\t\t\t\t\t\t\t\t<span class=\"elementor-button-text\">Bize ula\u015f\u0131n<\/span>\n\t\t\t\t\t<\/span>\n\t\t\t\t\t<\/a>\n\t\t\t\t\t\t\t\t<\/div>\n\t\t\t\t\t<\/div>\n\t\t\t\t<\/div>\n\t\t\t\t<\/div>\n\t\t\t\t<\/div>","protected":false},"excerpt":{"rendered":"<p>PRODUCTS Reliable solutions for professional edge banding applications Solutions That Complete Furniture Production MELAMINE EDGE BANDINGS PVC EDGE BANDINGS VENEER EDGE BANDINGS DOCUMENTS CERTIFICATES MACHINE ACCESSORIES Why Choose Us Reliable Solutions for Furniture Manufacturers Berkfa has been a specialized brand focused exclusively on the production and supply of edge banding since 2002. Thanks to the [&hellip;]<\/p>","protected":false},"author":1,"featured_media":0,"parent":0,"menu_order":0,"comment_status":"closed","ping_status":"closed","template":"elementor_header_footer","meta":{"footnotes":""},"class_list":["post-219","page","type-page","status-publish","hentry"],"_links":{"self":[{"href":"https:\/\/berkfa.com\/tr\/wp-json\/wp\/v2\/pages\/219","targetHints":{"allow":["GET"]}}],"collection":[{"href":"https:\/\/berkfa.com\/tr\/wp-json\/wp\/v2\/pages"}],"about":[{"href":"https:\/\/berkfa.com\/tr\/wp-json\/wp\/v2\/types\/page"}],"author":[{"embeddable":true,"href":"https:\/\/berkfa.com\/tr\/wp-json\/wp\/v2\/users\/1"}],"replies":[{"embeddable":true,"href":"https:\/\/berkfa.com\/tr\/wp-json\/wp\/v2\/comments?post=219"}],"version-history":[{"count":143,"href":"https:\/\/berkfa.com\/tr\/wp-json\/wp\/v2\/pages\/219\/revisions"}],"predecessor-version":[{"id":1390,"href":"https:\/\/berkfa.com\/tr\/wp-json\/wp\/v2\/pages\/219\/revisions\/1390"}],"wp:attachment":[{"href":"https:\/\/berkfa.com\/tr\/wp-json\/wp\/v2\/media?parent=219"}],"curies":[{"name":"wp","href":"https:\/\/api.w.org\/{rel}","templated":true}]}}