{"id":284,"date":"2026-02-15T22:55:28","date_gmt":"2026-02-15T19:55:28","guid":{"rendered":"https:\/\/berkfa.site\/?page_id=284"},"modified":"2026-05-11T13:56:11","modified_gmt":"2026-05-11T10:56:11","slug":"edge-bandings","status":"publish","type":"page","link":"https:\/\/berkfa.com\/tr\/kenar-bantlari\/","title":{"rendered":"Edge Bandings"},"content":{"rendered":"<div data-elementor-type=\"wp-page\" data-elementor-id=\"284\" class=\"elementor elementor-284\">\n\t\t\t\t<div class=\"elementor-element elementor-element-ca0d945 e-flex e-con-boxed e-con e-parent\" data-id=\"ca0d945\" data-element_type=\"container\" data-e-type=\"container\" data-settings=\"{&quot;background_background&quot;:&quot;classic&quot;}\">\n\t\t\t\t\t<div class=\"e-con-inner\">\n\t\t\t\t<div class=\"elementor-element elementor-element-4699677 elementor-widget__width-initial elementor-absolute elementor-widget elementor-widget-spacer\" data-id=\"4699677\" data-element_type=\"widget\" data-e-type=\"widget\" data-settings=\"{&quot;_position&quot;:&quot;absolute&quot;}\" data-widget_type=\"spacer.default\">\n\t\t\t\t\t\t\t<div class=\"elementor-spacer\">\n\t\t\t<div class=\"elementor-spacer-inner\"><\/div>\n\t\t<\/div>\n\t\t\t\t\t\t<\/div>\n\t\t\t\t<div class=\"elementor-element elementor-element-8e99643 elementor-widget__width-initial elementor-absolute elementor-widget elementor-widget-spacer\" data-id=\"8e99643\" data-element_type=\"widget\" data-e-type=\"widget\" data-settings=\"{&quot;_position&quot;:&quot;absolute&quot;}\" data-widget_type=\"spacer.default\">\n\t\t\t\t\t\t\t<div class=\"elementor-spacer\">\n\t\t\t<div class=\"elementor-spacer-inner\"><\/div>\n\t\t<\/div>\n\t\t\t\t\t\t<\/div>\n\t\t\t\t<div class=\"elementor-element elementor-element-342befe elementor-widget__width-initial elementor-absolute elementor-widget elementor-widget-spacer\" data-id=\"342befe\" data-element_type=\"widget\" data-e-type=\"widget\" data-settings=\"{&quot;_position&quot;:&quot;absolute&quot;}\" data-widget_type=\"spacer.default\">\n\t\t\t\t\t\t\t<div class=\"elementor-spacer\">\n\t\t\t<div class=\"elementor-spacer-inner\"><\/div>\n\t\t<\/div>\n\t\t\t\t\t\t<\/div>\n\t\t<div class=\"elementor-element elementor-element-f0885a1 e-flex e-con-boxed e-con e-child\" data-id=\"f0885a1\" data-element_type=\"container\" data-e-type=\"container\">\n\t\t\t\t\t<div class=\"e-con-inner\">\n\t\t<div class=\"elementor-element elementor-element-38e48f0 e-con-full e-flex e-con e-child\" data-id=\"38e48f0\" data-element_type=\"container\" data-e-type=\"container\">\n\t\t\t\t<div class=\"elementor-element elementor-element-36aab62 elementor-widget__width-inherit elementor-invisible elementor-widget elementor-widget-heading\" data-id=\"36aab62\" data-element_type=\"widget\" data-e-type=\"widget\" data-settings=\"{&quot;_animation&quot;:&quot;fadeInDown&quot;}\" data-widget_type=\"heading.default\">\n\t\t\t\t\t<h1 class=\"elementor-heading-title elementor-size-default\">EDGE<br>BANDINGS<\/h1>\t\t\t\t<\/div>\n\t\t\t\t<\/div>\n\t\t\t\t<div class=\"elementor-element elementor-element-361e2a6 elementor-widget__width-initial elementor-widget-mobile__width-initial elementor-invisible elementor-widget elementor-widget-text-editor\" data-id=\"361e2a6\" data-element_type=\"widget\" data-e-type=\"widget\" data-settings=\"{&quot;_animation&quot;:&quot;fadeInUp&quot;}\" data-widget_type=\"text-editor.default\">\n\t\t\t\t\t\t\t\t\t<p>Manuel uygulama i\u00e7in ideal, b\u00fct\u00e7e dostu kenar band\u0131.<\/p>\t\t\t\t\t\t\t\t<\/div>\n\t\t\t\t\t<\/div>\n\t\t\t\t<\/div>\n\t\t\t\t\t<\/div>\n\t\t\t\t<\/div>\n\t\t<div class=\"elementor-element elementor-element-69860fb e-flex e-con-boxed e-con e-parent\" data-id=\"69860fb\" data-element_type=\"container\" data-e-type=\"container\" data-settings=\"{&quot;background_background&quot;:&quot;classic&quot;}\">\n\t\t\t\t\t<div class=\"e-con-inner\">\n\t\t<div class=\"elementor-element elementor-element-5fb4226 e-con-full e-flex elementor-invisible e-con e-child\" data-id=\"5fb4226\" data-element_type=\"container\" data-e-type=\"container\" data-settings=\"{&quot;animation&quot;:&quot;fadeInUp&quot;}\">\n\t\t<div class=\"elementor-element elementor-element-4b453b1 e-con-full e-flex e-con e-child\" data-id=\"4b453b1\" data-element_type=\"container\" data-e-type=\"container\" data-settings=\"{&quot;background_background&quot;:&quot;classic&quot;}\">\n\t\t\t\t<div class=\"elementor-element elementor-element-193f657 elementor-widget elementor-widget-image\" data-id=\"193f657\" data-element_type=\"widget\" data-e-type=\"widget\" data-widget_type=\"image.default\">\n\t\t\t\t\t\t\t\t\t\t\t\t\t\t\t<img fetchpriority=\"high\" decoding=\"async\" width=\"800\" height=\"561\" src=\"https:\/\/berkfa.com\/wp-content\/uploads\/2026\/02\/1-1024x718.jpg\" class=\"attachment-large size-large wp-image-301\" alt=\"\" srcset=\"https:\/\/berkfa.com\/wp-content\/uploads\/2026\/02\/1-1024x718.jpg 1024w, https:\/\/berkfa.com\/wp-content\/uploads\/2026\/02\/1-300x210.jpg 300w, https:\/\/berkfa.com\/wp-content\/uploads\/2026\/02\/1-768x538.jpg 768w, https:\/\/berkfa.com\/wp-content\/uploads\/2026\/02\/1-18x12.jpg 18w, https:\/\/berkfa.com\/wp-content\/uploads\/2026\/02\/1.jpg 1141w\" sizes=\"(max-width: 800px) 100vw, 800px\" \/>\t\t\t\t\t\t\t\t\t\t\t\t\t\t\t<\/div>\n\t\t\t\t<div class=\"elementor-element elementor-element-90de747 elementor-widget elementor-widget-elementskit-heading\" data-id=\"90de747\" data-element_type=\"widget\" data-e-type=\"widget\" data-widget_type=\"elementskit-heading.default\">\n\t\t\t\t\t<div class=\"ekit-wid-con\" ><div class=\"ekit-heading elementskit-section-title-wraper text_center   ekit_heading_tablet-   ekit_heading_mobile-\"><h3 class=\"ekit-heading--title elementskit-section-title\">MELAM\u0130N KENAR BANTLARI<\/h3>\t\t\t\t<div class='ekit-heading__description'>\n\t\t\t\t\t<p>Manuel uygulama i\u00e7in ideal, b\u00fct\u00e7e dostu kenar band\u0131.<\/p>\n\t\t\t\t<\/div>\n\t\t\t<\/div><\/div>\t\t\t\t<\/div>\n\t\t\t\t<div class=\"elementor-element elementor-element-34af3ab elementor-align-center elementor-widget elementor-widget-button\" data-id=\"34af3ab\" data-element_type=\"widget\" data-e-type=\"widget\" data-widget_type=\"button.default\">\n\t\t\t\t\t\t\t\t\t\t<a class=\"elementor-button elementor-button-link elementor-size-sm\" href=\"https:\/\/berkfa.com\/tr\/products-and-services\/edge-bandings\/melamine-edge-bandings\/\">\n\t\t\t\t\t\t<span class=\"elementor-button-content-wrapper\">\n\t\t\t\t\t\t\t\t\t<span class=\"elementor-button-text\">DAHA FAZLASI<\/span>\n\t\t\t\t\t<\/span>\n\t\t\t\t\t<\/a>\n\t\t\t\t\t\t\t\t<\/div>\n\t\t\t\t<\/div>\n\t\t<div class=\"elementor-element elementor-element-ad567d3 e-con-full e-flex e-con e-child\" data-id=\"ad567d3\" data-element_type=\"container\" data-e-type=\"container\" data-settings=\"{&quot;background_background&quot;:&quot;classic&quot;}\">\n\t\t\t\t<div class=\"elementor-element elementor-element-25821fd elementor-widget elementor-widget-image\" data-id=\"25821fd\" data-element_type=\"widget\" data-e-type=\"widget\" data-widget_type=\"image.default\">\n\t\t\t\t\t\t\t\t\t\t\t\t\t\t\t<img decoding=\"async\" width=\"800\" height=\"541\" src=\"https:\/\/berkfa.com\/wp-content\/uploads\/2026\/03\/22-1024x693.jpg\" class=\"attachment-large size-large wp-image-1183\" alt=\"\" srcset=\"https:\/\/berkfa.com\/wp-content\/uploads\/2026\/03\/22-1024x693.jpg 1024w, https:\/\/berkfa.com\/wp-content\/uploads\/2026\/03\/22-300x203.jpg 300w, https:\/\/berkfa.com\/wp-content\/uploads\/2026\/03\/22-768x520.jpg 768w, https:\/\/berkfa.com\/wp-content\/uploads\/2026\/03\/22-1536x1040.jpg 1536w, https:\/\/berkfa.com\/wp-content\/uploads\/2026\/03\/22-2048x1387.jpg 2048w, https:\/\/berkfa.com\/wp-content\/uploads\/2026\/03\/22-18x12.jpg 18w\" sizes=\"(max-width: 800px) 100vw, 800px\" \/>\t\t\t\t\t\t\t\t\t\t\t\t\t\t\t<\/div>\n\t\t\t\t<div class=\"elementor-element elementor-element-8b0a1f6 elementor-widget elementor-widget-elementskit-heading\" data-id=\"8b0a1f6\" data-element_type=\"widget\" data-e-type=\"widget\" data-widget_type=\"elementskit-heading.default\">\n\t\t\t\t\t<div class=\"ekit-wid-con\" ><div class=\"ekit-heading elementskit-section-title-wraper text_center   ekit_heading_tablet-   ekit_heading_mobile-\"><h3 class=\"ekit-heading--title elementskit-section-title\">AH\u015eAP KENAR BANTLARI<\/h3>\t\t\t\t<div class='ekit-heading__description'>\n\t\t\t\t\t<p>Do\u011fal ah\u015fap dokusunu tamamlayan estetik \u00e7\u00f6z\u00fcmler.<\/p>\n\t\t\t\t<\/div>\n\t\t\t<\/div><\/div>\t\t\t\t<\/div>\n\t\t\t\t<div class=\"elementor-element elementor-element-1d4d6ca elementor-align-center elementor-widget elementor-widget-button\" data-id=\"1d4d6ca\" data-element_type=\"widget\" data-e-type=\"widget\" data-widget_type=\"button.default\">\n\t\t\t\t\t\t\t\t\t\t<a class=\"elementor-button elementor-button-link elementor-size-sm\" href=\"https:\/\/berkfa.com\/tr\/products-and-services\/edge-bandings\/veneer-edge-bandings\/\">\n\t\t\t\t\t\t<span class=\"elementor-button-content-wrapper\">\n\t\t\t\t\t\t\t\t\t<span class=\"elementor-button-text\">DAHA FAZLASI<\/span>\n\t\t\t\t\t<\/span>\n\t\t\t\t\t<\/a>\n\t\t\t\t\t\t\t\t<\/div>\n\t\t\t\t<\/div>\n\t\t<div class=\"elementor-element elementor-element-6a4e1aa e-con-full e-flex e-con e-child\" data-id=\"6a4e1aa\" data-element_type=\"container\" data-e-type=\"container\" data-settings=\"{&quot;background_background&quot;:&quot;classic&quot;}\">\n\t\t\t\t<div class=\"elementor-element elementor-element-118bf2a elementor-widget elementor-widget-image\" data-id=\"118bf2a\" data-element_type=\"widget\" data-e-type=\"widget\" data-widget_type=\"image.default\">\n\t\t\t\t\t\t\t\t\t\t\t\t\t\t\t<img decoding=\"async\" width=\"800\" height=\"800\" src=\"https:\/\/berkfa.com\/wp-content\/uploads\/2026\/03\/24-1024x1024.jpg\" class=\"attachment-large size-large wp-image-1185\" alt=\"\" srcset=\"https:\/\/berkfa.com\/wp-content\/uploads\/2026\/03\/24-1024x1024.jpg 1024w, https:\/\/berkfa.com\/wp-content\/uploads\/2026\/03\/24-300x300.jpg 300w, https:\/\/berkfa.com\/wp-content\/uploads\/2026\/03\/24-150x150.jpg 150w, https:\/\/berkfa.com\/wp-content\/uploads\/2026\/03\/24-768x768.jpg 768w, https:\/\/berkfa.com\/wp-content\/uploads\/2026\/03\/24-1536x1536.jpg 1536w, https:\/\/berkfa.com\/wp-content\/uploads\/2026\/03\/24-2048x2048.jpg 2048w, https:\/\/berkfa.com\/wp-content\/uploads\/2026\/03\/24-12x12.jpg 12w\" sizes=\"(max-width: 800px) 100vw, 800px\" \/>\t\t\t\t\t\t\t\t\t\t\t\t\t\t\t<\/div>\n\t\t\t\t<div class=\"elementor-element elementor-element-6b22077 elementor-widget elementor-widget-elementskit-heading\" data-id=\"6b22077\" data-element_type=\"widget\" data-e-type=\"widget\" data-widget_type=\"elementskit-heading.default\">\n\t\t\t\t\t<div class=\"ekit-wid-con\" ><div class=\"ekit-heading elementskit-section-title-wraper text_center   ekit_heading_tablet-   ekit_heading_mobile-\"><h3 class=\"ekit-heading--title elementskit-section-title\">PVC KENAR BANTLARI<\/h3>\t\t\t\t<div class='ekit-heading__description'>\n\t\t\t\t\t<p>End\u00fcstriyel \u00fcretim hatlar\u0131 i\u00e7in tasarland\u0131: stabil kalite ve uzun \u00f6m\u00fcrl\u00fc dayan\u0131m.<\/p>\n\t\t\t\t<\/div>\n\t\t\t<\/div><\/div>\t\t\t\t<\/div>\n\t\t\t\t<div class=\"elementor-element elementor-element-d86314f elementor-align-center elementor-widget elementor-widget-button\" data-id=\"d86314f\" data-element_type=\"widget\" data-e-type=\"widget\" data-widget_type=\"button.default\">\n\t\t\t\t\t\t\t\t\t\t<a class=\"elementor-button elementor-button-link elementor-size-sm\" href=\"https:\/\/berkfa.com\/tr\/products-and-services\/edge-bandings\/pvc-edge-bandings\/\">\n\t\t\t\t\t\t<span class=\"elementor-button-content-wrapper\">\n\t\t\t\t\t\t\t\t\t<span class=\"elementor-button-text\">DAHA FAZLASI<\/span>\n\t\t\t\t\t<\/span>\n\t\t\t\t\t<\/a>\n\t\t\t\t\t\t\t\t<\/div>\n\t\t\t\t<\/div>\n\t\t\t\t<\/div>\n\t\t\t\t\t<\/div>\n\t\t\t\t<\/div>\n\t\t<div class=\"elementor-element elementor-element-1b63d654 e-flex e-con-boxed e-con e-parent\" data-id=\"1b63d654\" data-element_type=\"container\" data-e-type=\"container\" data-settings=\"{&quot;background_background&quot;:&quot;classic&quot;}\">\n\t\t\t\t\t<div class=\"e-con-inner\">\n\t\t<div class=\"elementor-element elementor-element-229f52cc e-flex e-con-boxed e-con e-child\" data-id=\"229f52cc\" data-element_type=\"container\" data-e-type=\"container\">\n\t\t\t\t\t<div class=\"e-con-inner\">\n\t\t\t\t<div class=\"elementor-element elementor-element-2c8298fb elementor-widget__width-initial elementor-invisible elementor-widget elementor-widget-heading\" data-id=\"2c8298fb\" data-element_type=\"widget\" data-e-type=\"widget\" data-settings=\"{&quot;_animation&quot;:&quot;fadeInUp&quot;}\" data-widget_type=\"heading.default\">\n\t\t\t\t\t<h2 class=\"elementor-heading-title elementor-size-default\">Profesyonel Kenar Band\u0131 \u00c7\u00f6z\u00fcmleri<\/h2>\t\t\t\t<\/div>\n\t\t\t\t<div class=\"elementor-element elementor-element-75e1fdf6 elementor-invisible elementor-widget elementor-widget-text-editor\" data-id=\"75e1fdf6\" data-element_type=\"widget\" data-e-type=\"widget\" data-settings=\"{&quot;_animation&quot;:&quot;fadeInUp&quot;}\" data-widget_type=\"text-editor.default\">\n\t\t\t\t\t\t\t\t\t<p>D\u00fcnya genelindeki mobilya \u00fcreticileri i\u00e7in profesyonel kenar band\u0131 \u00e7\u00f6z\u00fcmleri, yard\u0131mc\u0131 ekipman ve makineler.<\/p>\t\t\t\t\t\t\t\t<\/div>\n\t\t\t\t<div class=\"elementor-element elementor-element-24d72b47 elementor-align-center elementor-invisible elementor-widget elementor-widget-button\" data-id=\"24d72b47\" data-element_type=\"widget\" data-e-type=\"widget\" data-settings=\"{&quot;_animation&quot;:&quot;fadeIn&quot;,&quot;_animation_delay&quot;:480}\" data-widget_type=\"button.default\">\n\t\t\t\t\t\t\t\t\t\t<a class=\"elementor-button elementor-button-link elementor-size-sm\" href=\"https:\/\/berkfa.com\/tr\/contact\/\">\n\t\t\t\t\t\t<span class=\"elementor-button-content-wrapper\">\n\t\t\t\t\t\t\t\t\t<span class=\"elementor-button-text\">Bize ula\u015f\u0131n<\/span>\n\t\t\t\t\t<\/span>\n\t\t\t\t\t<\/a>\n\t\t\t\t\t\t\t\t<\/div>\n\t\t\t\t\t<\/div>\n\t\t\t\t<\/div>\n\t\t\t\t\t<\/div>\n\t\t\t\t<\/div>\n\t\t\t\t<\/div>","protected":false},"excerpt":{"rendered":"<p>EDGEBANDINGS Manual-application friendly, cost-effective edge banding. MELAMINE EDGE BANDINGS Manual-application friendly, cost-effective edge banding. Learn More VENEER EDGE BANDINGS Aesthetic solutions that complement the natural beauty of wood. Learn More PVC EDGE BANDINGS Designed for industrial production lines\u2014with consistent quality and long-lasting durability. Learn More Perfect Edges. Reliable Solutions. Since 2002 Professional edge banding solutions, [&hellip;]<\/p>\n","protected":false},"author":1,"featured_media":0,"parent":219,"menu_order":0,"comment_status":"closed","ping_status":"closed","template":"elementor_header_footer","meta":{"_acf_changed":false,"footnotes":""},"class_list":["post-284","page","type-page","status-publish","hentry"],"acf":[],"_links":{"self":[{"href":"https:\/\/berkfa.com\/tr\/wp-json\/wp\/v2\/pages\/284","targetHints":{"allow":["GET"]}}],"collection":[{"href":"https:\/\/berkfa.com\/tr\/wp-json\/wp\/v2\/pages"}],"about":[{"href":"https:\/\/berkfa.com\/tr\/wp-json\/wp\/v2\/types\/page"}],"author":[{"embeddable":true,"href":"https:\/\/berkfa.com\/tr\/wp-json\/wp\/v2\/users\/1"}],"replies":[{"embeddable":true,"href":"https:\/\/berkfa.com\/tr\/wp-json\/wp\/v2\/comments?post=284"}],"version-history":[{"count":51,"href":"https:\/\/berkfa.com\/tr\/wp-json\/wp\/v2\/pages\/284\/revisions"}],"predecessor-version":[{"id":1754,"href":"https:\/\/berkfa.com\/tr\/wp-json\/wp\/v2\/pages\/284\/revisions\/1754"}],"up":[{"embeddable":true,"href":"https:\/\/berkfa.com\/tr\/wp-json\/wp\/v2\/pages\/219"}],"wp:attachment":[{"href":"https:\/\/berkfa.com\/tr\/wp-json\/wp\/v2\/media?parent=284"}],"curies":[{"name":"wp","href":"https:\/\/api.w.org\/{rel}","templated":true}]}}