{"id":3,"date":"2026-02-08T19:15:37","date_gmt":"2026-02-08T16:15:37","guid":{"rendered":"https:\/\/berkfa.site\/?page_id=3"},"modified":"2026-05-08T17:54:26","modified_gmt":"2026-05-08T14:54:26","slug":"gizlilik-ilkesi","status":"publish","type":"page","link":"https:\/\/berkfa.com\/tr\/gizlilik-ilkesi\/","title":{"rendered":"KVKK"},"content":{"rendered":"<h1 class=\"wp-block-heading has-text-align-center\"><strong>6698 SAYILI K\u0130\u015e\u0130SEL VER\u0130LER\u0130N KORUNMASI KANUNU UYARINCA AYDINLATMA METN\u0130<\/strong><\/h1>\n\n\n\n<h2 class=\"wp-block-heading\"><strong>K\u0130\u015e\u0130SEL VER\u0130LER\u0130N G\u0130ZL\u0130L\u0130\u011e\u0130<\/strong><\/h2>\n\n\n\n<p><strong>Berkfa Mob. Aks. Dek. \u0130n\u015f. Tur. Paz. \u0130ml. San. Ve Tic. Ltd. \u015eti.<\/strong><em> <\/em>olarak web sitemizi ziyaret etmenizden, \u015firketimiz ve \u00fcr\u00fcnlerimize g\u00f6sterdi\u011finiz ilgiden memnuniyet duyuyoruz. Internet sitemizi ziyaretiniz ve site \u00fczerinden yapm\u0131\u015f oldu\u011funu i\u015flemler sebebiyle, bizimle ki\u015fisel verilerinizi payla\u015f\u0131yor olabilirsiniz. Internet sitemizi ziyaretiniz s\u0131ras\u0131nda bize aktard\u0131\u011f\u0131n\u0131z ve kaydetti\u011fimiz ki\u015fisel verileriniz azami dikkat ve \u00f6zen g\u00f6sterilerek korunmakta ve sorumlu birimimizin bulundu\u011fu \u00fclkede y\u00fcr\u00fcrl\u00fckte olan veri g\u00fcvenli\u011fi kurallar\u0131 do\u011frultusunda i\u015flenmektedir. Internet sitemiz, veri g\u00fcvenli\u011fi a\u00e7\u0131klamas\u0131 olmayan ba\u015fka sunucular\u0131n web sitelerine linkler de i\u00e7erebilir.<\/p>\n\n\n\n<h2 class=\"wp-block-heading\"><strong>K\u0130\u015e\u0130SEL VER\u0130LER\u0130N \u0130\u015eLENMES\u0130 AYDINLATMA METN\u0130<\/strong><\/h2>\n\n\n\n<p>6698 say\u0131l\u0131 Ki\u015fisel Verilerin Korunmas\u0131 Kanunu\u2019nun (\u201cKVKK\u201d) \u2018Veri Sorumlusunun Ayd\u0131nlatma Y\u00fck\u00fcml\u00fcl\u00fc\u011f\u00fc\u2019 ba\u015fl\u0131kl\u0131 10. Maddesi uyar\u0131nca veri sorumlusu olan \u015firketimiz<em>]<\/em> (\u201c<strong>Berkfa Mob. Aks. Dek. \u0130n\u015f. Tur. Paz. \u0130ml. San. Ve Tic. Ltd. \u015eti. <\/strong><em>&nbsp;BERKFA<\/em> \u201d) kimli\u011fi, ki\u015fisel veri i\u015fleme ama\u00e7lar\u0131, ki\u015fisel verilerin aktar\u0131ld\u0131\u011f\u0131 ki\u015filer ve aktarma ama\u00e7lar\u0131, ki\u015fisel verilerin toplanmas\u0131n\u0131n hukuki sebepleri ve y\u00f6ntemleri, ki\u015fisel veri sahibinin veri sorumlusuna y\u00f6neltece\u011fi KVKK\u2019n\u0131n 11\u2019inci maddesinde say\u0131lan haklar\u0131 konusunda veri sahiplerini bilgilendirme y\u00fck\u00fcml\u00fcl\u00fc\u011f\u00fc bulunmaktad\u0131r.<\/p>\n\n\n\n<p>Bu madde uyar\u0131nca i\u015fbu Ayd\u0131nlatma Metni, &nbsp;KVKK\u2019n\u0131n 10\u2019uncu maddesi h\u00fckm\u00fc uyar\u0131nca siz veri sahipleri ayd\u0131nlatma amac\u0131 ile haz\u0131rlanm\u0131\u015ft\u0131r.<\/p>\n\n\n\n<h3 class=\"wp-block-heading\"><strong><u>a. Veri Sorumlusunun Kimli\u011fi:<\/u><\/strong><\/h3>\n\n\n\n<p>KVKK\u2019n\u0131n 3\/1 (\u0131) maddesinde de veri sorumlusu, \u2018<em>Ki\u015fisel verilerin i\u015fleme ama\u00e7lar\u0131n\u0131 ve vas\u0131talar\u0131n\u0131 belirleyen, veri kay\u0131t sisteminin kurulmas\u0131ndan ve y\u00f6netilmesinden sorumlu olan ger\u00e7ek veya t\u00fczel ki\u015filer<\/em>\u2019 olarak tan\u0131mlanm\u0131\u015ft\u0131r. KVKK\u2019n\u0131n \u2018Veri Sorumlusunun Ayd\u0131nlatma Y\u00fck\u00fcml\u00fcl\u00fc\u011f\u00fc\u2019 ba\u015fl\u0131kl\u0131 10\/1 (a) maddesinde de veri sahibine, &nbsp;veri sorumlusunun kimli\u011fi konusunda bilgi verilmesi y\u00fck\u00fcml\u00fcl\u00fc\u011f\u00fcn\u00fc getirmi\u015ftir.<\/p>\n\n\n\n<p>Berkfa, &nbsp;gerek bu internet sitesi gerekse di\u011fer mecralarda bizimle payla\u015ft\u0131\u011f\u0131n\u0131z ki\u015fisel verileriniz sebebiyle KVKK\u2019nun kapsam\u0131nda, \u2018veri sorumlusu\u2019 s\u0131fat\u0131na haiz olabilir. Bu \u00e7er\u00e7evede \u2018veri sorumlusunun kimli\u011fi\u2019, T\u00fcrkiye Cumhuriyeti kanunlar\u0131na uygun \u015fekilde anonim \u015firket olarak kurulmu\u015f olup,&nbsp; \u0130zmir &nbsp;Ticaret Sicil Memurlu\u011fu nezdinde &nbsp;<strong>MERKEZ-120612<\/strong> sicil numaras\u0131 ile kay\u0131tl\u0131, <strong>0165023915800011 <\/strong>Mersis Numaral\u0131, \u015firket merkezi <strong>FAT\u0130H MAH. EGE CAD. NO: 22D GAZ\u0130EM\u0130R \/ \u0130ZM\u0130R <\/strong>adresinde bulunan <strong>Berkfa Mob. Aks. Dek. \u0130n\u015f. Tur. Paz. \u0130ml. San. Ve Tic. Ltd. \u015eti. <\/strong><em>&nbsp;<\/em>\u2019dir. <\/p>\n\n\n\n<h3 class=\"wp-block-heading\"><strong><u>b. Ki\u015fisel Verilerin \u0130\u015flenme Ama\u00e7lar\u0131:<\/u><\/strong><\/h3>\n\n\n\n<p>Ki\u015fisel Verileriniz KVKK\u2019n\u0131n 5\u2019inci maddesinde belirtilen ki\u015fisel veri i\u015fleme \u015fartlar\u0131ndan bir veya birka\u00e7\u0131na dayal\u0131 olarak, KVKK\u2019n\u0131n 4\u2019\u00fcnc\u00fc maddesinde belirtilen ki\u015fisel veri i\u015fleme ilkelerine uygun \u015fekilde i\u015flenmektedir. Berkfa<em>\u2019n\u0131n <\/em>y\u00fcr\u00fctm\u00fc\u015f oldu\u011fu t\u00fcm ki\u015fisel veri i\u015fleme faaliyetlerinde KVKK ba\u015fta olmak \u00fczere ilgili t\u00fcm mevzuatta aranan y\u00fck\u00fcml\u00fcklere de uygun olarak hareket edilmektedir.<\/p>\n\n\n\n<p>Ki\u015fisel verilerinizin i\u015flenme ama\u00e7lar\u0131 KVKK\u2019n\u0131n 5. ve 6. maddelerinde belirtilen ki\u015fisel veri i\u015fleme \u015fartlar\u0131 ve ama\u00e7lar\u0131 dahilinde \u015eirketimiz taraf\u0131ndan sunulan \u00fcr\u00fcn ve hizmetlerden sizleri faydaland\u0131rmak i\u00e7in gerekli \u00e7al\u0131\u015fmalar\u0131n i\u015f birimlerimiz taraf\u0131ndan yap\u0131lmas\u0131; \u015eirketimiz taraf\u0131ndan sunulan \u00fcr\u00fcn ve hizmetlerin sizlerin be\u011feni, kullan\u0131m al\u0131\u015fkanl\u0131klar\u0131 ve ihtiya\u00e7lar\u0131na g\u00f6re \u00f6zelle\u015ftirilerek sizlere \u00f6nerilmesi; \u015eirketimizin ve \u015eirketimizle i\u015f ili\u015fkisi i\u00e7erisinde olan ki\u015filerin hukuki ve ticari g\u00fcvenli\u011finin temini ve \u015eirketimizin ticari ve i\u015f stratejilerinin belirlenmesi ve uygulanmas\u0131d\u0131r. Ki\u015fisel verilerinizin \u015eirket\u2019imiz taraf\u0131ndan i\u015flenme ama\u00e7lar\u0131 konusunda detayl\u0131 bilgilere, <a href=\"https:\/\/berkfa.com\/tr\/\">https:\/\/www.berkfa.com<\/a> internet adresinden ula\u015fabilece\u011finiz <strong>Berkfa Mob. Aks. Dek. \u0130n\u015f. Tur. Paz. \u0130ml. San. Ve Tic. Ltd. \u015eti.<\/strong><strong>&nbsp;&nbsp; <\/strong>&nbsp;&nbsp;Ki\u015fisel Verilerin \u0130\u015flenmesi ve Korunmas\u0131 Politikas\u0131\u2019nda yer verilmi\u015ftir.<\/p>\n\n\n\n<h3 class=\"wp-block-heading\"><strong><u>c. \u0130\u015flenen Ki\u015fisel Verilerin Kimlere ve Hangi Ama\u00e7la Aktar\u0131labilece\u011fi:<\/u><\/strong><\/h3>\n\n\n\n<p>Toplanan ki\u015fisel verileriniz, \u015eirketimiz taraf\u0131ndan sunulan \u00fcr\u00fcn ve hizmetlerden sizleri faydaland\u0131rmak i\u00e7in gerekli \u00e7al\u0131\u015fmalar\u0131n i\u015f birimlerimiz taraf\u0131ndan yap\u0131lmas\u0131; bu site \u00fczerinden \u015eirketimiz \u00fcr\u00fcnlerinin sat\u0131\u015f ve pazarlamas\u0131n\u0131n yap\u0131lmas\u0131; \u015eirketimiz taraf\u0131ndan sunulan \u00fcr\u00fcn ve hizmetlerin sizlerin be\u011feni, kullan\u0131m al\u0131\u015fkanl\u0131klar\u0131 ve ihtiya\u00e7lar\u0131na g\u00f6re \u00f6zelle\u015ftirilerek sizlere \u00f6nerilmesi; \u015eirketimizin ve \u015eirketimizle i\u015f ili\u015fkisi i\u00e7erisinde olan ki\u015filerin hukuki ve ticari g\u00fcvenli\u011finin temini ve \u015eirketimizin ticari ve i\u015f stratejilerinin belirlenmesi ve uygulanmas\u0131 ama\u00e7lar\u0131yla i\u015f ortaklar\u0131m\u0131za, tedarik\u00e7ilerimize, hissedarlar\u0131m\u0131za, kanunen yetkili kamu kurumlar\u0131na ve \u00f6zel ki\u015filere, KVKK\u2019n\u0131n 8. ve 9. maddelerinde belirtilen ki\u015fisel veri i\u015fleme \u015fartlar\u0131 ve ama\u00e7lar\u0131 \u00e7er\u00e7evesinde <a href=\"https:\/\/berkfa.com\/tr\/\">https:\/\/www.berkfa.com<\/a> internet adresinden ula\u015fabilece\u011finiz <strong>Berkfa Mob. Aks. Dek. \u0130n\u015f. Tur. Paz. \u0130ml. San. Ve Tic. Ltd. \u015eti. <\/strong>Ki\u015fisel Verilerin \u0130\u015flenmesi ve Korunmas\u0131 Politikas\u0131\u2019nda belirtilen ama\u00e7larla s\u0131n\u0131rl\u0131 olarak aktar\u0131labilecektir.<\/p>\n\n\n\n<h3 class=\"wp-block-heading\"><strong><u>d. Ki\u015fisel Verilerinizi Toplamam\u0131z\u0131n Y\u00f6ntemi ve Hukuki Sebebi:<\/u><\/strong><\/h3>\n\n\n\n<p>Ki\u015fisel verileriniz \u015firketimiz Berkfataraf\u0131ndan, ticari faaliyetlerimizi y\u00fcr\u00fctmek amac\u0131yla i\u015fbu internet sitesinin kullan\u0131m\u0131 ile yapt\u0131\u011f\u0131n\u0131z kay\u0131tlar, sat\u0131\u015f ma\u011fazalar\u0131m\u0131zda doldurdu\u011funuz formlar ve \u015eirketimiz ile akdetmi\u015f oldu\u011funuz s\u00f6zle\u015fmeler dahil farkl\u0131 kanallarla ve yasalara uygun olarak toplanmaktad\u0131r. Ki\u015fisel verileriniz KVKK\u2019n\u0131n 5. ve 6. maddelerinde belirtilen ki\u015fisel veri i\u015fleme \u015fartlar\u0131 ve ama\u00e7lar\u0131 kapsam\u0131nda i\u015fbu Ayd\u0131nlatma Metni\u2019nde belirtilen ama\u00e7larla da i\u015flenebilmekte ve aktar\u0131labilmektedir.<\/p>\n\n\n\n<h3 class=\"wp-block-heading\"><strong><u>e. Ki\u015fisel Veri Sahibinin Haklar\u0131:<\/u><\/strong><\/h3>\n\n\n\n<p>Ki\u015fisel veri sahipleri olarak, haklar\u0131n\u0131za ili\u015fkin taleplerinizi <a href=\"https:\/\/berkfa.com\/tr\/\">https:\/\/www.berkfa.com<\/a> internet adresinden kamuoyu ile payla\u015f\u0131lm\u0131\u015f olan <strong>Berkfa Mob. Aks. Dek. \u0130n\u015f. Tur. Paz. \u0130ml. San. Ve Tic. Ltd. \u015eti. <\/strong>Ki\u015fisel Verilerin \u0130\u015flenmesi ve Korunmas\u0131 Politikas\u0131\u2019nda d\u00fczenlenen y\u00f6ntemlerle taraf\u0131m\u0131za iletebilirsiniz. Berkfa, &nbsp;talebin niteli\u011fine g\u00f6re talebi en k\u0131sa s\u00fcrede ve en ge\u00e7 otuz (30) g\u00fcn i\u00e7inde \u00fccretsiz olarak sonu\u00e7land\u0131racakt\u0131r.<\/p>\n\n\n\n<p>Ki\u015fisel Verileriniz ile ilgili olarak \u015firketimizden talep etti\u011finiz bilgilerin teminin ayr\u0131ca bir maliyeti gerektirmesi h\u00e2linde, bu bilgiler Ki\u015fisel Verileri Koruma Kurulunca belirlenen tarifedeki \u00fccretin \u00f6denmesi ko\u015fulu ile temin edilecektir. Ki\u015fisel verisi i\u015flenen ger\u00e7ek ki\u015filerin KVKK\u2019n\u0131n 11. maddesi uyar\u0131ca sahip oldu\u011fu haklar a\u015fa\u011f\u0131daki gibidir:<\/p>\n\n\n\n<p>Ki\u015fisel verilerin kanuna ayk\u0131r\u0131 olarak i\u015flenmesi sebebiyle zarara u\u011framas\u0131 h\u00e2linde zarar\u0131n giderilmesini talep etme.<\/p>\n\n\n\n<p>Ki\u015fisel veri i\u015flenip i\u015flenmedi\u011fini \u00f6\u011frenme,<\/p>\n\n\n\n<p>Ki\u015fisel verileri i\u015flenmi\u015fse buna ili\u015fkin bilgi talep etme,<\/p>\n\n\n\n<p>Ki\u015fisel verilerin i\u015flenme amac\u0131n\u0131 ve bunlar\u0131n amac\u0131na uygun kullan\u0131l\u0131p kullan\u0131lmad\u0131\u011f\u0131n\u0131 \u00f6\u011frenme,<\/p>\n\n\n\n<p>Yurt i\u00e7inde veya yurt d\u0131\u015f\u0131nda ki\u015fisel verilerin aktar\u0131ld\u0131\u011f\u0131 \u00fc\u00e7\u00fcnc\u00fc ki\u015fileri bilme,<\/p>\n\n\n\n<p>Ki\u015fisel verilerin eksik veya yanl\u0131\u015f i\u015flenmi\u015f olmas\u0131 h\u00e2linde bunlar\u0131n d\u00fczeltilmesini isteme ve bu kapsamda yap\u0131lan i\u015flemin ki\u015fisel verilerin aktar\u0131ld\u0131\u011f\u0131 \u00fc\u00e7\u00fcnc\u00fc ki\u015filere bildirilmesini isteme,<\/p>\n\n\n\n<p>KVKK ve ilgili di\u011fer kanun h\u00fck\u00fcmlerine uygun olarak i\u015flenmi\u015f olmas\u0131na ra\u011fmen, i\u015flenmesini gerektiren sebeplerin ortadan kalkmas\u0131 h\u00e2linde ki\u015fisel verilerin silinmesini veya yok edilmesini isteme ve bu kapsamda yap\u0131lan i\u015flemin ki\u015fisel verilerin aktar\u0131ld\u0131\u011f\u0131 \u00fc\u00e7\u00fcnc\u00fc ki\u015filere bildirilmesini isteme,<\/p>\n\n\n\n<p>\u0130\u015flenen verilerin m\u00fcnhas\u0131ran otomatik sistemler vas\u0131tas\u0131yla analiz edilmesi suretiyle ki\u015finin kendisi aleyhine bir sonucun ortaya \u00e7\u0131kmas\u0131na itiraz etme,<\/p>\n\n\n\n<h2 class=\"wp-block-heading\"><strong>SE\u00c7ME OLANAKLARI<\/strong><\/h2>\n\n\n\n<p>Yasal zorunluluk ve s\u00f6zle\u015fmesel ili\u015fkilerimiz sebebiyle kaydettiklerimiz sakl\u0131 kalmak kayd\u0131yla, ki\u015fisel verilerinizden, sizi \u00fcr\u00fcnlerimiz ve hizmetlerimiz konusunda bilgilendirebilmek amac\u0131 ile yararlanmak istiyoruz. Ki\u015fisel Verilerinizi bu ama\u00e7la kullanmam\u0131za izin vermek sizin inisiyatifinizde olup, onay vermemeniz veya daha \u00f6nce vermi\u015f oldu\u011funu onaylar\u0131 geri almak istemeniz halinde bilgileriniz eri\u015fime kapat\u0131larak bu ama\u00e7larla kullan\u0131mlar\u0131na son verilecektir.<\/p>\n\n\n\n<h2 class=\"wp-block-heading\"><strong><strong>\u00c7EREZLER (COOK\u0130ELER)<\/strong><\/strong><\/h2>\n\n\n\n<p>Kullan\u0131c\u0131lar\u0131n tercihlerinin izlenmesi amac\u0131yla internet sitemizde cookieler kullan\u0131lmaktad\u0131r. Cookieler, bilgisayar\u0131n\u0131z\u0131n sabit diskine b\u0131rak\u0131lan k\u00fc\u00e7\u00fck dosyalard\u0131r. Bu, navigasyonu kolayla\u015ft\u0131r\u0131r ve internet sitesinin \u00e7ok daha rahat kullan\u0131lmas\u0131n\u0131 sa\u011flar. Cookieler ayn\u0131 zamanda bizim internet sitemizde en pop\u00fcler olan alanlar\u0131 saptamam\u0131za yard\u0131mc\u0131 olmaktad\u0131r. B\u00f6ylelikle internet sitelerimizin i\u00e7eriklerini sizin gereksinimlerinizi daha iyi kar\u015f\u0131layacak bi\u00e7imde olu\u015fturabilir, dolay\u0131s\u0131yla size sundu\u011fumuz hizmeti de iyile\u015ftirebiliriz. Cookieler; sizin bilgisayar\u0131n\u0131zdan daha \u00f6nce internet sitemize eri\u015filip eri\u015filmedi\u011fini saptamak i\u00e7in de kullan\u0131labilir.<\/p>\n\n\n\n<p>Internet sitemizi cookieler olmaks\u0131z\u0131n da kullanabilirsiniz Cookielerin bilgisayar\u0131n\u0131z\u0131n sabit diskine kaydedilmesini, browser ayarlar\u0131nda *cookie engelle* ayar\u0131n\u0131 se\u00e7erek engelleyebilirsiniz. Ancak bir\u00e7ok browser\u0131n cookieleri otomatik olarak kabul etti\u011fi ve cookie kabul etmemeniz halinde internet sitemizi kullan\u0131m\u0131n\u0131z\u0131n s\u0131n\u0131rlanabilece\u011fini hususunda dikkatinizi \u00e7ekmek isteriz.<\/p>\n\n\n\n<h2 class=\"wp-block-heading\"><strong>SE\u00c7ME OLANAKLARI<\/strong><\/h2>\n\n\n\n<p>Yasal zorunluluk ve s\u00f6zle\u015fmesel ili\u015fkilerimiz sebebiyle kaydettiklerimiz sakl\u0131 kalmak kayd\u0131yla, ki\u015fisel verilerinizden, sizi \u00fcr\u00fcnlerimiz ve hizmetlerimiz konusunda bilgilendirebilmek amac\u0131 ile yararlanmak istiyoruz. Ki\u015fisel Verilerinizi bu ama\u00e7la kullanmam\u0131za izin vermek sizin inisiyatifinizde olup, onay vermemeniz veya daha \u00f6nce vermi\u015f oldu\u011funu onaylar\u0131 geri almak istemeniz halinde bilgileriniz eri\u015fime kapat\u0131larak bu ama\u00e7larla kullan\u0131mlar\u0131na son verilecektir.<\/p>\n\n\n\n<h2 class=\"wp-block-heading\"><strong><strong>G\u00dcVENL\u0130K<\/strong><\/strong><\/h2>\n\n\n\n<p>\u015eirketimizce toplanmas\u0131na izin verdi\u011finiz ki\u015fisel verilerinizi, kay\u0131p, hasar ve yetkisiz ki\u015filerin eri\u015fimine engel olmak amac\u0131yla koruyor ve bu ama\u00e7la bir k\u0131s\u0131m g\u00fcvenlik \u00f6nlemlerini uyguluyoruz. G\u00fcvenlik \u00f6nlemlerimiz teknolojik ilerlemeler ile birlikte s\u00fcrekli geli\u015fme i\u00e7erisindedir.<\/p>\n\n\n\n<h2 class=\"wp-block-heading\"><strong><strong><strong>B\u0130LG\u0130 ED\u0130NME HAKKI<\/strong><\/strong><\/strong><\/h2>\n\n\n\n<p>KVKK kapsam\u0131nda \u015eirketimiz taraf\u0131ndan kaydedilen ki\u015fisel verilerinizin var olup olmad\u0131\u011f\u0131n\u0131 hususunda size bilgi ve varsa, size verileri g\u00f6rme ve gerekti\u011finde silme ya da de\u011fi\u015ftirme y\u00fck\u00fcml\u00fcl\u00fc\u011f\u00fcm\u00fcz bulunmaktad\u0131r. Ki\u015fisel Verileriniz ile ilgili bilgi edinmek istemeniz halinde ekli ba\u015fvuru formunu doldurarak, \u015firketimize g\u00f6ndermenizi rica ediyoruz. Talebiniz 30 g\u00fcn i\u00e7inde cevaplanacakt\u0131r.<\/p>\n\n\n\n<p><\/p>","protected":false},"excerpt":{"rendered":"<p>6698 SAYILI K\u0130\u015e\u0130SEL VER\u0130LER\u0130N KORUNMASI KANUNU UYARINCA AYDINLATMA METN\u0130 K\u0130\u015e\u0130SEL VER\u0130LER\u0130N G\u0130ZL\u0130L\u0130\u011e\u0130 Berkfa Mob. Aks. Dek. \u0130n\u015f. Tur. Paz. \u0130ml. San. Ve Tic. Ltd. \u015eti. olarak web sitemizi ziyaret etmenizden, \u015firketimiz ve \u00fcr\u00fcnlerimize g\u00f6sterdi\u011finiz ilgiden memnuniyet duyuyoruz. Internet sitemizi ziyaretiniz ve site \u00fczerinden yapm\u0131\u015f oldu\u011funu i\u015flemler sebebiyle, bizimle ki\u015fisel verilerinizi payla\u015f\u0131yor olabilirsiniz. Internet sitemizi ziyaretiniz [&hellip;]<\/p>\n","protected":false},"author":1,"featured_media":0,"parent":0,"menu_order":0,"comment_status":"closed","ping_status":"open","template":"elementor_header_footer","meta":{"_acf_changed":false,"footnotes":""},"class_list":["post-3","page","type-page","status-publish","hentry"],"acf":[],"_links":{"self":[{"href":"https:\/\/berkfa.com\/tr\/wp-json\/wp\/v2\/pages\/3","targetHints":{"allow":["GET"]}}],"collection":[{"href":"https:\/\/berkfa.com\/tr\/wp-json\/wp\/v2\/pages"}],"about":[{"href":"https:\/\/berkfa.com\/tr\/wp-json\/wp\/v2\/types\/page"}],"author":[{"embeddable":true,"href":"https:\/\/berkfa.com\/tr\/wp-json\/wp\/v2\/users\/1"}],"replies":[{"embeddable":true,"href":"https:\/\/berkfa.com\/tr\/wp-json\/wp\/v2\/comments?post=3"}],"version-history":[{"count":1,"href":"https:\/\/berkfa.com\/tr\/wp-json\/wp\/v2\/pages\/3\/revisions"}],"predecessor-version":[{"id":1639,"href":"https:\/\/berkfa.com\/tr\/wp-json\/wp\/v2\/pages\/3\/revisions\/1639"}],"wp:attachment":[{"href":"https:\/\/berkfa.com\/tr\/wp-json\/wp\/v2\/media?parent=3"}],"curies":[{"name":"wp","href":"https:\/\/api.w.org\/{rel}","templated":true}]}}