{"id":326,"date":"2026-02-15T23:14:48","date_gmt":"2026-02-15T20:14:48","guid":{"rendered":"https:\/\/berkfa.site\/?page_id=326"},"modified":"2026-04-01T15:25:51","modified_gmt":"2026-04-01T12:25:51","slug":"documents-certificates","status":"publish","type":"page","link":"https:\/\/berkfa.com\/tr\/products-and-services\/documents-certificates\/","title":{"rendered":"DOK\u00dcMANLAR &amp; SERT\u0130F\u0130KALAR"},"content":{"rendered":"<div data-elementor-type=\"wp-page\" data-elementor-id=\"326\" class=\"elementor elementor-326\">\n\t\t\t\t<div class=\"elementor-element elementor-element-3835369 e-flex e-con-boxed e-con e-parent\" data-id=\"3835369\" data-element_type=\"container\" data-e-type=\"container\" data-settings=\"{&quot;background_background&quot;:&quot;classic&quot;}\">\n\t\t\t\t\t<div class=\"e-con-inner\">\n\t\t\t\t<div class=\"elementor-element elementor-element-5fcdad7 elementor-widget__width-initial elementor-absolute elementor-widget elementor-widget-spacer\" data-id=\"5fcdad7\" data-element_type=\"widget\" data-e-type=\"widget\" data-settings=\"{&quot;_position&quot;:&quot;absolute&quot;}\" data-widget_type=\"spacer.default\">\n\t\t\t\t\t\t\t<div class=\"elementor-spacer\">\n\t\t\t<div class=\"elementor-spacer-inner\"><\/div>\n\t\t<\/div>\n\t\t\t\t\t\t<\/div>\n\t\t\t\t<div class=\"elementor-element elementor-element-9af2639 elementor-widget__width-initial elementor-absolute elementor-widget elementor-widget-spacer\" data-id=\"9af2639\" data-element_type=\"widget\" data-e-type=\"widget\" data-settings=\"{&quot;_position&quot;:&quot;absolute&quot;}\" data-widget_type=\"spacer.default\">\n\t\t\t\t\t\t\t<div class=\"elementor-spacer\">\n\t\t\t<div class=\"elementor-spacer-inner\"><\/div>\n\t\t<\/div>\n\t\t\t\t\t\t<\/div>\n\t\t\t\t<div class=\"elementor-element elementor-element-9f4d34c elementor-widget__width-initial elementor-absolute elementor-widget elementor-widget-spacer\" data-id=\"9f4d34c\" data-element_type=\"widget\" data-e-type=\"widget\" data-settings=\"{&quot;_position&quot;:&quot;absolute&quot;}\" data-widget_type=\"spacer.default\">\n\t\t\t\t\t\t\t<div class=\"elementor-spacer\">\n\t\t\t<div class=\"elementor-spacer-inner\"><\/div>\n\t\t<\/div>\n\t\t\t\t\t\t<\/div>\n\t\t<div class=\"elementor-element elementor-element-aa1ee23 e-flex e-con-boxed e-con e-child\" data-id=\"aa1ee23\" data-element_type=\"container\" data-e-type=\"container\">\n\t\t\t\t\t<div class=\"e-con-inner\">\n\t\t<div class=\"elementor-element elementor-element-93abe4f e-con-full e-flex e-con e-child\" data-id=\"93abe4f\" data-element_type=\"container\" data-e-type=\"container\">\n\t\t\t\t<div class=\"elementor-element elementor-element-e8e783f elementor-widget__width-inherit elementor-invisible elementor-widget elementor-widget-heading\" data-id=\"e8e783f\" data-element_type=\"widget\" data-e-type=\"widget\" data-settings=\"{&quot;_animation&quot;:&quot;fadeInDown&quot;}\" data-widget_type=\"heading.default\">\n\t\t\t\t\t<h1 class=\"elementor-heading-title elementor-size-default\">DOK\u00dcMANLAR &amp; SERT\u0130F\u0130KALAR<\/h1>\t\t\t\t<\/div>\n\t\t\t\t<\/div>\n\t\t\t\t<div class=\"elementor-element elementor-element-341ca7b elementor-widget__width-initial elementor-widget-mobile__width-initial elementor-invisible elementor-widget elementor-widget-text-editor\" data-id=\"341ca7b\" data-element_type=\"widget\" data-e-type=\"widget\" data-settings=\"{&quot;_animation&quot;:&quot;fadeInUp&quot;}\" data-widget_type=\"text-editor.default\">\n\t\t\t\t\t\t\t\t\t<p>Kalite, uygunluk ve g\u00fcvene dair temel referanslar\u0131m\u0131z<\/p>\t\t\t\t\t\t\t\t<\/div>\n\t\t\t\t\t<\/div>\n\t\t\t\t<\/div>\n\t\t\t\t\t<\/div>\n\t\t\t\t<\/div>\n\t\t<div class=\"elementor-element elementor-element-386c2366 e-flex e-con-boxed e-con e-parent\" data-id=\"386c2366\" data-element_type=\"container\" data-e-type=\"container\">\n\t\t\t\t\t<div class=\"e-con-inner\">\n\t\t<div class=\"elementor-element elementor-element-2415d2ac e-flex e-con-boxed e-con e-child\" data-id=\"2415d2ac\" data-element_type=\"container\" data-e-type=\"container\">\n\t\t\t\t\t<div class=\"e-con-inner\">\n\t\t\t\t<div class=\"elementor-element elementor-element-2fd2a6a elementor-widget elementor-widget-image\" data-id=\"2fd2a6a\" data-element_type=\"widget\" data-e-type=\"widget\" data-widget_type=\"image.default\">\n\t\t\t\t\t\t\t\t\t\t\t\t\t\t\t<img fetchpriority=\"high\" decoding=\"async\" width=\"683\" height=\"1024\" src=\"https:\/\/berkfa.com\/wp-content\/uploads\/2026\/03\/42-683x1024.jpg\" class=\"attachment-large size-large wp-image-1166\" alt=\"\" srcset=\"https:\/\/berkfa.com\/wp-content\/uploads\/2026\/03\/42-683x1024.jpg 683w, https:\/\/berkfa.com\/wp-content\/uploads\/2026\/03\/42-200x300.jpg 200w, https:\/\/berkfa.com\/wp-content\/uploads\/2026\/03\/42-768x1152.jpg 768w, https:\/\/berkfa.com\/wp-content\/uploads\/2026\/03\/42-8x12.jpg 8w, https:\/\/berkfa.com\/wp-content\/uploads\/2026\/03\/42.jpg 1024w\" sizes=\"(max-width: 683px) 100vw, 683px\" \/>\t\t\t\t\t\t\t\t\t\t\t\t\t\t\t<\/div>\n\t\t<div class=\"elementor-element elementor-element-2aa8356c e-con-full e-flex e-con e-child\" data-id=\"2aa8356c\" data-element_type=\"container\" data-e-type=\"container\">\n\t\t\t\t<div class=\"elementor-element elementor-element-34af924 elementor-invisible elementor-widget elementor-widget-heading\" data-id=\"34af924\" data-element_type=\"widget\" data-e-type=\"widget\" data-settings=\"{&quot;_animation&quot;:&quot;fadeInUp&quot;}\" data-widget_type=\"heading.default\">\n\t\t\t\t\t<h2 class=\"elementor-heading-title elementor-size-default\">KAL\u0130TE POL\u0130T\u0130KAMIZ<\/h2>\t\t\t\t<\/div>\n\t\t\t\t<div class=\"elementor-element elementor-element-60380b0 elementor-widget-divider--view-line elementor-widget elementor-widget-divider\" data-id=\"60380b0\" data-element_type=\"widget\" data-e-type=\"widget\" data-widget_type=\"divider.default\">\n\t\t\t\t\t\t\t<div class=\"elementor-divider\">\n\t\t\t<span class=\"elementor-divider-separator\">\n\t\t\t\t\t\t<\/span>\n\t\t<\/div>\n\t\t\t\t\t\t<\/div>\n\t\t\t\t<div class=\"elementor-element elementor-element-7496cbd6 elementor-widget elementor-widget-text-editor\" data-id=\"7496cbd6\" data-element_type=\"widget\" data-e-type=\"widget\" data-widget_type=\"text-editor.default\">\n\t\t\t\t\t\t\t\t\t<p>Berkfa olarak; mobilya kenar band\u0131 ve tamamlay\u0131c\u0131 \u00fcr\u00fcn gruplar\u0131nda, m\u00fc\u015fteri ve i\u015f ortaklar\u0131m\u0131z\u0131n beklentilerini eksiksiz kar\u015f\u0131lamay\u0131 ve faaliyetlerimizi yasal sorumluluklar\u0131m\u0131z \u00e7er\u00e7evesinde y\u00fcr\u00fctmeyi temel kalite anlay\u0131\u015f\u0131m\u0131z olarak benimsiyoruz. T\u00fcm s\u00fcre\u00e7lerimizde kaliteyi s\u00fcreklilik g\u00f6steren bir de\u011fer olarak ele al\u0131yoruz.<br \/>\u00dcr\u00fcn ve hizmet kalitesinin istikrarl\u0131 \u015fekilde s\u00fcrd\u00fcr\u00fclebilmesi i\u00e7in tedarikten sevkiyata kadar t\u00fcm a\u015famalarda kontroll\u00fc ve planl\u0131 bir \u00e7al\u0131\u015fma anlay\u0131\u015f\u0131yla hareket ediyoruz. Ayn\u0131 zamanda \u00e7evreye duyarl\u0131 bir yakla\u015f\u0131m\u0131 benimseyerek, kaynaklar\u0131n verimli kullan\u0131lmas\u0131na, at\u0131klar\u0131n azalt\u0131lmas\u0131na ve s\u00fcrd\u00fcr\u00fclebilir \u00fcretim anlay\u0131\u015f\u0131n\u0131n yayg\u0131nla\u015ft\u0131r\u0131lmas\u0131na \u00f6nem veriyoruz.<br \/>\u00c7al\u0131\u015fanlar\u0131m\u0131z\u0131n geli\u015fimini desteklemeyi, kalite bilincini kurum k\u00fclt\u00fcr\u00fcm\u00fcz\u00fcn bir par\u00e7as\u0131 haline getirmeyi ve i\u015f ortaklar\u0131m\u0131zla kar\u015f\u0131l\u0131kl\u0131 g\u00fcvene dayal\u0131 ili\u015fkiler kurmay\u0131 \u00f6ncelikli g\u00f6r\u00fcyoruz. M\u00fc\u015fterilerimizden ald\u0131\u011f\u0131m\u0131z geri bildirimleri, hizmet kalitemizi ve \u00e7evresel yakla\u015f\u0131m\u0131m\u0131z\u0131 geli\u015ftiren \u00f6nemli birer rehber olarak de\u011ferlendiriyoruz.<br \/>Berkfa, kalite ve \u00e7evre bilincini birlikte ele alarak; m\u00fc\u015fteri memnuniyetini art\u0131rmay\u0131, rekabet g\u00fcc\u00fcn\u00fc g\u00fc\u00e7lendirmeyi ve ulusal ile uluslararas\u0131 pazarlarda s\u00fcrd\u00fcr\u00fclebilir bir marka olarak b\u00fcy\u00fcmeyi hedefler.<\/p><p>\u00a0<\/p>\t\t\t\t\t\t\t\t<\/div>\n\t\t\t\t<\/div>\n\t\t\t\t\t<\/div>\n\t\t\t\t<\/div>\n\t\t<div class=\"elementor-element elementor-element-395bcdcc e-flex e-con-boxed e-con e-child\" data-id=\"395bcdcc\" data-element_type=\"container\" data-e-type=\"container\">\n\t\t\t\t\t<div class=\"e-con-inner\">\n\t\t<div class=\"elementor-element elementor-element-92b4fa0 e-con-full e-flex e-con e-child\" data-id=\"92b4fa0\" data-element_type=\"container\" data-e-type=\"container\">\n\t\t\t\t<div class=\"elementor-element elementor-element-a787a59 elementor-invisible elementor-widget elementor-widget-heading\" data-id=\"a787a59\" data-element_type=\"widget\" data-e-type=\"widget\" data-settings=\"{&quot;_animation&quot;:&quot;fadeInUp&quot;}\" data-widget_type=\"heading.default\">\n\t\t\t\t\t<h2 class=\"elementor-heading-title elementor-size-default\">Dok\u00fcmanlar &amp; Sertifikalar<\/h2>\t\t\t\t<\/div>\n\t\t\t\t<div class=\"elementor-element elementor-element-15f5b5f elementor-widget-divider--view-line elementor-widget elementor-widget-divider\" data-id=\"15f5b5f\" data-element_type=\"widget\" data-e-type=\"widget\" data-widget_type=\"divider.default\">\n\t\t\t\t\t\t\t<div class=\"elementor-divider\">\n\t\t\t<span class=\"elementor-divider-separator\">\n\t\t\t\t\t\t<\/span>\n\t\t<\/div>\n\t\t\t\t\t\t<\/div>\n\t\t<div class=\"elementor-element elementor-element-8f068a4 e-grid e-con-full e-con e-child\" data-id=\"8f068a4\" data-element_type=\"container\" data-e-type=\"container\">\n\t\t<div class=\"elementor-element elementor-element-5d583e9 e-con-full e-flex e-con e-child\" data-id=\"5d583e9\" data-element_type=\"container\" data-e-type=\"container\">\n\t\t\t\t<div class=\"elementor-element elementor-element-1b3efa8 elementor-widget elementor-widget-image\" data-id=\"1b3efa8\" data-element_type=\"widget\" data-e-type=\"widget\" data-widget_type=\"image.default\">\n\t\t\t\t\t\t\t\t\t\t\t\t\t\t\t<img decoding=\"async\" width=\"800\" height=\"671\" src=\"https:\/\/berkfa.com\/wp-content\/uploads\/2026\/03\/17-1.jpg\" class=\"attachment-large size-large wp-image-1247\" alt=\"\" srcset=\"https:\/\/berkfa.com\/wp-content\/uploads\/2026\/03\/17-1.jpg 940w, https:\/\/berkfa.com\/wp-content\/uploads\/2026\/03\/17-1-300x251.jpg 300w, https:\/\/berkfa.com\/wp-content\/uploads\/2026\/03\/17-1-768x644.jpg 768w, https:\/\/berkfa.com\/wp-content\/uploads\/2026\/03\/17-1-14x12.jpg 14w\" sizes=\"(max-width: 800px) 100vw, 800px\" \/>\t\t\t\t\t\t\t\t\t\t\t\t\t\t\t<\/div>\n\t\t\t\t<div class=\"elementor-element elementor-element-ae50243 elementor-align-center elementor-widget elementor-widget-button\" data-id=\"ae50243\" data-element_type=\"widget\" data-e-type=\"widget\" data-widget_type=\"button.default\">\n\t\t\t\t\t\t\t\t\t\t<a class=\"elementor-button elementor-button-link elementor-size-sm\" href=\"\/wp-content\/uploads\/2026\/03\/BERKFA-ISO-9001.pdf\" target=\"_blank\" id=\"\u0130ND\u0130R\">\n\t\t\t\t\t\t<span class=\"elementor-button-content-wrapper\">\n\t\t\t\t\t\t\t\t\t<span class=\"elementor-button-text\">G\u00d6R\u00dcNT\u00dcLE<\/span>\n\t\t\t\t\t<\/span>\n\t\t\t\t\t<\/a>\n\t\t\t\t\t\t\t\t<\/div>\n\t\t\t\t<\/div>\n\t\t<div class=\"elementor-element elementor-element-c4508c2 e-con-full e-flex e-con e-child\" data-id=\"c4508c2\" data-element_type=\"container\" data-e-type=\"container\">\n\t\t\t\t<div class=\"elementor-element elementor-element-da7e7e9 elementor-widget elementor-widget-image\" data-id=\"da7e7e9\" data-element_type=\"widget\" data-e-type=\"widget\" data-widget_type=\"image.default\">\n\t\t\t\t\t\t\t\t\t\t\t\t\t\t\t<img decoding=\"async\" width=\"800\" height=\"671\" src=\"https:\/\/berkfa.com\/wp-content\/uploads\/2026\/03\/19-1.jpg\" class=\"attachment-large size-large wp-image-1245\" alt=\"\" srcset=\"https:\/\/berkfa.com\/wp-content\/uploads\/2026\/03\/19-1.jpg 940w, https:\/\/berkfa.com\/wp-content\/uploads\/2026\/03\/19-1-300x251.jpg 300w, https:\/\/berkfa.com\/wp-content\/uploads\/2026\/03\/19-1-768x644.jpg 768w, https:\/\/berkfa.com\/wp-content\/uploads\/2026\/03\/19-1-14x12.jpg 14w\" sizes=\"(max-width: 800px) 100vw, 800px\" \/>\t\t\t\t\t\t\t\t\t\t\t\t\t\t\t<\/div>\n\t\t\t\t<div class=\"elementor-element elementor-element-dbc8d87 elementor-align-center elementor-widget elementor-widget-button\" data-id=\"dbc8d87\" data-element_type=\"widget\" data-e-type=\"widget\" data-widget_type=\"button.default\">\n\t\t\t\t\t\t\t\t\t\t<a class=\"elementor-button elementor-button-link elementor-size-sm\" href=\"\/wp-content\/uploads\/2026\/03\/BERKFA-ISO10002.pdf\" target=\"_blank\" id=\"\u0130ND\u0130R\">\n\t\t\t\t\t\t<span class=\"elementor-button-content-wrapper\">\n\t\t\t\t\t\t\t\t\t<span class=\"elementor-button-text\">G\u00d6R\u00dcNT\u00dcLE<\/span>\n\t\t\t\t\t<\/span>\n\t\t\t\t\t<\/a>\n\t\t\t\t\t\t\t\t<\/div>\n\t\t\t\t<\/div>\n\t\t<div class=\"elementor-element elementor-element-084cc24 e-con-full e-flex e-con e-child\" data-id=\"084cc24\" data-element_type=\"container\" data-e-type=\"container\">\n\t\t\t\t<div class=\"elementor-element elementor-element-93be33b elementor-widget elementor-widget-image\" data-id=\"93be33b\" data-element_type=\"widget\" data-e-type=\"widget\" data-widget_type=\"image.default\">\n\t\t\t\t\t\t\t\t\t\t\t\t\t\t\t<img loading=\"lazy\" decoding=\"async\" width=\"800\" height=\"671\" src=\"https:\/\/berkfa.com\/wp-content\/uploads\/2026\/03\/18-1.jpg\" class=\"attachment-large size-large wp-image-1246\" alt=\"\" srcset=\"https:\/\/berkfa.com\/wp-content\/uploads\/2026\/03\/18-1.jpg 940w, https:\/\/berkfa.com\/wp-content\/uploads\/2026\/03\/18-1-300x251.jpg 300w, https:\/\/berkfa.com\/wp-content\/uploads\/2026\/03\/18-1-768x644.jpg 768w, https:\/\/berkfa.com\/wp-content\/uploads\/2026\/03\/18-1-14x12.jpg 14w\" sizes=\"(max-width: 800px) 100vw, 800px\" \/>\t\t\t\t\t\t\t\t\t\t\t\t\t\t\t<\/div>\n\t\t\t\t<div class=\"elementor-element elementor-element-30c4db6 elementor-align-center elementor-widget elementor-widget-button\" data-id=\"30c4db6\" data-element_type=\"widget\" data-e-type=\"widget\" data-widget_type=\"button.default\">\n\t\t\t\t\t\t\t\t\t\t<a class=\"elementor-button elementor-button-link elementor-size-sm\" href=\"\/wp-content\/uploads\/2026\/03\/BERKFA-ISO14001.pdf\" target=\"_blank\" id=\"\u0130ND\u0130R\">\n\t\t\t\t\t\t<span class=\"elementor-button-content-wrapper\">\n\t\t\t\t\t\t\t\t\t<span class=\"elementor-button-text\">G\u00d6R\u00dcNT\u00dcLE<\/span>\n\t\t\t\t\t<\/span>\n\t\t\t\t\t<\/a>\n\t\t\t\t\t\t\t\t<\/div>\n\t\t\t\t<\/div>\n\t\t<div class=\"elementor-element elementor-element-df464a8 e-con-full e-flex e-con e-child\" data-id=\"df464a8\" data-element_type=\"container\" data-e-type=\"container\">\n\t\t\t\t<div class=\"elementor-element elementor-element-0b46cc7 elementor-widget elementor-widget-image\" data-id=\"0b46cc7\" data-element_type=\"widget\" data-e-type=\"widget\" data-widget_type=\"image.default\">\n\t\t\t\t\t\t\t\t\t\t\t\t\t\t\t<img loading=\"lazy\" decoding=\"async\" width=\"800\" height=\"671\" src=\"https:\/\/berkfa.com\/wp-content\/uploads\/2026\/03\/20-1.jpg\" class=\"attachment-large size-large wp-image-1244\" alt=\"\" srcset=\"https:\/\/berkfa.com\/wp-content\/uploads\/2026\/03\/20-1.jpg 940w, https:\/\/berkfa.com\/wp-content\/uploads\/2026\/03\/20-1-300x251.jpg 300w, https:\/\/berkfa.com\/wp-content\/uploads\/2026\/03\/20-1-768x644.jpg 768w, https:\/\/berkfa.com\/wp-content\/uploads\/2026\/03\/20-1-14x12.jpg 14w\" sizes=\"(max-width: 800px) 100vw, 800px\" \/>\t\t\t\t\t\t\t\t\t\t\t\t\t\t\t<\/div>\n\t\t\t\t<div class=\"elementor-element elementor-element-0e6e300 elementor-align-center elementor-widget elementor-widget-button\" data-id=\"0e6e300\" data-element_type=\"widget\" data-e-type=\"widget\" data-widget_type=\"button.default\">\n\t\t\t\t\t\t\t\t\t\t<a class=\"elementor-button elementor-button-link elementor-size-sm\" href=\"\/wp-content\/uploads\/2026\/03\/BERKFA-MARKA-TESCIL-BELGESI.pdf\" target=\"_blank\" id=\"\u0130ND\u0130R\">\n\t\t\t\t\t\t<span class=\"elementor-button-content-wrapper\">\n\t\t\t\t\t\t\t\t\t<span class=\"elementor-button-text\">G\u00d6R\u00dcNT\u00dcLE<\/span>\n\t\t\t\t\t<\/span>\n\t\t\t\t\t<\/a>\n\t\t\t\t\t\t\t\t<\/div>\n\t\t\t\t<\/div>\n\t\t<div class=\"elementor-element elementor-element-3816261 e-con-full e-flex e-con e-child\" data-id=\"3816261\" data-element_type=\"container\" data-e-type=\"container\">\n\t\t\t\t<div class=\"elementor-element elementor-element-739764b elementor-widget elementor-widget-image\" data-id=\"739764b\" data-element_type=\"widget\" data-e-type=\"widget\" data-widget_type=\"image.default\">\n\t\t\t\t\t\t\t\t\t\t\t\t\t\t\t<img loading=\"lazy\" decoding=\"async\" width=\"800\" height=\"671\" src=\"https:\/\/berkfa.com\/wp-content\/uploads\/2026\/03\/21-1.jpg\" class=\"attachment-large size-large wp-image-1243\" alt=\"\" srcset=\"https:\/\/berkfa.com\/wp-content\/uploads\/2026\/03\/21-1.jpg 940w, https:\/\/berkfa.com\/wp-content\/uploads\/2026\/03\/21-1-300x251.jpg 300w, https:\/\/berkfa.com\/wp-content\/uploads\/2026\/03\/21-1-768x644.jpg 768w, https:\/\/berkfa.com\/wp-content\/uploads\/2026\/03\/21-1-14x12.jpg 14w\" sizes=\"(max-width: 800px) 100vw, 800px\" \/>\t\t\t\t\t\t\t\t\t\t\t\t\t\t\t<\/div>\n\t\t\t\t<div class=\"elementor-element elementor-element-4c78a87 elementor-align-center elementor-widget elementor-widget-button\" data-id=\"4c78a87\" data-element_type=\"widget\" data-e-type=\"widget\" data-widget_type=\"button.default\">\n\t\t\t\t\t\t\t\t\t\t<a class=\"elementor-button elementor-button-link elementor-size-sm\" href=\"\/wp-content\/uploads\/2026\/03\/DECOMELT-MARKA-TESCIL-BELGESI.pdf\" target=\"_blank\" id=\"\u0130ND\u0130R\">\n\t\t\t\t\t\t<span class=\"elementor-button-content-wrapper\">\n\t\t\t\t\t\t\t\t\t<span class=\"elementor-button-text\">G\u00d6R\u00dcNT\u00dcLE<\/span>\n\t\t\t\t\t<\/span>\n\t\t\t\t\t<\/a>\n\t\t\t\t\t\t\t\t<\/div>\n\t\t\t\t<\/div>\n\t\t\t\t<\/div>\n\t\t\t\t<\/div>\n\t\t\t\t\t<\/div>\n\t\t\t\t<\/div>\n\t\t\t\t\t<\/div>\n\t\t\t\t<\/div>\n\t\t<div class=\"elementor-element elementor-element-df5d022 e-con-full e-flex e-con e-parent\" data-id=\"df5d022\" data-element_type=\"container\" data-e-type=\"container\" data-settings=\"{&quot;background_background&quot;:&quot;classic&quot;}\">\n\t\t<div class=\"elementor-element elementor-element-f0b2280 e-flex e-con-boxed e-con e-child\" data-id=\"f0b2280\" data-element_type=\"container\" data-e-type=\"container\">\n\t\t\t\t\t<div class=\"e-con-inner\">\n\t\t\t\t<div class=\"elementor-element elementor-element-3ac5d66 elementor-widget__width-initial elementor-invisible elementor-widget elementor-widget-heading\" data-id=\"3ac5d66\" data-element_type=\"widget\" data-e-type=\"widget\" data-settings=\"{&quot;_animation&quot;:&quot;fadeInUp&quot;}\" data-widget_type=\"heading.default\">\n\t\t\t\t\t<h2 class=\"elementor-heading-title elementor-size-default\">Profesyonel Kenar Band\u0131 \u00c7\u00f6z\u00fcmleri<\/h2>\t\t\t\t<\/div>\n\t\t\t\t<div class=\"elementor-element elementor-element-f35ee8b elementor-invisible elementor-widget elementor-widget-text-editor\" data-id=\"f35ee8b\" data-element_type=\"widget\" data-e-type=\"widget\" data-settings=\"{&quot;_animation&quot;:&quot;fadeInUp&quot;}\" data-widget_type=\"text-editor.default\">\n\t\t\t\t\t\t\t\t\t<p>D\u00fcnya genelindeki mobilya \u00fcreticileri i\u00e7in profesyonel kenar band\u0131 \u00e7\u00f6z\u00fcmleri, yard\u0131mc\u0131 ekipman ve makineler.<\/p>\t\t\t\t\t\t\t\t<\/div>\n\t\t\t\t<div class=\"elementor-element elementor-element-9570bc3 elementor-align-center elementor-invisible elementor-widget elementor-widget-button\" data-id=\"9570bc3\" data-element_type=\"widget\" data-e-type=\"widget\" data-settings=\"{&quot;_animation&quot;:&quot;fadeIn&quot;,&quot;_animation_delay&quot;:480}\" data-widget_type=\"button.default\">\n\t\t\t\t\t\t\t\t\t\t<a class=\"elementor-button elementor-button-link elementor-size-sm\" href=\"https:\/\/berkfa.com\/tr\/contact\/\">\n\t\t\t\t\t\t<span class=\"elementor-button-content-wrapper\">\n\t\t\t\t\t\t\t\t\t<span class=\"elementor-button-text\">Bize ula\u015f\u0131n<\/span>\n\t\t\t\t\t<\/span>\n\t\t\t\t\t<\/a>\n\t\t\t\t\t\t\t\t<\/div>\n\t\t\t\t\t<\/div>\n\t\t\t\t<\/div>\n\t\t\t\t<\/div>\n\t\t\t\t<\/div>","protected":false},"excerpt":{"rendered":"<p>DOCUMENTS &amp; CERTIFICATES Our standards, certifications, and quality-driven approach in one place. Quality Policy At Berkfa, we adopt a quality approach that aims to fully meet the expectations of our customers and business partners while conducting all our activities in compliance with applicable legal and regulatory requirements. We regard quality as a continuous and integral [&hellip;]<\/p>","protected":false},"author":1,"featured_media":0,"parent":219,"menu_order":0,"comment_status":"closed","ping_status":"closed","template":"elementor_header_footer","meta":{"footnotes":""},"class_list":["post-326","page","type-page","status-publish","hentry"],"_links":{"self":[{"href":"https:\/\/berkfa.com\/tr\/wp-json\/wp\/v2\/pages\/326","targetHints":{"allow":["GET"]}}],"collection":[{"href":"https:\/\/berkfa.com\/tr\/wp-json\/wp\/v2\/pages"}],"about":[{"href":"https:\/\/berkfa.com\/tr\/wp-json\/wp\/v2\/types\/page"}],"author":[{"embeddable":true,"href":"https:\/\/berkfa.com\/tr\/wp-json\/wp\/v2\/users\/1"}],"replies":[{"embeddable":true,"href":"https:\/\/berkfa.com\/tr\/wp-json\/wp\/v2\/comments?post=326"}],"version-history":[{"count":97,"href":"https:\/\/berkfa.com\/tr\/wp-json\/wp\/v2\/pages\/326\/revisions"}],"predecessor-version":[{"id":1353,"href":"https:\/\/berkfa.com\/tr\/wp-json\/wp\/v2\/pages\/326\/revisions\/1353"}],"up":[{"embeddable":true,"href":"https:\/\/berkfa.com\/tr\/wp-json\/wp\/v2\/pages\/219"}],"wp:attachment":[{"href":"https:\/\/berkfa.com\/tr\/wp-json\/wp\/v2\/media?parent=326"}],"curies":[{"name":"wp","href":"https:\/\/api.w.org\/{rel}","templated":true}]}}