{"id":386,"date":"2026-02-15T23:35:35","date_gmt":"2026-02-15T20:35:35","guid":{"rendered":"https:\/\/berkfa.site\/?page_id=386"},"modified":"2026-04-01T15:25:48","modified_gmt":"2026-04-01T12:25:48","slug":"newsroom","status":"publish","type":"page","link":"https:\/\/berkfa.com\/tr\/newsroom\/","title":{"rendered":"HABERLER &amp; BLOG"},"content":{"rendered":"<div data-elementor-type=\"wp-page\" data-elementor-id=\"386\" class=\"elementor elementor-386\">\n\t\t\t\t<div class=\"elementor-element elementor-element-aa9badc e-flex e-con-boxed e-con e-parent\" data-id=\"aa9badc\" data-element_type=\"container\" data-e-type=\"container\" data-settings=\"{&quot;background_background&quot;:&quot;classic&quot;}\">\n\t\t\t\t\t<div class=\"e-con-inner\">\n\t\t\t\t<div class=\"elementor-element elementor-element-dd2116f elementor-widget__width-initial elementor-absolute elementor-widget elementor-widget-spacer\" data-id=\"dd2116f\" data-element_type=\"widget\" data-e-type=\"widget\" data-settings=\"{&quot;_position&quot;:&quot;absolute&quot;}\" data-widget_type=\"spacer.default\">\n\t\t\t\t\t\t\t<div class=\"elementor-spacer\">\n\t\t\t<div class=\"elementor-spacer-inner\"><\/div>\n\t\t<\/div>\n\t\t\t\t\t\t<\/div>\n\t\t\t\t<div class=\"elementor-element elementor-element-4e47bd4 elementor-widget__width-initial elementor-absolute elementor-widget elementor-widget-spacer\" data-id=\"4e47bd4\" data-element_type=\"widget\" data-e-type=\"widget\" data-settings=\"{&quot;_position&quot;:&quot;absolute&quot;}\" data-widget_type=\"spacer.default\">\n\t\t\t\t\t\t\t<div class=\"elementor-spacer\">\n\t\t\t<div class=\"elementor-spacer-inner\"><\/div>\n\t\t<\/div>\n\t\t\t\t\t\t<\/div>\n\t\t\t\t<div class=\"elementor-element elementor-element-e49344d elementor-widget__width-initial elementor-absolute elementor-widget elementor-widget-spacer\" data-id=\"e49344d\" data-element_type=\"widget\" data-e-type=\"widget\" data-settings=\"{&quot;_position&quot;:&quot;absolute&quot;}\" data-widget_type=\"spacer.default\">\n\t\t\t\t\t\t\t<div class=\"elementor-spacer\">\n\t\t\t<div class=\"elementor-spacer-inner\"><\/div>\n\t\t<\/div>\n\t\t\t\t\t\t<\/div>\n\t\t<div class=\"elementor-element elementor-element-33cd104 e-flex e-con-boxed e-con e-child\" data-id=\"33cd104\" data-element_type=\"container\" data-e-type=\"container\">\n\t\t\t\t\t<div class=\"e-con-inner\">\n\t\t<div class=\"elementor-element elementor-element-4b9f91d e-con-full e-flex e-con e-child\" data-id=\"4b9f91d\" data-element_type=\"container\" data-e-type=\"container\">\n\t\t\t\t<div class=\"elementor-element elementor-element-520e726 elementor-widget__width-inherit elementor-invisible elementor-widget elementor-widget-heading\" data-id=\"520e726\" data-element_type=\"widget\" data-e-type=\"widget\" data-settings=\"{&quot;_animation&quot;:&quot;fadeInDown&quot;}\" data-widget_type=\"heading.default\">\n\t\t\t\t\t<h1 class=\"elementor-heading-title elementor-size-default\">HABERLER<\/h1>\t\t\t\t<\/div>\n\t\t\t\t<\/div>\n\t\t\t\t<div class=\"elementor-element elementor-element-af58cd2 elementor-widget__width-initial elementor-widget-mobile__width-initial elementor-invisible elementor-widget elementor-widget-text-editor\" data-id=\"af58cd2\" data-element_type=\"widget\" data-e-type=\"widget\" data-settings=\"{&quot;_animation&quot;:&quot;fadeInUp&quot;}\" data-widget_type=\"text-editor.default\">\n\t\t\t\t\t\t\t\t\t<p>Fuarlar, etkinlikler ve \u015firketimizden son geli\u015fmeler<\/p>\t\t\t\t\t\t\t\t<\/div>\n\t\t\t\t\t<\/div>\n\t\t\t\t<\/div>\n\t\t\t\t\t<\/div>\n\t\t\t\t<\/div>\n\t\t<div class=\"elementor-element elementor-element-b99fd06 e-flex e-con-boxed e-con e-parent\" data-id=\"b99fd06\" data-element_type=\"container\" data-e-type=\"container\" data-settings=\"{&quot;background_background&quot;:&quot;classic&quot;}\">\n\t\t\t\t\t<div class=\"e-con-inner\">\n\t\t<div class=\"elementor-element elementor-element-d8d2439 e-con-full e-flex e-con e-child\" data-id=\"d8d2439\" data-element_type=\"container\" data-e-type=\"container\">\n\t\t\t\t<div class=\"elementor-element elementor-element-2301a1e elementor-invisible elementor-widget elementor-widget-heading\" data-id=\"2301a1e\" data-element_type=\"widget\" data-e-type=\"widget\" data-settings=\"{&quot;_animation&quot;:&quot;fadeInUp&quot;}\" data-widget_type=\"heading.default\">\n\t\t\t\t\t<h2 class=\"elementor-heading-title elementor-size-default\">HABERLER &amp; BLOG<\/h2>\t\t\t\t<\/div>\n\t\t\t\t<\/div>\n\t\t<div class=\"elementor-element elementor-element-474b320 e-con-full e-flex elementor-invisible e-con e-child\" data-id=\"474b320\" data-element_type=\"container\" data-e-type=\"container\" data-settings=\"{&quot;animation&quot;:&quot;fadeInUp&quot;}\">\n\t\t<div class=\"elementor-element elementor-element-bc1f51b e-con-full e-flex e-con e-child\" data-id=\"bc1f51b\" data-element_type=\"container\" data-e-type=\"container\" data-settings=\"{&quot;background_background&quot;:&quot;classic&quot;}\">\n\t\t\t\t<div class=\"elementor-element elementor-element-5804f07 elementor-widget elementor-widget-image\" data-id=\"5804f07\" data-element_type=\"widget\" data-e-type=\"widget\" data-widget_type=\"image.default\">\n\t\t\t\t\t\t\t\t\t\t\t\t\t\t\t<img fetchpriority=\"high\" decoding=\"async\" width=\"800\" height=\"561\" src=\"https:\/\/berkfa.com\/wp-content\/uploads\/2026\/02\/1-1024x718.jpg\" class=\"attachment-large size-large wp-image-301\" alt=\"\" srcset=\"https:\/\/berkfa.com\/wp-content\/uploads\/2026\/02\/1-1024x718.jpg 1024w, https:\/\/berkfa.com\/wp-content\/uploads\/2026\/02\/1-300x210.jpg 300w, https:\/\/berkfa.com\/wp-content\/uploads\/2026\/02\/1-768x538.jpg 768w, https:\/\/berkfa.com\/wp-content\/uploads\/2026\/02\/1-18x12.jpg 18w, https:\/\/berkfa.com\/wp-content\/uploads\/2026\/02\/1.jpg 1141w\" sizes=\"(max-width: 800px) 100vw, 800px\" \/>\t\t\t\t\t\t\t\t\t\t\t\t\t\t\t<\/div>\n\t\t\t\t<div class=\"elementor-element elementor-element-4c28bd3 elementor-widget elementor-widget-elementskit-heading\" data-id=\"4c28bd3\" data-element_type=\"widget\" data-e-type=\"widget\" data-widget_type=\"elementskit-heading.default\">\n\t\t\t\t\t<div class=\"ekit-wid-con\" ><div class=\"ekit-heading elementskit-section-title-wraper text_center   ekit_heading_tablet-   ekit_heading_mobile-\"><h3 class=\"ekit-heading--title elementskit-section-title\">TEST<\/h3>\t\t\t\t<div class='ekit-heading__description'>\n\t\t\t\t\t<p>Est quis scelerisque dis tellus aliquet fames arcu ad rhoncus. Donec et inceptos a blandit tempor. Nisi nostra congue montes odio sem posuere sapien diam.<\/p>\n\t\t\t\t<\/div>\n\t\t\t<\/div><\/div>\t\t\t\t<\/div>\n\t\t\t\t<div class=\"elementor-element elementor-element-6b1d64d elementor-align-center elementor-widget elementor-widget-button\" data-id=\"6b1d64d\" data-element_type=\"widget\" data-e-type=\"widget\" data-widget_type=\"button.default\">\n\t\t\t\t\t\t\t\t\t\t<a class=\"elementor-button elementor-button-link elementor-size-sm\" href=\"https:\/\/berkfa.com\/tr\/2026\/02\/15\/test\/\">\n\t\t\t\t\t\t<span class=\"elementor-button-content-wrapper\">\n\t\t\t\t\t\t\t\t\t<span class=\"elementor-button-text\">DEVAMINI OKU<\/span>\n\t\t\t\t\t<\/span>\n\t\t\t\t\t<\/a>\n\t\t\t\t\t\t\t\t<\/div>\n\t\t\t\t<\/div>\n\t\t<div class=\"elementor-element elementor-element-4700af1 e-con-full e-flex e-con e-child\" data-id=\"4700af1\" data-element_type=\"container\" data-e-type=\"container\" data-settings=\"{&quot;background_background&quot;:&quot;classic&quot;}\">\n\t\t\t\t<div class=\"elementor-element elementor-element-1511eda elementor-widget elementor-widget-image\" data-id=\"1511eda\" data-element_type=\"widget\" data-e-type=\"widget\" data-widget_type=\"image.default\">\n\t\t\t\t\t\t\t\t\t\t\t\t\t\t\t<img fetchpriority=\"high\" decoding=\"async\" width=\"800\" height=\"561\" src=\"https:\/\/berkfa.com\/wp-content\/uploads\/2026\/02\/1-1024x718.jpg\" class=\"attachment-large size-large wp-image-301\" alt=\"\" srcset=\"https:\/\/berkfa.com\/wp-content\/uploads\/2026\/02\/1-1024x718.jpg 1024w, https:\/\/berkfa.com\/wp-content\/uploads\/2026\/02\/1-300x210.jpg 300w, https:\/\/berkfa.com\/wp-content\/uploads\/2026\/02\/1-768x538.jpg 768w, https:\/\/berkfa.com\/wp-content\/uploads\/2026\/02\/1-18x12.jpg 18w, https:\/\/berkfa.com\/wp-content\/uploads\/2026\/02\/1.jpg 1141w\" sizes=\"(max-width: 800px) 100vw, 800px\" \/>\t\t\t\t\t\t\t\t\t\t\t\t\t\t\t<\/div>\n\t\t\t\t<div class=\"elementor-element elementor-element-5c3eec9 elementor-widget elementor-widget-elementskit-heading\" data-id=\"5c3eec9\" data-element_type=\"widget\" data-e-type=\"widget\" data-widget_type=\"elementskit-heading.default\">\n\t\t\t\t\t<div class=\"ekit-wid-con\" ><div class=\"ekit-heading elementskit-section-title-wraper text_center   ekit_heading_tablet-   ekit_heading_mobile-\"><h3 class=\"ekit-heading--title elementskit-section-title\">TEST<\/h3>\t\t\t\t<div class='ekit-heading__description'>\n\t\t\t\t\t<p>Est quis scelerisque dis tellus aliquet fames arcu ad rhoncus. Donec et inceptos a blandit tempor. Nisi nostra congue montes odio sem posuere sapien diam.<\/p>\n\t\t\t\t<\/div>\n\t\t\t<\/div><\/div>\t\t\t\t<\/div>\n\t\t\t\t<div class=\"elementor-element elementor-element-9179108 elementor-align-center elementor-widget elementor-widget-button\" data-id=\"9179108\" data-element_type=\"widget\" data-e-type=\"widget\" data-widget_type=\"button.default\">\n\t\t\t\t\t\t\t\t\t\t<a class=\"elementor-button elementor-button-link elementor-size-sm\" href=\"https:\/\/berkfa.com\/tr\/2026\/02\/15\/test\/\">\n\t\t\t\t\t\t<span class=\"elementor-button-content-wrapper\">\n\t\t\t\t\t\t\t\t\t<span class=\"elementor-button-text\">DEVAMINI OKU<\/span>\n\t\t\t\t\t<\/span>\n\t\t\t\t\t<\/a>\n\t\t\t\t\t\t\t\t<\/div>\n\t\t\t\t<\/div>\n\t\t<div class=\"elementor-element elementor-element-1bcb27c e-con-full e-flex e-con e-child\" data-id=\"1bcb27c\" data-element_type=\"container\" data-e-type=\"container\" data-settings=\"{&quot;background_background&quot;:&quot;classic&quot;}\">\n\t\t\t\t<div class=\"elementor-element elementor-element-32b92ac elementor-widget elementor-widget-image\" data-id=\"32b92ac\" data-element_type=\"widget\" data-e-type=\"widget\" data-widget_type=\"image.default\">\n\t\t\t\t\t\t\t\t\t\t\t\t\t\t\t<img fetchpriority=\"high\" decoding=\"async\" width=\"800\" height=\"561\" src=\"https:\/\/berkfa.com\/wp-content\/uploads\/2026\/02\/1-1024x718.jpg\" class=\"attachment-large size-large wp-image-301\" alt=\"\" srcset=\"https:\/\/berkfa.com\/wp-content\/uploads\/2026\/02\/1-1024x718.jpg 1024w, https:\/\/berkfa.com\/wp-content\/uploads\/2026\/02\/1-300x210.jpg 300w, https:\/\/berkfa.com\/wp-content\/uploads\/2026\/02\/1-768x538.jpg 768w, https:\/\/berkfa.com\/wp-content\/uploads\/2026\/02\/1-18x12.jpg 18w, https:\/\/berkfa.com\/wp-content\/uploads\/2026\/02\/1.jpg 1141w\" sizes=\"(max-width: 800px) 100vw, 800px\" \/>\t\t\t\t\t\t\t\t\t\t\t\t\t\t\t<\/div>\n\t\t\t\t<div class=\"elementor-element elementor-element-71229fc elementor-widget elementor-widget-elementskit-heading\" data-id=\"71229fc\" data-element_type=\"widget\" data-e-type=\"widget\" data-widget_type=\"elementskit-heading.default\">\n\t\t\t\t\t<div class=\"ekit-wid-con\" ><div class=\"ekit-heading elementskit-section-title-wraper text_center   ekit_heading_tablet-   ekit_heading_mobile-\"><h3 class=\"ekit-heading--title elementskit-section-title\">TEST<\/h3>\t\t\t\t<div class='ekit-heading__description'>\n\t\t\t\t\t<p>Est quis scelerisque dis tellus aliquet fames arcu ad rhoncus. Donec et inceptos a blandit tempor. Nisi nostra congue montes odio sem posuere sapien diam.<\/p>\n\t\t\t\t<\/div>\n\t\t\t<\/div><\/div>\t\t\t\t<\/div>\n\t\t\t\t<div class=\"elementor-element elementor-element-926b809 elementor-align-center elementor-widget elementor-widget-button\" data-id=\"926b809\" data-element_type=\"widget\" data-e-type=\"widget\" data-widget_type=\"button.default\">\n\t\t\t\t\t\t\t\t\t\t<a class=\"elementor-button elementor-button-link elementor-size-sm\" href=\"https:\/\/berkfa.com\/tr\/2026\/02\/15\/test\/\">\n\t\t\t\t\t\t<span class=\"elementor-button-content-wrapper\">\n\t\t\t\t\t\t\t\t\t<span class=\"elementor-button-text\">DEVAMINI OKU<\/span>\n\t\t\t\t\t<\/span>\n\t\t\t\t\t<\/a>\n\t\t\t\t\t\t\t\t<\/div>\n\t\t\t\t<\/div>\n\t\t\t\t<\/div>\n\t\t\t\t\t<\/div>\n\t\t\t\t<\/div>\n\t\t<div class=\"elementor-element elementor-element-3950b6e e-con-full e-flex e-con e-parent\" data-id=\"3950b6e\" data-element_type=\"container\" data-e-type=\"container\" data-settings=\"{&quot;background_background&quot;:&quot;classic&quot;}\">\n\t\t<div class=\"elementor-element elementor-element-1c42fb1 e-flex e-con-boxed e-con e-child\" data-id=\"1c42fb1\" data-element_type=\"container\" data-e-type=\"container\">\n\t\t\t\t\t<div class=\"e-con-inner\">\n\t\t\t\t<div class=\"elementor-element elementor-element-a76f3f8 elementor-widget__width-initial elementor-invisible elementor-widget elementor-widget-heading\" data-id=\"a76f3f8\" data-element_type=\"widget\" data-e-type=\"widget\" data-settings=\"{&quot;_animation&quot;:&quot;fadeInUp&quot;}\" data-widget_type=\"heading.default\">\n\t\t\t\t\t<h2 class=\"elementor-heading-title elementor-size-default\">Profesyonel Kenar Band\u0131 \u00c7\u00f6z\u00fcmleri<\/h2>\t\t\t\t<\/div>\n\t\t\t\t<div class=\"elementor-element elementor-element-1d4214e elementor-invisible elementor-widget elementor-widget-text-editor\" data-id=\"1d4214e\" data-element_type=\"widget\" data-e-type=\"widget\" data-settings=\"{&quot;_animation&quot;:&quot;fadeInUp&quot;}\" data-widget_type=\"text-editor.default\">\n\t\t\t\t\t\t\t\t\t<p>D\u00fcnya genelindeki mobilya \u00fcreticileri i\u00e7in profesyonel kenar band\u0131 \u00e7\u00f6z\u00fcmleri, yard\u0131mc\u0131 ekipman ve makineler.<\/p>\t\t\t\t\t\t\t\t<\/div>\n\t\t\t\t<div class=\"elementor-element elementor-element-eb2b0ae elementor-align-center elementor-invisible elementor-widget elementor-widget-button\" data-id=\"eb2b0ae\" data-element_type=\"widget\" data-e-type=\"widget\" data-settings=\"{&quot;_animation&quot;:&quot;fadeIn&quot;,&quot;_animation_delay&quot;:480}\" data-widget_type=\"button.default\">\n\t\t\t\t\t\t\t\t\t\t<a class=\"elementor-button elementor-button-link elementor-size-sm\" href=\"https:\/\/berkfa.com\/tr\/contact\/\">\n\t\t\t\t\t\t<span class=\"elementor-button-content-wrapper\">\n\t\t\t\t\t\t\t\t\t<span class=\"elementor-button-text\">Bize ula\u015f\u0131n<\/span>\n\t\t\t\t\t<\/span>\n\t\t\t\t\t<\/a>\n\t\t\t\t\t\t\t\t<\/div>\n\t\t\t\t\t<\/div>\n\t\t\t\t<\/div>\n\t\t\t\t<\/div>\n\t\t\t\t<\/div>","protected":false},"excerpt":{"rendered":"<p>NEWSROOM Latest updates, announcements, and events from Berkfa NEWS &amp; BLOG TEST Est quis scelerisque dis tellus aliquet fames arcu ad rhoncus. Donec et inceptos a blandit tempor. Nisi nostra congue montes odio sem posuere sapien diam. READ MORE TEST Est quis scelerisque dis tellus aliquet fames arcu ad rhoncus. Donec et inceptos a blandit [&hellip;]<\/p>","protected":false},"author":1,"featured_media":0,"parent":0,"menu_order":0,"comment_status":"closed","ping_status":"closed","template":"elementor_header_footer","meta":{"footnotes":""},"class_list":["post-386","page","type-page","status-publish","hentry"],"_links":{"self":[{"href":"https:\/\/berkfa.com\/tr\/wp-json\/wp\/v2\/pages\/386","targetHints":{"allow":["GET"]}}],"collection":[{"href":"https:\/\/berkfa.com\/tr\/wp-json\/wp\/v2\/pages"}],"about":[{"href":"https:\/\/berkfa.com\/tr\/wp-json\/wp\/v2\/types\/page"}],"author":[{"embeddable":true,"href":"https:\/\/berkfa.com\/tr\/wp-json\/wp\/v2\/users\/1"}],"replies":[{"embeddable":true,"href":"https:\/\/berkfa.com\/tr\/wp-json\/wp\/v2\/comments?post=386"}],"version-history":[{"count":66,"href":"https:\/\/berkfa.com\/tr\/wp-json\/wp\/v2\/pages\/386\/revisions"}],"predecessor-version":[{"id":1347,"href":"https:\/\/berkfa.com\/tr\/wp-json\/wp\/v2\/pages\/386\/revisions\/1347"}],"wp:attachment":[{"href":"https:\/\/berkfa.com\/tr\/wp-json\/wp\/v2\/media?parent=386"}],"curies":[{"name":"wp","href":"https:\/\/api.w.org\/{rel}","templated":true}]}}