{"id":688,"date":"2026-02-19T15:07:23","date_gmt":"2026-02-19T12:07:23","guid":{"rendered":"https:\/\/berkfa.site\/?page_id=688"},"modified":"2026-04-01T15:26:57","modified_gmt":"2026-04-01T12:26:57","slug":"veneer-edge-bandings","status":"publish","type":"page","link":"https:\/\/berkfa.com\/tr\/products-and-services\/edge-bandings\/veneer-edge-bandings\/","title":{"rendered":"AH\u015eAP KENAR BANTLARI"},"content":{"rendered":"<div data-elementor-type=\"wp-page\" data-elementor-id=\"688\" class=\"elementor elementor-688\">\n\t\t\t\t<div class=\"elementor-element elementor-element-0945c08 e-flex e-con-boxed e-con e-parent\" data-id=\"0945c08\" data-element_type=\"container\" data-e-type=\"container\" data-settings=\"{&quot;background_background&quot;:&quot;classic&quot;}\">\n\t\t\t\t\t<div class=\"e-con-inner\">\n\t\t\t\t<div class=\"elementor-element elementor-element-9901746 elementor-widget__width-initial elementor-absolute elementor-widget elementor-widget-spacer\" data-id=\"9901746\" data-element_type=\"widget\" data-e-type=\"widget\" data-settings=\"{&quot;_position&quot;:&quot;absolute&quot;}\" data-widget_type=\"spacer.default\">\n\t\t\t\t\t\t\t<div class=\"elementor-spacer\">\n\t\t\t<div class=\"elementor-spacer-inner\"><\/div>\n\t\t<\/div>\n\t\t\t\t\t\t<\/div>\n\t\t\t\t<div class=\"elementor-element elementor-element-c153109 elementor-widget__width-initial elementor-absolute elementor-widget elementor-widget-spacer\" data-id=\"c153109\" data-element_type=\"widget\" data-e-type=\"widget\" data-settings=\"{&quot;_position&quot;:&quot;absolute&quot;}\" data-widget_type=\"spacer.default\">\n\t\t\t\t\t\t\t<div class=\"elementor-spacer\">\n\t\t\t<div class=\"elementor-spacer-inner\"><\/div>\n\t\t<\/div>\n\t\t\t\t\t\t<\/div>\n\t\t\t\t<div class=\"elementor-element elementor-element-a55adf0 elementor-widget__width-initial elementor-absolute elementor-widget elementor-widget-spacer\" data-id=\"a55adf0\" data-element_type=\"widget\" data-e-type=\"widget\" data-settings=\"{&quot;_position&quot;:&quot;absolute&quot;}\" data-widget_type=\"spacer.default\">\n\t\t\t\t\t\t\t<div class=\"elementor-spacer\">\n\t\t\t<div class=\"elementor-spacer-inner\"><\/div>\n\t\t<\/div>\n\t\t\t\t\t\t<\/div>\n\t\t<div class=\"elementor-element elementor-element-c5b919c e-flex e-con-boxed e-con e-child\" data-id=\"c5b919c\" data-element_type=\"container\" data-e-type=\"container\">\n\t\t\t\t\t<div class=\"e-con-inner\">\n\t\t<div class=\"elementor-element elementor-element-0b67cd3 e-con-full e-flex e-con e-child\" data-id=\"0b67cd3\" data-element_type=\"container\" data-e-type=\"container\">\n\t\t\t\t<div class=\"elementor-element elementor-element-ec5e86c elementor-widget__width-inherit elementor-invisible elementor-widget elementor-widget-heading\" data-id=\"ec5e86c\" data-element_type=\"widget\" data-e-type=\"widget\" data-settings=\"{&quot;_animation&quot;:&quot;fadeInDown&quot;}\" data-widget_type=\"heading.default\">\n\t\t\t\t\t<h1 class=\"elementor-heading-title elementor-size-default\">AH\u015eAP<br>KENAR BANTLARI<\/h1>\t\t\t\t<\/div>\n\t\t\t\t<\/div>\n\t\t\t\t<div class=\"elementor-element elementor-element-335336d elementor-widget__width-initial elementor-widget-mobile__width-initial elementor-invisible elementor-widget elementor-widget-text-editor\" data-id=\"335336d\" data-element_type=\"widget\" data-e-type=\"widget\" data-settings=\"{&quot;_animation&quot;:&quot;fadeInUp&quot;}\" data-widget_type=\"text-editor.default\">\n\t\t\t\t\t\t\t\t\t<p>Do\u011fal ah\u015fap dokusunu tamamlayan estetik \u00e7\u00f6z\u00fcmler.<\/p>\t\t\t\t\t\t\t\t<\/div>\n\t\t\t\t\t<\/div>\n\t\t\t\t<\/div>\n\t\t\t\t\t<\/div>\n\t\t\t\t<\/div>\n\t\t<div class=\"elementor-element elementor-element-1cc4854 e-flex e-con-boxed e-con e-parent\" data-id=\"1cc4854\" data-element_type=\"container\" data-e-type=\"container\">\n\t\t\t\t\t<div class=\"e-con-inner\">\n\t\t<div class=\"elementor-element elementor-element-485e8a9 e-con-full e-flex e-con e-child\" data-id=\"485e8a9\" data-element_type=\"container\" data-e-type=\"container\">\n\t\t<div class=\"elementor-element elementor-element-fec5bf2 e-con-full e-flex e-con e-child\" data-id=\"fec5bf2\" data-element_type=\"container\" data-e-type=\"container\">\n\t\t\t\t<div class=\"elementor-element elementor-element-f93e3d7 elementor-widget__width-initial elementor-invisible elementor-widget elementor-widget-image\" data-id=\"f93e3d7\" data-element_type=\"widget\" data-e-type=\"widget\" data-settings=\"{&quot;_animation&quot;:&quot;fadeInUp&quot;}\" data-widget_type=\"image.default\">\n\t\t\t\t\t\t\t\t\t\t\t\t\t\t\t<img fetchpriority=\"high\" decoding=\"async\" width=\"1725\" height=\"2560\" src=\"https:\/\/berkfa.com\/wp-content\/uploads\/2026\/03\/31-scaled.jpg\" class=\"attachment-full size-full wp-image-1071\" alt=\"\" srcset=\"https:\/\/berkfa.com\/wp-content\/uploads\/2026\/03\/31-scaled.jpg 1725w, https:\/\/berkfa.com\/wp-content\/uploads\/2026\/03\/31-202x300.jpg 202w, https:\/\/berkfa.com\/wp-content\/uploads\/2026\/03\/31-690x1024.jpg 690w, https:\/\/berkfa.com\/wp-content\/uploads\/2026\/03\/31-768x1140.jpg 768w, https:\/\/berkfa.com\/wp-content\/uploads\/2026\/03\/31-1035x1536.jpg 1035w, https:\/\/berkfa.com\/wp-content\/uploads\/2026\/03\/31-1380x2048.jpg 1380w, https:\/\/berkfa.com\/wp-content\/uploads\/2026\/03\/31-8x12.jpg 8w\" sizes=\"(max-width: 1725px) 100vw, 1725px\" \/>\t\t\t\t\t\t\t\t\t\t\t\t\t\t\t<\/div>\n\t\t<div class=\"elementor-element elementor-element-2dd097b e-con-full e-flex e-con e-child\" data-id=\"2dd097b\" data-element_type=\"container\" data-e-type=\"container\">\n\t\t\t\t<div class=\"elementor-element elementor-element-53bbac4 elementor-invisible elementor-widget elementor-widget-image\" data-id=\"53bbac4\" data-element_type=\"widget\" data-e-type=\"widget\" data-settings=\"{&quot;_animation&quot;:&quot;fadeInDown&quot;}\" data-widget_type=\"image.default\">\n\t\t\t\t\t\t\t\t\t\t\t\t\t\t\t<img decoding=\"async\" width=\"2560\" height=\"1733\" src=\"https:\/\/berkfa.com\/wp-content\/uploads\/2026\/03\/30-scaled.jpg\" class=\"attachment-full size-full wp-image-1070\" alt=\"\" srcset=\"https:\/\/berkfa.com\/wp-content\/uploads\/2026\/03\/30-scaled.jpg 2560w, https:\/\/berkfa.com\/wp-content\/uploads\/2026\/03\/30-300x203.jpg 300w, https:\/\/berkfa.com\/wp-content\/uploads\/2026\/03\/30-1024x693.jpg 1024w, https:\/\/berkfa.com\/wp-content\/uploads\/2026\/03\/30-768x520.jpg 768w, https:\/\/berkfa.com\/wp-content\/uploads\/2026\/03\/30-1536x1040.jpg 1536w, https:\/\/berkfa.com\/wp-content\/uploads\/2026\/03\/30-2048x1387.jpg 2048w, https:\/\/berkfa.com\/wp-content\/uploads\/2026\/03\/30-18x12.jpg 18w\" sizes=\"(max-width: 2560px) 100vw, 2560px\" \/>\t\t\t\t\t\t\t\t\t\t\t\t\t\t\t<\/div>\n\t\t\t\t<div class=\"elementor-element elementor-element-2f266e0 elementor-invisible elementor-widget elementor-widget-image\" data-id=\"2f266e0\" data-element_type=\"widget\" data-e-type=\"widget\" data-settings=\"{&quot;_animation&quot;:&quot;fadeInRight&quot;}\" data-widget_type=\"image.default\">\n\t\t\t\t\t\t\t\t\t\t\t\t\t\t\t<img decoding=\"async\" width=\"2433\" height=\"2560\" src=\"https:\/\/berkfa.com\/wp-content\/uploads\/2026\/03\/32-scaled.jpg\" class=\"attachment-full size-full wp-image-1073\" alt=\"\" srcset=\"https:\/\/berkfa.com\/wp-content\/uploads\/2026\/03\/32-scaled.jpg 2433w, https:\/\/berkfa.com\/wp-content\/uploads\/2026\/03\/32-285x300.jpg 285w, https:\/\/berkfa.com\/wp-content\/uploads\/2026\/03\/32-973x1024.jpg 973w, https:\/\/berkfa.com\/wp-content\/uploads\/2026\/03\/32-768x808.jpg 768w, https:\/\/berkfa.com\/wp-content\/uploads\/2026\/03\/32-1460x1536.jpg 1460w, https:\/\/berkfa.com\/wp-content\/uploads\/2026\/03\/32-1947x2048.jpg 1947w, https:\/\/berkfa.com\/wp-content\/uploads\/2026\/03\/32-11x12.jpg 11w\" sizes=\"(max-width: 2433px) 100vw, 2433px\" \/>\t\t\t\t\t\t\t\t\t\t\t\t\t\t\t<\/div>\n\t\t\t\t<\/div>\n\t\t\t\t<\/div>\n\t\t<div class=\"elementor-element elementor-element-7c36684 e-con-full e-flex e-con e-child\" data-id=\"7c36684\" data-element_type=\"container\" data-e-type=\"container\">\n\t\t\t\t<div class=\"elementor-element elementor-element-a907b53 elementor-invisible elementor-widget elementor-widget-heading\" data-id=\"a907b53\" data-element_type=\"widget\" data-e-type=\"widget\" data-settings=\"{&quot;_animation&quot;:&quot;fadeInUp&quot;}\" data-widget_type=\"heading.default\">\n\t\t\t\t\t<h2 class=\"elementor-heading-title elementor-size-default\">Do\u011fal G\u00fczellik, Zarif Bir Uyum<\/h2>\t\t\t\t<\/div>\n\t\t\t\t<div class=\"elementor-element elementor-element-b449db0 elementor-widget elementor-widget-text-editor\" data-id=\"b449db0\" data-element_type=\"widget\" data-e-type=\"widget\" data-widget_type=\"text-editor.default\">\n\t\t\t\t\t\t\t\t\t<p>Ah\u015fap kaplama kenar bantlar\u0131m\u0131z, do\u011fal g\u00f6r\u00fcn\u00fcm\u00fcn \u00f6n planda oldu\u011fu mobilya tasar\u0131mlar\u0131 i\u00e7in geli\u015ftirilmi\u015ftir. Ger\u00e7ek ah\u015fap kaplama kullan\u0131larak \u00fcretilen \u00fcr\u00fcnlerimiz, masif ve kaplama y\u00fczeylerle y\u00fcksek uyum sa\u011flayarak mobilyalarda b\u00fct\u00fcnl\u00fckl\u00fc ve do\u011fal bir g\u00f6r\u00fcn\u00fcm sunar.\n\u00dcretim s\u00fcrecinde birle\u015fim noktalar\u0131na \u00f6zel \u00f6nem verilerek kusursuz ve estetik bir birle\u015fim elde edilmesi hedeflenir. Do\u011fal dokuyu koruyan y\u00fczey yap\u0131s\u0131, projelere de\u011fer katan y\u00fcksek kaliteli ve rafine bir sonu\u00e7 ortaya koyar.<br \/>During the production process, special attention is given to joint areas to ensure seamless and aesthetic bonding. The surface structure preserves the natural texture of the wood, delivering a high-quality and refined finish that adds value to each project.<\/p>\t\t\t\t\t\t\t\t<\/div>\n\t\t\t\t<\/div>\n\t\t\t\t<\/div>\n\t\t<div class=\"elementor-element elementor-element-b66fbd9 e-con-full e-flex e-con e-child\" data-id=\"b66fbd9\" data-element_type=\"container\" data-e-type=\"container\">\n\t\t<div class=\"elementor-element elementor-element-7b37b6e e-flex e-con-boxed e-con e-child\" data-id=\"7b37b6e\" data-element_type=\"container\" data-e-type=\"container\">\n\t\t\t\t\t<div class=\"e-con-inner\">\n\t\t<div class=\"elementor-element elementor-element-c116a5f e-con-full e-flex e-con e-child\" data-id=\"c116a5f\" data-element_type=\"container\" data-e-type=\"container\">\n\t\t\t\t<div class=\"elementor-element elementor-element-0314098 elementor-invisible elementor-widget elementor-widget-heading\" data-id=\"0314098\" data-element_type=\"widget\" data-e-type=\"widget\" data-settings=\"{&quot;_animation&quot;:&quot;fadeInUp&quot;}\" data-widget_type=\"heading.default\">\n\t\t\t\t\t<h2 class=\"elementor-heading-title elementor-size-default\">End\u00fcstriyel ve Manuel Uygulamalar \u0130\u00e7in G\u00fcvenilir \u00c7\u00f6z\u00fcmler<\/h2>\t\t\t\t<\/div>\n\t\t\t\t<div class=\"elementor-element elementor-element-4d4073e elementor-widget elementor-widget-text-editor\" data-id=\"4d4073e\" data-element_type=\"widget\" data-e-type=\"widget\" data-widget_type=\"text-editor.default\">\n\t\t\t\t\t\t\t\t\t<p>Kenar bantlar\u0131m\u0131z; istenilen a\u011fa\u00e7 t\u00fcr\u00fc, renk, uzunluk ve \u00f6zel \u00f6l\u00e7\u00fclerde \u00fcretilebilmektedir. \u00dcr\u00fcnlerimiz telal\u0131 ve tutkall\u0131 olmak \u00fczere iki farkl\u0131 tipte sunulur. Telal\u0131 kenar bantlar\u0131 a\u011f\u0131rl\u0131kl\u0131 olarak end\u00fcstriyel \u00fcretim yapan firmalar taraf\u0131ndan tercih edilirken, tutkall\u0131 kenar bantlar\u0131 manuel uygulamalar i\u00e7in pratik ve etkili bir \u00e7\u00f6z\u00fcm sa\u011flar.<br \/>Telal\u0131 ah\u015fap kaplama kenar bantlar\u0131, arka y\u00fczeyinde bulunan tela sayesinde daha sa\u011flam, esnek, \u0131s\u0131ya dayan\u0131kl\u0131 ve p\u00fcr\u00fczs\u00fcz kesilmi\u015f kenarlara sahip olur. Bu yap\u0131, uyguland\u0131\u011f\u0131 kenarlarda uzun y\u0131llar boyunca \u00e7atlama yapmadan formunu korumas\u0131n\u0131 sa\u011flar. Ayr\u0131ca masifleme makinelerinde kolay ve verimli uygulama imk\u00e2n\u0131 sunar.<br \/>Her iki \u00fcr\u00fcn grubunda da en \u00fcst kalite hammaddeler kullan\u0131larak, dayan\u0131kl\u0131l\u0131k ve uzun \u00f6m\u00fcrl\u00fc kullan\u0131m g\u00fcvence alt\u0131na al\u0131n\u0131r.<\/p><p>\u00a0<\/p>\t\t\t\t\t\t\t\t<\/div>\n\t\t\t\t<\/div>\n\t\t<div class=\"elementor-element elementor-element-88531a7 e-con-full e-flex e-con e-child\" data-id=\"88531a7\" data-element_type=\"container\" data-e-type=\"container\">\n\t\t\t\t<div class=\"elementor-element elementor-element-81803d7 elementor-widget__width-initial elementor-invisible elementor-widget elementor-widget-image\" data-id=\"81803d7\" data-element_type=\"widget\" data-e-type=\"widget\" data-settings=\"{&quot;_animation&quot;:&quot;fadeInUp&quot;}\" data-widget_type=\"image.default\">\n\t\t\t\t\t\t\t\t\t\t\t\t\t\t\t<img loading=\"lazy\" decoding=\"async\" width=\"2560\" height=\"1475\" src=\"https:\/\/berkfa.com\/wp-content\/uploads\/2026\/03\/33-scaled.jpg\" class=\"attachment-full size-full wp-image-1077\" alt=\"\" srcset=\"https:\/\/berkfa.com\/wp-content\/uploads\/2026\/03\/33-scaled.jpg 2560w, https:\/\/berkfa.com\/wp-content\/uploads\/2026\/03\/33-300x173.jpg 300w, https:\/\/berkfa.com\/wp-content\/uploads\/2026\/03\/33-1024x590.jpg 1024w, https:\/\/berkfa.com\/wp-content\/uploads\/2026\/03\/33-768x442.jpg 768w, https:\/\/berkfa.com\/wp-content\/uploads\/2026\/03\/33-1536x885.jpg 1536w, https:\/\/berkfa.com\/wp-content\/uploads\/2026\/03\/33-2048x1180.jpg 2048w, https:\/\/berkfa.com\/wp-content\/uploads\/2026\/03\/33-18x10.jpg 18w\" sizes=\"(max-width: 2560px) 100vw, 2560px\" \/>\t\t\t\t\t\t\t\t\t\t\t\t\t\t\t<\/div>\n\t\t\t\t<\/div>\n\t\t\t\t\t<\/div>\n\t\t\t\t<\/div>\n\t\t\t\t<\/div>\n\t\t\t\t\t<\/div>\n\t\t\t\t<\/div>\n\t\t<div class=\"elementor-element elementor-element-2a91a7d e-con-full e-flex e-con e-parent\" data-id=\"2a91a7d\" data-element_type=\"container\" data-e-type=\"container\" data-settings=\"{&quot;background_background&quot;:&quot;classic&quot;}\">\n\t\t<div class=\"elementor-element elementor-element-52d85aa e-flex e-con-boxed e-con e-child\" data-id=\"52d85aa\" data-element_type=\"container\" data-e-type=\"container\">\n\t\t\t\t\t<div class=\"e-con-inner\">\n\t\t\t\t<div class=\"elementor-element elementor-element-1ac2f3d elementor-widget__width-initial elementor-invisible elementor-widget elementor-widget-heading\" data-id=\"1ac2f3d\" data-element_type=\"widget\" data-e-type=\"widget\" data-settings=\"{&quot;_animation&quot;:&quot;fadeInUp&quot;}\" data-widget_type=\"heading.default\">\n\t\t\t\t\t<h2 class=\"elementor-heading-title elementor-size-default\">Profesyonel Kenar Band\u0131 \u00c7\u00f6z\u00fcmleri<\/h2>\t\t\t\t<\/div>\n\t\t\t\t<div class=\"elementor-element elementor-element-b5a2a4d elementor-invisible elementor-widget elementor-widget-text-editor\" data-id=\"b5a2a4d\" data-element_type=\"widget\" data-e-type=\"widget\" data-settings=\"{&quot;_animation&quot;:&quot;fadeInUp&quot;}\" data-widget_type=\"text-editor.default\">\n\t\t\t\t\t\t\t\t\t<p>D\u00fcnya genelindeki mobilya \u00fcreticileri i\u00e7in profesyonel kenar band\u0131 \u00e7\u00f6z\u00fcmleri, yard\u0131mc\u0131 ekipman ve makineler.<\/p>\t\t\t\t\t\t\t\t<\/div>\n\t\t\t\t<div class=\"elementor-element elementor-element-78201cb elementor-align-center elementor-invisible elementor-widget elementor-widget-button\" data-id=\"78201cb\" data-element_type=\"widget\" data-e-type=\"widget\" data-settings=\"{&quot;_animation&quot;:&quot;fadeIn&quot;,&quot;_animation_delay&quot;:480}\" data-widget_type=\"button.default\">\n\t\t\t\t\t\t\t\t\t\t<a class=\"elementor-button elementor-button-link elementor-size-sm\" href=\"https:\/\/berkfa.com\/tr\/contact\/\">\n\t\t\t\t\t\t<span class=\"elementor-button-content-wrapper\">\n\t\t\t\t\t\t\t\t\t<span class=\"elementor-button-text\">Bize ula\u015f\u0131n<\/span>\n\t\t\t\t\t<\/span>\n\t\t\t\t\t<\/a>\n\t\t\t\t\t\t\t\t<\/div>\n\t\t\t\t\t<\/div>\n\t\t\t\t<\/div>\n\t\t\t\t<\/div>\n\t\t\t\t<\/div>","protected":false},"excerpt":{"rendered":"<p>VENEEREDGE BANDINGS Aesthetic solutions that complement the natural beauty of wood. Natural Beauty with a Refined Finish Our natural veneer edge bandings are developed for furniture designs where a natural appearance is essential. Produced using real wood veneer, our products offer excellent compatibility with solid wood and veneered surfaces, creating a unified and authentic look [&hellip;]<\/p>","protected":false},"author":1,"featured_media":0,"parent":284,"menu_order":0,"comment_status":"closed","ping_status":"closed","template":"elementor_header_footer","meta":{"footnotes":""},"class_list":["post-688","page","type-page","status-publish","hentry"],"_links":{"self":[{"href":"https:\/\/berkfa.com\/tr\/wp-json\/wp\/v2\/pages\/688","targetHints":{"allow":["GET"]}}],"collection":[{"href":"https:\/\/berkfa.com\/tr\/wp-json\/wp\/v2\/pages"}],"about":[{"href":"https:\/\/berkfa.com\/tr\/wp-json\/wp\/v2\/types\/page"}],"author":[{"embeddable":true,"href":"https:\/\/berkfa.com\/tr\/wp-json\/wp\/v2\/users\/1"}],"replies":[{"embeddable":true,"href":"https:\/\/berkfa.com\/tr\/wp-json\/wp\/v2\/comments?post=688"}],"version-history":[{"count":36,"href":"https:\/\/berkfa.com\/tr\/wp-json\/wp\/v2\/pages\/688\/revisions"}],"predecessor-version":[{"id":1375,"href":"https:\/\/berkfa.com\/tr\/wp-json\/wp\/v2\/pages\/688\/revisions\/1375"}],"up":[{"embeddable":true,"href":"https:\/\/berkfa.com\/tr\/wp-json\/wp\/v2\/pages\/284"}],"wp:attachment":[{"href":"https:\/\/berkfa.com\/tr\/wp-json\/wp\/v2\/media?parent=688"}],"curies":[{"name":"wp","href":"https:\/\/api.w.org\/{rel}","templated":true}]}}