{"id":693,"date":"2026-02-19T15:10:39","date_gmt":"2026-02-19T12:10:39","guid":{"rendered":"https:\/\/berkfa.site\/?page_id=693"},"modified":"2026-04-01T15:26:52","modified_gmt":"2026-04-01T12:26:52","slug":"pvc-edge-bandings","status":"publish","type":"page","link":"https:\/\/berkfa.com\/tr\/products-and-services\/edge-bandings\/pvc-edge-bandings\/","title":{"rendered":"PVC KENAR BANTLARI"},"content":{"rendered":"<div data-elementor-type=\"wp-page\" data-elementor-id=\"693\" class=\"elementor elementor-693\">\n\t\t\t\t<div class=\"elementor-element elementor-element-1a489e4 e-flex e-con-boxed e-con e-parent\" data-id=\"1a489e4\" data-element_type=\"container\" data-e-type=\"container\" data-settings=\"{&quot;background_background&quot;:&quot;classic&quot;}\">\n\t\t\t\t\t<div class=\"e-con-inner\">\n\t\t\t\t<div class=\"elementor-element elementor-element-e02a8df elementor-widget__width-initial elementor-absolute elementor-widget elementor-widget-spacer\" data-id=\"e02a8df\" data-element_type=\"widget\" data-e-type=\"widget\" data-settings=\"{&quot;_position&quot;:&quot;absolute&quot;}\" data-widget_type=\"spacer.default\">\n\t\t\t\t\t\t\t<div class=\"elementor-spacer\">\n\t\t\t<div class=\"elementor-spacer-inner\"><\/div>\n\t\t<\/div>\n\t\t\t\t\t\t<\/div>\n\t\t\t\t<div class=\"elementor-element elementor-element-24a01ec elementor-widget__width-initial elementor-absolute elementor-widget elementor-widget-spacer\" data-id=\"24a01ec\" data-element_type=\"widget\" data-e-type=\"widget\" data-settings=\"{&quot;_position&quot;:&quot;absolute&quot;}\" data-widget_type=\"spacer.default\">\n\t\t\t\t\t\t\t<div class=\"elementor-spacer\">\n\t\t\t<div class=\"elementor-spacer-inner\"><\/div>\n\t\t<\/div>\n\t\t\t\t\t\t<\/div>\n\t\t\t\t<div class=\"elementor-element elementor-element-5102a05 elementor-widget__width-initial elementor-absolute elementor-widget elementor-widget-spacer\" data-id=\"5102a05\" data-element_type=\"widget\" data-e-type=\"widget\" data-settings=\"{&quot;_position&quot;:&quot;absolute&quot;}\" data-widget_type=\"spacer.default\">\n\t\t\t\t\t\t\t<div class=\"elementor-spacer\">\n\t\t\t<div class=\"elementor-spacer-inner\"><\/div>\n\t\t<\/div>\n\t\t\t\t\t\t<\/div>\n\t\t<div class=\"elementor-element elementor-element-a9eee70 e-flex e-con-boxed e-con e-child\" data-id=\"a9eee70\" data-element_type=\"container\" data-e-type=\"container\">\n\t\t\t\t\t<div class=\"e-con-inner\">\n\t\t<div class=\"elementor-element elementor-element-fd812ac e-con-full e-flex e-con e-child\" data-id=\"fd812ac\" data-element_type=\"container\" data-e-type=\"container\">\n\t\t\t\t<div class=\"elementor-element elementor-element-1d7d986 elementor-widget__width-inherit elementor-invisible elementor-widget elementor-widget-heading\" data-id=\"1d7d986\" data-element_type=\"widget\" data-e-type=\"widget\" data-settings=\"{&quot;_animation&quot;:&quot;fadeInDown&quot;}\" data-widget_type=\"heading.default\">\n\t\t\t\t\t<h1 class=\"elementor-heading-title elementor-size-default\">PVC<br>KENAR BANTLARI<\/h1>\t\t\t\t<\/div>\n\t\t\t\t<\/div>\n\t\t\t\t<div class=\"elementor-element elementor-element-0902142 elementor-widget__width-initial elementor-widget-mobile__width-initial elementor-invisible elementor-widget elementor-widget-text-editor\" data-id=\"0902142\" data-element_type=\"widget\" data-e-type=\"widget\" data-settings=\"{&quot;_animation&quot;:&quot;fadeInUp&quot;}\" data-widget_type=\"text-editor.default\">\n\t\t\t\t\t\t\t\t\t<p>End\u00fcstriyel \u00fcretim hatlar\u0131 i\u00e7in tasarland\u0131: stabil kalite ve uzun \u00f6m\u00fcrl\u00fc dayan\u0131m.<\/p>\t\t\t\t\t\t\t\t<\/div>\n\t\t\t\t\t<\/div>\n\t\t\t\t<\/div>\n\t\t\t\t\t<\/div>\n\t\t\t\t<\/div>\n\t\t<div class=\"elementor-element elementor-element-0a04de1 e-flex e-con-boxed e-con e-parent\" data-id=\"0a04de1\" data-element_type=\"container\" data-e-type=\"container\">\n\t\t\t\t\t<div class=\"e-con-inner\">\n\t\t<div class=\"elementor-element elementor-element-1c67b8d e-con-full e-flex e-con e-child\" data-id=\"1c67b8d\" data-element_type=\"container\" data-e-type=\"container\">\n\t\t\t\t<div class=\"elementor-element elementor-element-58b09a8 elementor-widget__width-initial elementor-invisible elementor-widget elementor-widget-image\" data-id=\"58b09a8\" data-element_type=\"widget\" data-e-type=\"widget\" data-settings=\"{&quot;_animation&quot;:&quot;fadeInUp&quot;}\" data-widget_type=\"image.default\">\n\t\t\t\t\t\t\t\t\t\t\t\t\t\t\t<img fetchpriority=\"high\" decoding=\"async\" width=\"2438\" height=\"2438\" src=\"https:\/\/berkfa.com\/wp-content\/uploads\/2026\/03\/34.jpg\" class=\"attachment-full size-full wp-image-1084\" alt=\"\" srcset=\"https:\/\/berkfa.com\/wp-content\/uploads\/2026\/03\/34.jpg 2438w, https:\/\/berkfa.com\/wp-content\/uploads\/2026\/03\/34-300x300.jpg 300w, https:\/\/berkfa.com\/wp-content\/uploads\/2026\/03\/34-1024x1024.jpg 1024w, https:\/\/berkfa.com\/wp-content\/uploads\/2026\/03\/34-150x150.jpg 150w, https:\/\/berkfa.com\/wp-content\/uploads\/2026\/03\/34-768x768.jpg 768w, https:\/\/berkfa.com\/wp-content\/uploads\/2026\/03\/34-1536x1536.jpg 1536w, https:\/\/berkfa.com\/wp-content\/uploads\/2026\/03\/34-2048x2048.jpg 2048w, https:\/\/berkfa.com\/wp-content\/uploads\/2026\/03\/34-12x12.jpg 12w\" sizes=\"(max-width: 2438px) 100vw, 2438px\" \/>\t\t\t\t\t\t\t\t\t\t\t\t\t\t\t<\/div>\n\t\t<div class=\"elementor-element elementor-element-571d29a e-con-full e-flex e-con e-child\" data-id=\"571d29a\" data-element_type=\"container\" data-e-type=\"container\">\n\t\t\t\t<div class=\"elementor-element elementor-element-87cc454 elementor-invisible elementor-widget elementor-widget-heading\" data-id=\"87cc454\" data-element_type=\"widget\" data-e-type=\"widget\" data-settings=\"{&quot;_animation&quot;:&quot;fadeInUp&quot;}\" data-widget_type=\"heading.default\">\n\t\t\t\t\t<h2 class=\"elementor-heading-title elementor-size-default\">Dayan\u0131kl\u0131l\u0131k ve Kusursuz Renk Uyumu<\/h2>\t\t\t\t<\/div>\n\t\t\t\t<div class=\"elementor-element elementor-element-3574ddf elementor-widget elementor-widget-text-editor\" data-id=\"3574ddf\" data-element_type=\"widget\" data-e-type=\"widget\" data-widget_type=\"text-editor.default\">\n\t\t\t\t\t\t\t\t\t<p>Berkfa PVC kenar bantlar\u0131, y\u00fcksek dayan\u0131kl\u0131l\u0131k ve estetik g\u00f6r\u00fcn\u00fcm beklentilerini kar\u015f\u0131lamak \u00fczere sunulmaktad\u0131r. Farkl\u0131 kal\u0131nl\u0131k ve geni\u015flik se\u00e7enekleri sayesinde, mobilya \u00fcretiminde kar\u015f\u0131la\u015f\u0131lan \u00e7e\u015fitli uygulama ihtiya\u00e7lar\u0131na etkin \u015fekilde uyum sa\u011flar.<br \/>Son y\u0131llarda panel \u00fcreticileri taraf\u0131ndan her y\u0131l geli\u015ftirilen yeni renk ve dekor alternatifleri, PVC kenar bantlar\u0131nda da \u00f6nemli \u00f6l\u00e7\u00fcde \u00e7e\u015fitlili\u011fin artmas\u0131na neden olmu\u015ftur. Bu durum, hem kenar band\u0131 tedarik\u00e7ileri hem de mobilya \u00fcreticileri a\u00e7\u0131s\u0131ndan do\u011fru renk uyumunun sa\u011flanmas\u0131n\u0131 daha hassas ve zorlu bir s\u00fcre\u00e7 haline getirmi\u015ftir. Berkfa, sahip oldu\u011fu tecr\u00fcbe, tedarik altyap\u0131s\u0131 ve geni\u015f i\u015f birli\u011fi a\u011f\u0131 sayesinde, talep edilen her renkte PVC kenar band\u0131n\u0131 panel y\u00fczeyiyle birebir uyumlu olacak \u015fekilde ve k\u0131sa termin s\u00fcreleriyle tedarik edebilmektedir.<\/p>\t\t\t\t\t\t\t\t<\/div>\n\t\t\t\t<\/div>\n\t\t\t\t<\/div>\n\t\t<div class=\"elementor-element elementor-element-05c6374 e-con-full e-flex e-con e-child\" data-id=\"05c6374\" data-element_type=\"container\" data-e-type=\"container\">\n\t\t<div class=\"elementor-element elementor-element-e1d677d e-flex e-con-boxed e-con e-child\" data-id=\"e1d677d\" data-element_type=\"container\" data-e-type=\"container\">\n\t\t\t\t\t<div class=\"e-con-inner\">\n\t\t<div class=\"elementor-element elementor-element-1733859 e-con-full e-flex e-con e-child\" data-id=\"1733859\" data-element_type=\"container\" data-e-type=\"container\">\n\t\t\t\t<div class=\"elementor-element elementor-element-fe2ddd9 elementor-invisible elementor-widget elementor-widget-heading\" data-id=\"fe2ddd9\" data-element_type=\"widget\" data-e-type=\"widget\" data-settings=\"{&quot;_animation&quot;:&quot;fadeInUp&quot;}\" data-widget_type=\"heading.default\">\n\t\t\t\t\t<h2 class=\"elementor-heading-title elementor-size-default\">Makine Gerektirmeden PVC Kullanman\u0131n Pratik Yolu:\nTutkall\u0131 PVC Kenar Bantlar\u0131<\/h2>\t\t\t\t<\/div>\n\t\t\t\t<div class=\"elementor-element elementor-element-2f017d7 elementor-widget elementor-widget-text-editor\" data-id=\"2f017d7\" data-element_type=\"widget\" data-e-type=\"widget\" data-widget_type=\"text-editor.default\">\n\t\t\t\t\t\t\t\t\t<p>Berkfa, tutkall\u0131 PVC kenar band\u0131n\u0131 geli\u015ftiren ve ilk \u00fcreten firmad\u0131r. Bu \u00fcr\u00fcn; tutkall\u0131 melamin kenar bantlar\u0131nda PVC\u2019ye k\u0131yasla renk \u00e7e\u015fitlili\u011finin s\u0131n\u0131rl\u0131 olmas\u0131 ve PVC kenar bantlar\u0131n\u0131n uygulanabilmesi i\u00e7in makine gereksinimi bulunmas\u0131 nedeniyle, \u00f6zellikle k\u00fc\u00e7\u00fck i\u015fletmelerin ve d\u00fc\u015f\u00fck adetli i\u015flerin PVC kullan\u0131m\u0131nda ya\u015fad\u0131\u011f\u0131 zorluklara \u00e7\u00f6z\u00fcm sunmak amac\u0131yla geli\u015ftirilmi\u015ftir.<br \/>Tutkall\u0131 PVC kenar band\u0131 sayesinde, PVC kenar bantlar\u0131nda mevcut olan t\u00fcm renk ve dekor se\u00e7enekleri, firmam\u0131z taraf\u0131ndan tutkall\u0131 olarak tedarik edilebilmektedir. B\u00f6ylece makine yat\u0131r\u0131m\u0131 gerektirmeden PVC\u2019nin estetik ve dayan\u0131m avantajlar\u0131ndan faydalanmak m\u00fcmk\u00fcn hale gelir.<br \/>Uygulama a\u00e7\u0131s\u0131ndan tutkall\u0131 PVC kenar bantlar\u0131n\u0131n, tutkall\u0131 melamin kenar bantlar\u0131ndan tek fark\u0131; PVC y\u00fczeyin korunmas\u0131 amac\u0131yla \u0131s\u0131t\u0131c\u0131 veya \u00fct\u00fc uygulamas\u0131 s\u0131ras\u0131nda bant ile \u0131s\u0131t\u0131c\u0131 aras\u0131na koruyucu bir malzeme kullan\u0131lmas\u0131 gereklili\u011fidir. Bu ama\u00e7la firmam\u0131z taraf\u0131ndan tedarik edilen teflon \u00fct\u00fc altl\u0131\u011f\u0131 kullan\u0131labilece\u011fi gibi, uygun bir bez ile de g\u00fcvenli uygulama yap\u0131labilmektedir.<\/p>\t\t\t\t\t\t\t\t<\/div>\n\t\t\t\t<\/div>\n\t\t<div class=\"elementor-element elementor-element-499b071 e-con-full e-flex e-con e-child\" data-id=\"499b071\" data-element_type=\"container\" data-e-type=\"container\">\n\t\t\t\t<div class=\"elementor-element elementor-element-ac047c4 elementor-widget__width-initial elementor-invisible elementor-widget elementor-widget-image\" data-id=\"ac047c4\" data-element_type=\"widget\" data-e-type=\"widget\" data-settings=\"{&quot;_animation&quot;:&quot;fadeInDown&quot;}\" data-widget_type=\"image.default\">\n\t\t\t\t\t\t\t\t\t\t\t\t\t\t\t<img decoding=\"async\" width=\"1829\" height=\"2560\" src=\"https:\/\/berkfa.com\/wp-content\/uploads\/2026\/03\/38-scaled.jpg\" class=\"attachment-full size-full wp-image-1088\" alt=\"\" srcset=\"https:\/\/berkfa.com\/wp-content\/uploads\/2026\/03\/38-scaled.jpg 1829w, https:\/\/berkfa.com\/wp-content\/uploads\/2026\/03\/38-214x300.jpg 214w, https:\/\/berkfa.com\/wp-content\/uploads\/2026\/03\/38-732x1024.jpg 732w, https:\/\/berkfa.com\/wp-content\/uploads\/2026\/03\/38-768x1075.jpg 768w, https:\/\/berkfa.com\/wp-content\/uploads\/2026\/03\/38-1098x1536.jpg 1098w, https:\/\/berkfa.com\/wp-content\/uploads\/2026\/03\/38-1464x2048.jpg 1464w, https:\/\/berkfa.com\/wp-content\/uploads\/2026\/03\/38-9x12.jpg 9w\" sizes=\"(max-width: 1829px) 100vw, 1829px\" \/>\t\t\t\t\t\t\t\t\t\t\t\t\t\t\t<\/div>\n\t\t\t\t<\/div>\n\t\t\t\t\t<\/div>\n\t\t\t\t<\/div>\n\t\t\t\t<\/div>\n\t\t<div class=\"elementor-element elementor-element-36793e4 e-con-full e-flex e-con e-child\" data-id=\"36793e4\" data-element_type=\"container\" data-e-type=\"container\">\n\t\t<div class=\"elementor-element elementor-element-60fe281 e-flex e-con-boxed e-con e-child\" data-id=\"60fe281\" data-element_type=\"container\" data-e-type=\"container\">\n\t\t\t\t\t<div class=\"e-con-inner\">\n\t\t<div class=\"elementor-element elementor-element-5f62d9d e-con-full e-flex e-con e-child\" data-id=\"5f62d9d\" data-element_type=\"container\" data-e-type=\"container\">\n\t\t\t\t<div class=\"elementor-element elementor-element-4fa31ea elementor-widget__width-initial elementor-invisible elementor-widget elementor-widget-image\" data-id=\"4fa31ea\" data-element_type=\"widget\" data-e-type=\"widget\" data-settings=\"{&quot;_animation&quot;:&quot;fadeInDown&quot;}\" data-widget_type=\"image.default\">\n\t\t\t\t\t\t\t\t\t\t\t\t\t\t\t<img decoding=\"async\" width=\"1708\" height=\"2560\" src=\"https:\/\/berkfa.com\/wp-content\/uploads\/2026\/04\/ba-scaled.jpg\" class=\"attachment-full size-full wp-image-1304\" alt=\"\" srcset=\"https:\/\/berkfa.com\/wp-content\/uploads\/2026\/04\/ba-scaled.jpg 1708w, https:\/\/berkfa.com\/wp-content\/uploads\/2026\/04\/ba-200x300.jpg 200w, https:\/\/berkfa.com\/wp-content\/uploads\/2026\/04\/ba-683x1024.jpg 683w, https:\/\/berkfa.com\/wp-content\/uploads\/2026\/04\/ba-768x1151.jpg 768w, https:\/\/berkfa.com\/wp-content\/uploads\/2026\/04\/ba-1025x1536.jpg 1025w, https:\/\/berkfa.com\/wp-content\/uploads\/2026\/04\/ba-1366x2048.jpg 1366w, https:\/\/berkfa.com\/wp-content\/uploads\/2026\/04\/ba-8x12.jpg 8w\" sizes=\"(max-width: 1708px) 100vw, 1708px\" \/>\t\t\t\t\t\t\t\t\t\t\t\t\t\t\t<\/div>\n\t\t\t\t<\/div>\n\t\t<div class=\"elementor-element elementor-element-3721c45 e-con-full e-flex e-con e-child\" data-id=\"3721c45\" data-element_type=\"container\" data-e-type=\"container\">\n\t\t\t\t<div class=\"elementor-element elementor-element-0710bbd elementor-invisible elementor-widget elementor-widget-heading\" data-id=\"0710bbd\" data-element_type=\"widget\" data-e-type=\"widget\" data-settings=\"{&quot;_animation&quot;:&quot;fadeInUp&quot;}\" data-widget_type=\"heading.default\">\n\t\t\t\t\t<h2 class=\"elementor-heading-title elementor-size-default\">Esnek \u00dcretim, Uzun \u00d6m\u00fcr\u00fcl\u00fc Performans<\/h2>\t\t\t\t<\/div>\n\t\t\t\t<div class=\"elementor-element elementor-element-7b2c6cc elementor-widget elementor-widget-text-editor\" data-id=\"7b2c6cc\" data-element_type=\"widget\" data-e-type=\"widget\" data-widget_type=\"text-editor.default\">\n\t\t\t\t\t\t\t\t\t<p>Firmalar\u0131n \u00fcretim gereksinimlerine ba\u011fl\u0131 olarak istenilen geni\u015flik ve kal\u0131nl\u0131kta PVC kenar band\u0131 temini sa\u011flanmaktad\u0131r. Berkfa PVC kenar bantlar\u0131; uygulama sonras\u0131nda uzun y\u0131llar boyunca renk ve form yap\u0131s\u0131n\u0131 koruyan, y\u00fcksek kalite standartlar\u0131na sahip, dayan\u0131kl\u0131 \u00fcr\u00fcnler sunmaktad\u0131r.<\/p>\t\t\t\t\t\t\t\t<\/div>\n\t\t\t\t<\/div>\n\t\t\t\t\t<\/div>\n\t\t\t\t<\/div>\n\t\t\t\t<\/div>\n\t\t\t\t\t<\/div>\n\t\t\t\t<\/div>\n\t\t<div class=\"elementor-element elementor-element-8e1af49 e-con-full e-flex e-con e-parent\" data-id=\"8e1af49\" data-element_type=\"container\" data-e-type=\"container\" data-settings=\"{&quot;background_background&quot;:&quot;classic&quot;}\">\n\t\t<div class=\"elementor-element elementor-element-4b0f67b e-flex e-con-boxed e-con e-child\" data-id=\"4b0f67b\" data-element_type=\"container\" data-e-type=\"container\">\n\t\t\t\t\t<div class=\"e-con-inner\">\n\t\t\t\t<div class=\"elementor-element elementor-element-a1e4be5 elementor-widget__width-initial elementor-invisible elementor-widget elementor-widget-heading\" data-id=\"a1e4be5\" data-element_type=\"widget\" data-e-type=\"widget\" data-settings=\"{&quot;_animation&quot;:&quot;fadeInUp&quot;}\" data-widget_type=\"heading.default\">\n\t\t\t\t\t<h2 class=\"elementor-heading-title elementor-size-default\">Profesyonel Kenar Band\u0131 \u00c7\u00f6z\u00fcmleri<\/h2>\t\t\t\t<\/div>\n\t\t\t\t<div class=\"elementor-element elementor-element-de7258f elementor-invisible elementor-widget elementor-widget-text-editor\" data-id=\"de7258f\" data-element_type=\"widget\" data-e-type=\"widget\" data-settings=\"{&quot;_animation&quot;:&quot;fadeInUp&quot;}\" data-widget_type=\"text-editor.default\">\n\t\t\t\t\t\t\t\t\t<p>D\u00fcnya genelindeki mobilya \u00fcreticileri i\u00e7in profesyonel kenar band\u0131 \u00e7\u00f6z\u00fcmleri, yard\u0131mc\u0131 ekipman ve makineler.<\/p>\t\t\t\t\t\t\t\t<\/div>\n\t\t\t\t<div class=\"elementor-element elementor-element-c88a0ee elementor-align-center elementor-invisible elementor-widget elementor-widget-button\" data-id=\"c88a0ee\" data-element_type=\"widget\" data-e-type=\"widget\" data-settings=\"{&quot;_animation&quot;:&quot;fadeIn&quot;,&quot;_animation_delay&quot;:480}\" data-widget_type=\"button.default\">\n\t\t\t\t\t\t\t\t\t\t<a class=\"elementor-button elementor-button-link elementor-size-sm\" href=\"https:\/\/berkfa.com\/tr\/contact\/\">\n\t\t\t\t\t\t<span class=\"elementor-button-content-wrapper\">\n\t\t\t\t\t\t\t\t\t<span class=\"elementor-button-text\">Bize ula\u015f\u0131n<\/span>\n\t\t\t\t\t<\/span>\n\t\t\t\t\t<\/a>\n\t\t\t\t\t\t\t\t<\/div>\n\t\t\t\t\t<\/div>\n\t\t\t\t<\/div>\n\t\t\t\t<\/div>\n\t\t\t\t<\/div>","protected":false},"excerpt":{"rendered":"<p>PVCEDGE BANDINGS Designed for industrial production lines\u2014with consistent quality and long-lasting durability. Durability, Precision, and Perfect Color Matching Berkfa PVC edge bandings are offered to meet high expectations for durability and aesthetic appearance. With a wide range of thickness and width options, they adapt effectively to various application requirements in furniture manufacturing.In recent years, the [&hellip;]<\/p>","protected":false},"author":1,"featured_media":0,"parent":284,"menu_order":0,"comment_status":"closed","ping_status":"closed","template":"elementor_header_footer","meta":{"footnotes":""},"class_list":["post-693","page","type-page","status-publish","hentry"],"_links":{"self":[{"href":"https:\/\/berkfa.com\/tr\/wp-json\/wp\/v2\/pages\/693","targetHints":{"allow":["GET"]}}],"collection":[{"href":"https:\/\/berkfa.com\/tr\/wp-json\/wp\/v2\/pages"}],"about":[{"href":"https:\/\/berkfa.com\/tr\/wp-json\/wp\/v2\/types\/page"}],"author":[{"embeddable":true,"href":"https:\/\/berkfa.com\/tr\/wp-json\/wp\/v2\/users\/1"}],"replies":[{"embeddable":true,"href":"https:\/\/berkfa.com\/tr\/wp-json\/wp\/v2\/comments?post=693"}],"version-history":[{"count":41,"href":"https:\/\/berkfa.com\/tr\/wp-json\/wp\/v2\/pages\/693\/revisions"}],"predecessor-version":[{"id":1371,"href":"https:\/\/berkfa.com\/tr\/wp-json\/wp\/v2\/pages\/693\/revisions\/1371"}],"up":[{"embeddable":true,"href":"https:\/\/berkfa.com\/tr\/wp-json\/wp\/v2\/pages\/284"}],"wp:attachment":[{"href":"https:\/\/berkfa.com\/tr\/wp-json\/wp\/v2\/media?parent=693"}],"curies":[{"name":"wp","href":"https:\/\/api.w.org\/{rel}","templated":true}]}}