{"id":843,"date":"2026-03-02T00:00:32","date_gmt":"2026-03-01T21:00:32","guid":{"rendered":"https:\/\/berkfa.site\/?page_id=843"},"modified":"2026-04-01T15:25:51","modified_gmt":"2026-04-01T12:25:51","slug":"sustainability","status":"publish","type":"page","link":"https:\/\/berkfa.com\/tr\/sustainability\/","title":{"rendered":"S\u00dcRD\u00dcR\u00dcLEB\u0130L\u0130RL\u0130K"},"content":{"rendered":"<div data-elementor-type=\"wp-page\" data-elementor-id=\"843\" class=\"elementor elementor-843\">\n\t\t\t\t<div class=\"elementor-element elementor-element-cd63c3b e-flex e-con-boxed e-con e-parent\" data-id=\"cd63c3b\" data-element_type=\"container\" data-e-type=\"container\" data-settings=\"{&quot;background_background&quot;:&quot;classic&quot;}\">\n\t\t\t\t\t<div class=\"e-con-inner\">\n\t\t\t\t<div class=\"elementor-element elementor-element-95e2cc1 elementor-widget__width-initial elementor-absolute elementor-widget elementor-widget-spacer\" data-id=\"95e2cc1\" data-element_type=\"widget\" data-e-type=\"widget\" data-settings=\"{&quot;_position&quot;:&quot;absolute&quot;}\" data-widget_type=\"spacer.default\">\n\t\t\t\t\t\t\t<div class=\"elementor-spacer\">\n\t\t\t<div class=\"elementor-spacer-inner\"><\/div>\n\t\t<\/div>\n\t\t\t\t\t\t<\/div>\n\t\t\t\t<div class=\"elementor-element elementor-element-8e0e338 elementor-widget__width-initial elementor-absolute elementor-widget elementor-widget-spacer\" data-id=\"8e0e338\" data-element_type=\"widget\" data-e-type=\"widget\" data-settings=\"{&quot;_position&quot;:&quot;absolute&quot;}\" data-widget_type=\"spacer.default\">\n\t\t\t\t\t\t\t<div class=\"elementor-spacer\">\n\t\t\t<div class=\"elementor-spacer-inner\"><\/div>\n\t\t<\/div>\n\t\t\t\t\t\t<\/div>\n\t\t\t\t<div class=\"elementor-element elementor-element-5e1f1ce elementor-widget__width-initial elementor-absolute elementor-widget elementor-widget-spacer\" data-id=\"5e1f1ce\" data-element_type=\"widget\" data-e-type=\"widget\" data-settings=\"{&quot;_position&quot;:&quot;absolute&quot;}\" data-widget_type=\"spacer.default\">\n\t\t\t\t\t\t\t<div class=\"elementor-spacer\">\n\t\t\t<div class=\"elementor-spacer-inner\"><\/div>\n\t\t<\/div>\n\t\t\t\t\t\t<\/div>\n\t\t<div class=\"elementor-element elementor-element-278692d e-flex e-con-boxed e-con e-child\" data-id=\"278692d\" data-element_type=\"container\" data-e-type=\"container\">\n\t\t\t\t\t<div class=\"e-con-inner\">\n\t\t<div class=\"elementor-element elementor-element-0a31628 e-con-full e-flex e-con e-child\" data-id=\"0a31628\" data-element_type=\"container\" data-e-type=\"container\">\n\t\t\t\t<div class=\"elementor-element elementor-element-a02c237 elementor-widget__width-inherit elementor-invisible elementor-widget elementor-widget-heading\" data-id=\"a02c237\" data-element_type=\"widget\" data-e-type=\"widget\" data-settings=\"{&quot;_animation&quot;:&quot;fadeInDown&quot;}\" data-widget_type=\"heading.default\">\n\t\t\t\t\t<h1 class=\"elementor-heading-title elementor-size-default\">S\u00dcRD\u00dcR\u00dcLEB\u0130L\u0130RL\u0130K<\/h1>\t\t\t\t<\/div>\n\t\t\t\t<\/div>\n\t\t\t\t<div class=\"elementor-element elementor-element-4d44c39 elementor-widget__width-initial elementor-widget-mobile__width-initial elementor-invisible elementor-widget elementor-widget-text-editor\" data-id=\"4d44c39\" data-element_type=\"widget\" data-e-type=\"widget\" data-settings=\"{&quot;_animation&quot;:&quot;fadeInUp&quot;}\" data-widget_type=\"text-editor.default\">\n\t\t\t\t\t\t\t\t\t<p>Sorumlu \u00fcretim, s\u00fcrd\u00fcr\u00fclebilir gelecek.<\/p>\t\t\t\t\t\t\t\t<\/div>\n\t\t\t\t\t<\/div>\n\t\t\t\t<\/div>\n\t\t\t\t\t<\/div>\n\t\t\t\t<\/div>\n\t\t<div class=\"elementor-element elementor-element-3366854d e-flex e-con-boxed e-con e-parent\" data-id=\"3366854d\" data-element_type=\"container\" data-e-type=\"container\">\n\t\t\t\t\t<div class=\"e-con-inner\">\n\t\t<div class=\"elementor-element elementor-element-e71a750 e-con-full e-flex e-con e-child\" data-id=\"e71a750\" data-element_type=\"container\" data-e-type=\"container\">\n\t\t<div class=\"elementor-element elementor-element-f6f6ce4 e-con-full e-flex e-con e-child\" data-id=\"f6f6ce4\" data-element_type=\"container\" data-e-type=\"container\">\n\t\t\t\t<div class=\"elementor-element elementor-element-7076733 elementor-invisible elementor-widget elementor-widget-image\" data-id=\"7076733\" data-element_type=\"widget\" data-e-type=\"widget\" data-settings=\"{&quot;_animation&quot;:&quot;fadeInLeft&quot;}\" data-widget_type=\"image.default\">\n\t\t\t\t\t\t\t\t\t\t\t\t\t\t\t<img fetchpriority=\"high\" decoding=\"async\" width=\"940\" height=\"788\" src=\"https:\/\/berkfa.com\/wp-content\/uploads\/2026\/03\/15.jpg\" class=\"attachment-full size-full wp-image-846\" alt=\"\" srcset=\"https:\/\/berkfa.com\/wp-content\/uploads\/2026\/03\/15.jpg 940w, https:\/\/berkfa.com\/wp-content\/uploads\/2026\/03\/15-300x251.jpg 300w, https:\/\/berkfa.com\/wp-content\/uploads\/2026\/03\/15-768x644.jpg 768w, https:\/\/berkfa.com\/wp-content\/uploads\/2026\/03\/15-14x12.jpg 14w\" sizes=\"(max-width: 940px) 100vw, 940px\" \/>\t\t\t\t\t\t\t\t\t\t\t\t\t\t\t<\/div>\n\t\t\t\t<\/div>\n\t\t<div class=\"elementor-element elementor-element-74ce91f e-con-full e-flex e-con e-child\" data-id=\"74ce91f\" data-element_type=\"container\" data-e-type=\"container\">\n\t\t\t\t<div class=\"elementor-element elementor-element-aca43b8 elementor-widget elementor-widget-text-editor\" data-id=\"aca43b8\" data-element_type=\"widget\" data-e-type=\"widget\" data-widget_type=\"text-editor.default\">\n\t\t\t\t\t\t\t\t\t<p>Berkfa olarak s\u00fcrd\u00fcr\u00fclebilirli\u011fi, yaln\u0131zca \u00e7evresel bir sorumluluk de\u011fil; uzun vadeli i\u015f anlay\u0131\u015f\u0131m\u0131z\u0131n ayr\u0131lmaz bir par\u00e7as\u0131 olarak ele al\u0131yoruz. Faaliyetlerimizi y\u00fcr\u00fct\u00fcrken, Birle\u015fmi\u015f Milletler taraf\u0131ndan belirlenen S\u00fcrd\u00fcr\u00fclebilir Kalk\u0131nma Ama\u00e7lar\u0131 (Sustainable Development Goals \u2013 SDGs) ile uyumlu bir yakla\u015f\u0131m benimsemeye \u00f6zen g\u00f6steriyoruz.<\/p>\t\t\t\t\t\t\t\t<\/div>\n\t\t\t\t<\/div>\n\t\t\t\t<\/div>\n\t\t<div class=\"elementor-element elementor-element-5b941e40 e-flex e-con-boxed e-con e-child\" data-id=\"5b941e40\" data-element_type=\"container\" data-e-type=\"container\">\n\t\t\t\t\t<div class=\"e-con-inner\">\n\t\t<div class=\"elementor-element elementor-element-706ffd93 e-con-full e-flex elementor-invisible e-con e-child\" data-id=\"706ffd93\" data-element_type=\"container\" data-e-type=\"container\" data-settings=\"{&quot;animation&quot;:&quot;fadeInRight&quot;}\">\n\t\t\t\t<div class=\"elementor-element elementor-element-4483c0ec elementor-widget elementor-widget-text-editor\" data-id=\"4483c0ec\" data-element_type=\"widget\" data-e-type=\"widget\" data-widget_type=\"text-editor.default\">\n\t\t\t\t\t\t\t\t\t<p>Bu do\u011frultuda; kaynaklar\u0131n verimli kullan\u0131lmas\u0131, \u00e7evresel etkilerin azalt\u0131lmas\u0131 ve uzun \u00f6m\u00fcrl\u00fc \u00fcr\u00fcn \u00e7\u00f6z\u00fcmlerinin geli\u015ftirilmesi temel \u00f6nceliklerimiz aras\u0131nda yer almaktad\u0131r. \u00dcr\u00fcn portf\u00f6y\u00fcm\u00fcz\u00fc, israf\u0131 azaltan, dayan\u0131kl\u0131l\u0131\u011f\u0131 art\u0131ran ve \u00fcretim s\u00fcre\u00e7lerinde s\u00fcrd\u00fcr\u00fclebilirli\u011fi destekleyen \u00e7\u00f6z\u00fcmler \u00fczerine \u015fekillendiriyoruz. \u00d6zellikle melamin kenar bantlar\u0131 gibi \u00e7evresel etkisi daha d\u00fc\u015f\u00fck alternatiflerle, mobilya \u00fcreticilerinin s\u00fcrd\u00fcr\u00fclebilir \u00fcretim hedeflerine katk\u0131 sa\u011flamay\u0131 ama\u00e7l\u0131yoruz.<br \/>Tedarik ve operasyon s\u00fcre\u00e7lerimizde; etkin planlama, do\u011fru stok y\u00f6netimi ve kontroll\u00fc lojistik anlay\u0131\u015f\u0131 sayesinde gereksiz \u00fcretim ve kaynak kullan\u0131m\u0131n\u0131 minimize etmeye odaklan\u0131yoruz. Ayn\u0131 zamanda i\u015f ortaklar\u0131m\u0131zla birlikte, \u00e7evreye duyarl\u0131 \u00fcr\u00fcn ve uygulamalar\u0131n yayg\u0131nla\u015fmas\u0131n\u0131 destekleyen bir i\u015f birli\u011fi yakla\u015f\u0131m\u0131 benimsiyoruz.<br \/>Berkfa, s\u00fcrd\u00fcr\u00fclebilirli\u011fi s\u00fcrekli geli\u015fen bir s\u00fcre\u00e7 olarak g\u00f6rmekte; kalite, verimlilik ve \u00e7evresel sorumlulu\u011fu birlikte ele alarak, hem bug\u00fcn\u00fcn hem de gelece\u011fin ihtiya\u00e7lar\u0131na dengeli ve sorumlu \u00e7\u00f6z\u00fcmler sunmay\u0131 hedeflemektedir.<\/p>\t\t\t\t\t\t\t\t<\/div>\n\t\t\t\t<\/div>\n\t\t\t\t\t<\/div>\n\t\t\t\t<\/div>\n\t\t\t\t\t<\/div>\n\t\t\t\t<\/div>\n\t\t<div class=\"elementor-element elementor-element-490d70b e-con-full e-flex e-con e-parent\" data-id=\"490d70b\" data-element_type=\"container\" data-e-type=\"container\" data-settings=\"{&quot;background_background&quot;:&quot;classic&quot;}\">\n\t\t<div class=\"elementor-element elementor-element-cf65a76 e-flex e-con-boxed e-con e-child\" data-id=\"cf65a76\" data-element_type=\"container\" data-e-type=\"container\">\n\t\t\t\t\t<div class=\"e-con-inner\">\n\t\t\t\t<div class=\"elementor-element elementor-element-11c0d8e elementor-widget__width-initial elementor-invisible elementor-widget elementor-widget-heading\" data-id=\"11c0d8e\" data-element_type=\"widget\" data-e-type=\"widget\" data-settings=\"{&quot;_animation&quot;:&quot;fadeInUp&quot;}\" data-widget_type=\"heading.default\">\n\t\t\t\t\t<h2 class=\"elementor-heading-title elementor-size-default\">Profesyonel Kenar Band\u0131 \u00c7\u00f6z\u00fcmleri<\/h2>\t\t\t\t<\/div>\n\t\t\t\t<div class=\"elementor-element elementor-element-e8508f2 elementor-invisible elementor-widget elementor-widget-text-editor\" data-id=\"e8508f2\" data-element_type=\"widget\" data-e-type=\"widget\" data-settings=\"{&quot;_animation&quot;:&quot;fadeInUp&quot;}\" data-widget_type=\"text-editor.default\">\n\t\t\t\t\t\t\t\t\t<p>D\u00fcnya genelindeki mobilya \u00fcreticileri i\u00e7in profesyonel kenar band\u0131 \u00e7\u00f6z\u00fcmleri, yard\u0131mc\u0131 ekipman ve makineler.<\/p>\t\t\t\t\t\t\t\t<\/div>\n\t\t\t\t<div class=\"elementor-element elementor-element-47764f2 elementor-align-center elementor-invisible elementor-widget elementor-widget-button\" data-id=\"47764f2\" data-element_type=\"widget\" data-e-type=\"widget\" data-settings=\"{&quot;_animation&quot;:&quot;fadeIn&quot;,&quot;_animation_delay&quot;:480}\" data-widget_type=\"button.default\">\n\t\t\t\t\t\t\t\t\t\t<a class=\"elementor-button elementor-button-link elementor-size-sm\" href=\"https:\/\/berkfa.com\/tr\/contact\/\">\n\t\t\t\t\t\t<span class=\"elementor-button-content-wrapper\">\n\t\t\t\t\t\t\t\t\t<span class=\"elementor-button-text\">Bize ula\u015f\u0131n<\/span>\n\t\t\t\t\t<\/span>\n\t\t\t\t\t<\/a>\n\t\t\t\t\t\t\t\t<\/div>\n\t\t\t\t\t<\/div>\n\t\t\t\t<\/div>\n\t\t\t\t<\/div>\n\t\t\t\t<\/div>","protected":false},"excerpt":{"rendered":"<p>SUSTAINABILITY Committed to sustainable and responsible growth. At Berkfa, sustainability is considered not only an environmental responsibility but also an integral part of our long-term business approach. In conducting our operations, we aim to align our practices with the United Nations Sustainable Development Goals (SDGs) and contribute to responsible and balanced growth. In this context, [&hellip;]<\/p>","protected":false},"author":1,"featured_media":0,"parent":0,"menu_order":0,"comment_status":"closed","ping_status":"closed","template":"elementor_header_footer","meta":{"footnotes":""},"class_list":["post-843","page","type-page","status-publish","hentry"],"_links":{"self":[{"href":"https:\/\/berkfa.com\/tr\/wp-json\/wp\/v2\/pages\/843","targetHints":{"allow":["GET"]}}],"collection":[{"href":"https:\/\/berkfa.com\/tr\/wp-json\/wp\/v2\/pages"}],"about":[{"href":"https:\/\/berkfa.com\/tr\/wp-json\/wp\/v2\/types\/page"}],"author":[{"embeddable":true,"href":"https:\/\/berkfa.com\/tr\/wp-json\/wp\/v2\/users\/1"}],"replies":[{"embeddable":true,"href":"https:\/\/berkfa.com\/tr\/wp-json\/wp\/v2\/comments?post=843"}],"version-history":[{"count":37,"href":"https:\/\/berkfa.com\/tr\/wp-json\/wp\/v2\/pages\/843\/revisions"}],"predecessor-version":[{"id":1350,"href":"https:\/\/berkfa.com\/tr\/wp-json\/wp\/v2\/pages\/843\/revisions\/1350"}],"wp:attachment":[{"href":"https:\/\/berkfa.com\/tr\/wp-json\/wp\/v2\/media?parent=843"}],"curies":[{"name":"wp","href":"https:\/\/api.w.org\/{rel}","templated":true}]}}