{"id":886,"date":"2026-03-02T00:28:32","date_gmt":"2026-03-01T21:28:32","guid":{"rendered":"https:\/\/berkfa.site\/?page_id=886"},"modified":"2026-04-01T15:26:37","modified_gmt":"2026-04-01T12:26:37","slug":"melamine-edge-bandings","status":"publish","type":"page","link":"https:\/\/berkfa.com\/tr\/products-and-services\/edge-bandings\/melamine-edge-bandings\/","title":{"rendered":"MELAM\u0130N KENAR BANTLARI"},"content":{"rendered":"<div data-elementor-type=\"wp-page\" data-elementor-id=\"886\" class=\"elementor elementor-886\">\n\t\t\t\t<div class=\"elementor-element elementor-element-74872096 e-flex e-con-boxed e-con e-parent\" data-id=\"74872096\" data-element_type=\"container\" data-e-type=\"container\" data-settings=\"{&quot;background_background&quot;:&quot;classic&quot;}\">\n\t\t\t\t\t<div class=\"e-con-inner\">\n\t\t\t\t<div class=\"elementor-element elementor-element-2d5bad43 elementor-widget__width-initial elementor-absolute elementor-widget elementor-widget-spacer\" data-id=\"2d5bad43\" data-element_type=\"widget\" data-e-type=\"widget\" data-settings=\"{&quot;_position&quot;:&quot;absolute&quot;}\" data-widget_type=\"spacer.default\">\n\t\t\t\t\t\t\t<div class=\"elementor-spacer\">\n\t\t\t<div class=\"elementor-spacer-inner\"><\/div>\n\t\t<\/div>\n\t\t\t\t\t\t<\/div>\n\t\t\t\t<div class=\"elementor-element elementor-element-509c4493 elementor-widget__width-initial elementor-absolute elementor-widget elementor-widget-spacer\" data-id=\"509c4493\" data-element_type=\"widget\" data-e-type=\"widget\" data-settings=\"{&quot;_position&quot;:&quot;absolute&quot;}\" data-widget_type=\"spacer.default\">\n\t\t\t\t\t\t\t<div class=\"elementor-spacer\">\n\t\t\t<div class=\"elementor-spacer-inner\"><\/div>\n\t\t<\/div>\n\t\t\t\t\t\t<\/div>\n\t\t\t\t<div class=\"elementor-element elementor-element-4ea0f196 elementor-widget__width-initial elementor-absolute elementor-widget elementor-widget-spacer\" data-id=\"4ea0f196\" data-element_type=\"widget\" data-e-type=\"widget\" data-settings=\"{&quot;_position&quot;:&quot;absolute&quot;}\" data-widget_type=\"spacer.default\">\n\t\t\t\t\t\t\t<div class=\"elementor-spacer\">\n\t\t\t<div class=\"elementor-spacer-inner\"><\/div>\n\t\t<\/div>\n\t\t\t\t\t\t<\/div>\n\t\t<div class=\"elementor-element elementor-element-50b6e425 e-flex e-con-boxed e-con e-child\" data-id=\"50b6e425\" data-element_type=\"container\" data-e-type=\"container\">\n\t\t\t\t\t<div class=\"e-con-inner\">\n\t\t<div class=\"elementor-element elementor-element-753d13da e-con-full e-flex e-con e-child\" data-id=\"753d13da\" data-element_type=\"container\" data-e-type=\"container\">\n\t\t\t\t<div class=\"elementor-element elementor-element-507ed13d elementor-widget__width-inherit elementor-invisible elementor-widget elementor-widget-heading\" data-id=\"507ed13d\" data-element_type=\"widget\" data-e-type=\"widget\" data-settings=\"{&quot;_animation&quot;:&quot;fadeInDown&quot;}\" data-widget_type=\"heading.default\">\n\t\t\t\t\t<h1 class=\"elementor-heading-title elementor-size-default\">MELAM\u0130N<br>KENAR BANTLARI<\/h1>\t\t\t\t<\/div>\n\t\t\t\t<\/div>\n\t\t\t\t<div class=\"elementor-element elementor-element-14eb78e7 elementor-widget__width-initial elementor-widget-mobile__width-initial elementor-invisible elementor-widget elementor-widget-text-editor\" data-id=\"14eb78e7\" data-element_type=\"widget\" data-e-type=\"widget\" data-settings=\"{&quot;_animation&quot;:&quot;fadeInUp&quot;}\" data-widget_type=\"text-editor.default\">\n\t\t\t\t\t\t\t\t\t<p>Manuel uygulama i\u00e7in ideal, b\u00fct\u00e7e dostu kenar band\u0131.<\/p>\t\t\t\t\t\t\t\t<\/div>\n\t\t\t\t\t<\/div>\n\t\t\t\t<\/div>\n\t\t\t\t\t<\/div>\n\t\t\t\t<\/div>\n\t\t<div class=\"elementor-element elementor-element-abe43be e-flex e-con-boxed e-con e-parent\" data-id=\"abe43be\" data-element_type=\"container\" data-e-type=\"container\">\n\t\t\t\t\t<div class=\"e-con-inner\">\n\t\t<div class=\"elementor-element elementor-element-9612a5d e-con-full e-flex e-con e-child\" data-id=\"9612a5d\" data-element_type=\"container\" data-e-type=\"container\">\n\t\t<div class=\"elementor-element elementor-element-27c5227 e-con-full e-flex e-con e-child\" data-id=\"27c5227\" data-element_type=\"container\" data-e-type=\"container\">\n\t\t\t\t<div class=\"elementor-element elementor-element-7f7b394 elementor-widget__width-initial elementor-invisible elementor-widget elementor-widget-image\" data-id=\"7f7b394\" data-element_type=\"widget\" data-e-type=\"widget\" data-settings=\"{&quot;_animation&quot;:&quot;fadeInUp&quot;}\" data-widget_type=\"image.default\">\n\t\t\t\t\t\t\t\t\t\t\t\t\t\t\t<img fetchpriority=\"high\" decoding=\"async\" width=\"1708\" height=\"2560\" src=\"https:\/\/berkfa.com\/wp-content\/uploads\/2026\/02\/12-scaled.jpg\" class=\"attachment-full size-full wp-image-761\" alt=\"\" srcset=\"https:\/\/berkfa.com\/wp-content\/uploads\/2026\/02\/12-scaled.jpg 1708w, https:\/\/berkfa.com\/wp-content\/uploads\/2026\/02\/12-200x300.jpg 200w, https:\/\/berkfa.com\/wp-content\/uploads\/2026\/02\/12-683x1024.jpg 683w, https:\/\/berkfa.com\/wp-content\/uploads\/2026\/02\/12-768x1151.jpg 768w, https:\/\/berkfa.com\/wp-content\/uploads\/2026\/02\/12-1025x1536.jpg 1025w, https:\/\/berkfa.com\/wp-content\/uploads\/2026\/02\/12-1366x2048.jpg 1366w, https:\/\/berkfa.com\/wp-content\/uploads\/2026\/02\/12-8x12.jpg 8w\" sizes=\"(max-width: 1708px) 100vw, 1708px\" \/>\t\t\t\t\t\t\t\t\t\t\t\t\t\t\t<\/div>\n\t\t<div class=\"elementor-element elementor-element-3df20e3 e-con-full e-flex e-con e-child\" data-id=\"3df20e3\" data-element_type=\"container\" data-e-type=\"container\">\n\t\t\t\t<div class=\"elementor-element elementor-element-f25e8f9 elementor-invisible elementor-widget elementor-widget-image\" data-id=\"f25e8f9\" data-element_type=\"widget\" data-e-type=\"widget\" data-settings=\"{&quot;_animation&quot;:&quot;fadeInDown&quot;}\" data-widget_type=\"image.default\">\n\t\t\t\t\t\t\t\t\t\t\t\t\t\t\t<img decoding=\"async\" width=\"2560\" height=\"1708\" src=\"https:\/\/berkfa.com\/wp-content\/uploads\/2026\/02\/14-scaled.jpg\" class=\"attachment-full size-full wp-image-763\" alt=\"\" srcset=\"https:\/\/berkfa.com\/wp-content\/uploads\/2026\/02\/14-scaled.jpg 2560w, https:\/\/berkfa.com\/wp-content\/uploads\/2026\/02\/14-300x200.jpg 300w, https:\/\/berkfa.com\/wp-content\/uploads\/2026\/02\/14-1024x683.jpg 1024w, https:\/\/berkfa.com\/wp-content\/uploads\/2026\/02\/14-768x512.jpg 768w, https:\/\/berkfa.com\/wp-content\/uploads\/2026\/02\/14-1536x1025.jpg 1536w, https:\/\/berkfa.com\/wp-content\/uploads\/2026\/02\/14-2048x1366.jpg 2048w, https:\/\/berkfa.com\/wp-content\/uploads\/2026\/02\/14-18x12.jpg 18w\" sizes=\"(max-width: 2560px) 100vw, 2560px\" \/>\t\t\t\t\t\t\t\t\t\t\t\t\t\t\t<\/div>\n\t\t\t\t<div class=\"elementor-element elementor-element-1001e0b elementor-invisible elementor-widget elementor-widget-image\" data-id=\"1001e0b\" data-element_type=\"widget\" data-e-type=\"widget\" data-settings=\"{&quot;_animation&quot;:&quot;fadeInRight&quot;}\" data-widget_type=\"image.default\">\n\t\t\t\t\t\t\t\t\t\t\t\t\t\t\t<img decoding=\"async\" width=\"2325\" height=\"2560\" src=\"https:\/\/berkfa.com\/wp-content\/uploads\/2026\/03\/26-1-scaled.jpg\" class=\"attachment-full size-full wp-image-999\" alt=\"\" srcset=\"https:\/\/berkfa.com\/wp-content\/uploads\/2026\/03\/26-1-scaled.jpg 2325w, https:\/\/berkfa.com\/wp-content\/uploads\/2026\/03\/26-1-272x300.jpg 272w, https:\/\/berkfa.com\/wp-content\/uploads\/2026\/03\/26-1-930x1024.jpg 930w, https:\/\/berkfa.com\/wp-content\/uploads\/2026\/03\/26-1-768x846.jpg 768w, https:\/\/berkfa.com\/wp-content\/uploads\/2026\/03\/26-1-1395x1536.jpg 1395w, https:\/\/berkfa.com\/wp-content\/uploads\/2026\/03\/26-1-1860x2048.jpg 1860w, https:\/\/berkfa.com\/wp-content\/uploads\/2026\/03\/26-1-11x12.jpg 11w\" sizes=\"(max-width: 2325px) 100vw, 2325px\" \/>\t\t\t\t\t\t\t\t\t\t\t\t\t\t\t<\/div>\n\t\t\t\t<\/div>\n\t\t\t\t<\/div>\n\t\t<div class=\"elementor-element elementor-element-aede00e e-con-full e-flex e-con e-child\" data-id=\"aede00e\" data-element_type=\"container\" data-e-type=\"container\">\n\t\t\t\t<div class=\"elementor-element elementor-element-7084b6c elementor-invisible elementor-widget elementor-widget-heading\" data-id=\"7084b6c\" data-element_type=\"widget\" data-e-type=\"widget\" data-settings=\"{&quot;_animation&quot;:&quot;fadeInUp&quot;}\" data-widget_type=\"heading.default\">\n\t\t\t\t\t<h2 class=\"elementor-heading-title elementor-size-default\">Do\u011fal Uyum, G\u00fc\u00e7l\u00fc G\u00f6r\u00fcn\u00fcm<\/h2>\t\t\t\t<\/div>\n\t\t\t\t<div class=\"elementor-element elementor-element-dfa3d74 elementor-widget elementor-widget-text-editor\" data-id=\"dfa3d74\" data-element_type=\"widget\" data-e-type=\"widget\" data-widget_type=\"text-editor.default\">\n\t\t\t\t\t\t\t\t\t<p>Berkfa melamin kenar bantlar\u0131, mobilya \u00fcretiminde estetik g\u00f6r\u00fcn\u00fcm ve fonksiyonelli\u011fi bir arada sunmak \u00fczere \u00fcretilmektedir. Y\u00fcksek kaliteli melamin y\u00fczeylerden elde edilen \u00fcr\u00fcnlerimiz, hem tutkall\u0131 hem de tutkals\u0131z se\u00e7enekleriyle farkl\u0131 \u00fcretim hatlar\u0131na ve uygulama y\u00f6ntemlerine uyum sa\u011flar. Geni\u015f dekor ve renk se\u00e7enekleri sayesinde sunta ve MDF y\u00fczeylerle do\u011fal bir uyum yakalayarak mobilyada do\u011fal bir g\u00f6r\u00fcn\u00fcm elde edilmesine katk\u0131 sa\u011flar.<\/p>\t\t\t\t\t\t\t\t<\/div>\n\t\t\t\t<\/div>\n\t\t\t\t<\/div>\n\t\t<div class=\"elementor-element elementor-element-5f5624b e-con-full e-flex e-con e-child\" data-id=\"5f5624b\" data-element_type=\"container\" data-e-type=\"container\">\n\t\t<div class=\"elementor-element elementor-element-ce9e9ee e-flex e-con-boxed e-con e-child\" data-id=\"ce9e9ee\" data-element_type=\"container\" data-e-type=\"container\">\n\t\t\t\t\t<div class=\"e-con-inner\">\n\t\t<div class=\"elementor-element elementor-element-b1fab18 e-con-full e-flex e-con e-child\" data-id=\"b1fab18\" data-element_type=\"container\" data-e-type=\"container\">\n\t\t\t\t<div class=\"elementor-element elementor-element-fcff32a elementor-invisible elementor-widget elementor-widget-heading\" data-id=\"fcff32a\" data-element_type=\"widget\" data-e-type=\"widget\" data-settings=\"{&quot;_animation&quot;:&quot;fadeInUp&quot;}\" data-widget_type=\"heading.default\">\n\t\t\t\t\t<h2 class=\"elementor-heading-title elementor-size-default\">Pratik Uygulama, Esnek \u00dcretim, G\u00fcvenilir Sonu\u00e7<\/h2>\t\t\t\t<\/div>\n\t\t\t\t<div class=\"elementor-element elementor-element-efa920b elementor-widget elementor-widget-text-editor\" data-id=\"efa920b\" data-element_type=\"widget\" data-e-type=\"widget\" data-widget_type=\"text-editor.default\">\n\t\t\t\t\t\t\t\t\t<p>Tutkall\u0131 melamin kenar bantlar\u0131, \u00f6zellikle kenar bantlama makinesi bulunmayan k\u00fc\u00e7\u00fck ve orta \u00f6l\u00e7ekli i\u015fletmeler i\u00e7in manuel uygulama avantaj\u0131 sunarak pratik ve ekonomik bir \u00e7\u00f6z\u00fcm olu\u015fturur. PVC kenar bantlar\u0131na k\u0131yasla \u00e7evreye daha az zarar veren yap\u0131s\u0131yla, s\u00fcrd\u00fcr\u00fclebilir \u00fcretim anlay\u0131\u015f\u0131n\u0131 destekleyen bir alternatiftir.<br \/>\u00d6zel geni\u015flik ve uzunluklarda \u00fcretim imk\u00e2n\u0131 sayesinde melamin kenar bantlar\u0131m\u0131z, hem seri \u00fcretimler hem de \u00f6zel projeler i\u00e7in firmam\u0131z taraf\u0131ndan esnek \u015fekilde tedarik edilebilmektedir. Standart kartela renklerinin yan\u0131 s\u0131ra, m\u00fc\u015fteri taleplerine \u00f6zel renk \u00e7al\u0131\u015fmalar\u0131 da yap\u0131labilmektedir.<br \/>H\u0131zl\u0131 termin s\u00fcreleri ve istikrarl\u0131 kalite anlay\u0131\u015f\u0131yla Berkfa melamin kenar bantlar\u0131, g\u00fcvenilir ve uzun \u00f6m\u00fcrl\u00fc bir kenar band\u0131 \u00e7\u00f6z\u00fcm\u00fc sunar.<\/p>\t\t\t\t\t\t\t\t<\/div>\n\t\t\t\t<\/div>\n\t\t<div class=\"elementor-element elementor-element-ef8cc2f e-con-full e-flex e-con e-child\" data-id=\"ef8cc2f\" data-element_type=\"container\" data-e-type=\"container\">\n\t\t\t\t<div class=\"elementor-element elementor-element-6e50f3a elementor-widget__width-initial elementor-invisible elementor-widget elementor-widget-image\" data-id=\"6e50f3a\" data-element_type=\"widget\" data-e-type=\"widget\" data-settings=\"{&quot;_animation&quot;:&quot;fadeInUp&quot;}\" data-widget_type=\"image.default\">\n\t\t\t\t\t\t\t\t\t\t\t\t\t\t\t<img loading=\"lazy\" decoding=\"async\" width=\"1080\" height=\"1920\" src=\"https:\/\/berkfa.com\/wp-content\/uploads\/2026\/03\/27.jpg\" class=\"attachment-full size-full wp-image-1000\" alt=\"\" srcset=\"https:\/\/berkfa.com\/wp-content\/uploads\/2026\/03\/27.jpg 1080w, https:\/\/berkfa.com\/wp-content\/uploads\/2026\/03\/27-169x300.jpg 169w, https:\/\/berkfa.com\/wp-content\/uploads\/2026\/03\/27-576x1024.jpg 576w, https:\/\/berkfa.com\/wp-content\/uploads\/2026\/03\/27-768x1365.jpg 768w, https:\/\/berkfa.com\/wp-content\/uploads\/2026\/03\/27-864x1536.jpg 864w, https:\/\/berkfa.com\/wp-content\/uploads\/2026\/03\/27-7x12.jpg 7w\" sizes=\"(max-width: 1080px) 100vw, 1080px\" \/>\t\t\t\t\t\t\t\t\t\t\t\t\t\t\t<\/div>\n\t\t\t\t<div class=\"elementor-element elementor-element-ebede0d elementor-widget__width-initial elementor-invisible elementor-widget elementor-widget-image\" data-id=\"ebede0d\" data-element_type=\"widget\" data-e-type=\"widget\" data-settings=\"{&quot;_animation&quot;:&quot;fadeInDown&quot;}\" data-widget_type=\"image.default\">\n\t\t\t\t\t\t\t\t\t\t\t\t\t\t\t<img loading=\"lazy\" decoding=\"async\" width=\"1746\" height=\"2560\" src=\"https:\/\/berkfa.com\/wp-content\/uploads\/2026\/03\/28-scaled.jpg\" class=\"attachment-full size-full wp-image-1001\" alt=\"\" srcset=\"https:\/\/berkfa.com\/wp-content\/uploads\/2026\/03\/28-scaled.jpg 1746w, https:\/\/berkfa.com\/wp-content\/uploads\/2026\/03\/28-205x300.jpg 205w, https:\/\/berkfa.com\/wp-content\/uploads\/2026\/03\/28-699x1024.jpg 699w, https:\/\/berkfa.com\/wp-content\/uploads\/2026\/03\/28-768x1126.jpg 768w, https:\/\/berkfa.com\/wp-content\/uploads\/2026\/03\/28-1048x1536.jpg 1048w, https:\/\/berkfa.com\/wp-content\/uploads\/2026\/03\/28-1397x2048.jpg 1397w, https:\/\/berkfa.com\/wp-content\/uploads\/2026\/03\/28-8x12.jpg 8w\" sizes=\"(max-width: 1746px) 100vw, 1746px\" \/>\t\t\t\t\t\t\t\t\t\t\t\t\t\t\t<\/div>\n\t\t\t\t<\/div>\n\t\t\t\t\t<\/div>\n\t\t\t\t<\/div>\n\t\t\t\t<\/div>\n\t\t\t\t\t<\/div>\n\t\t\t\t<\/div>\n\t\t<div class=\"elementor-element elementor-element-df5ccc1 e-con-full e-flex e-con e-parent\" data-id=\"df5ccc1\" data-element_type=\"container\" data-e-type=\"container\" data-settings=\"{&quot;background_background&quot;:&quot;classic&quot;}\">\n\t\t<div class=\"elementor-element elementor-element-c8b4e3d e-flex e-con-boxed e-con e-child\" data-id=\"c8b4e3d\" data-element_type=\"container\" data-e-type=\"container\">\n\t\t\t\t\t<div class=\"e-con-inner\">\n\t\t\t\t<div class=\"elementor-element elementor-element-da06a3d elementor-widget__width-initial elementor-invisible elementor-widget elementor-widget-heading\" data-id=\"da06a3d\" data-element_type=\"widget\" data-e-type=\"widget\" data-settings=\"{&quot;_animation&quot;:&quot;fadeInUp&quot;}\" data-widget_type=\"heading.default\">\n\t\t\t\t\t<h2 class=\"elementor-heading-title elementor-size-default\">Profesyonel Kenar Band\u0131 \u00c7\u00f6z\u00fcmleri<\/h2>\t\t\t\t<\/div>\n\t\t\t\t<div class=\"elementor-element elementor-element-07520de elementor-invisible elementor-widget elementor-widget-text-editor\" data-id=\"07520de\" data-element_type=\"widget\" data-e-type=\"widget\" data-settings=\"{&quot;_animation&quot;:&quot;fadeInUp&quot;}\" data-widget_type=\"text-editor.default\">\n\t\t\t\t\t\t\t\t\t<p>D\u00fcnya genelindeki mobilya \u00fcreticileri i\u00e7in profesyonel kenar band\u0131 \u00e7\u00f6z\u00fcmleri, yard\u0131mc\u0131 ekipman ve makineler.<\/p>\t\t\t\t\t\t\t\t<\/div>\n\t\t\t\t<div class=\"elementor-element elementor-element-c1d3629 elementor-align-center elementor-invisible elementor-widget elementor-widget-button\" data-id=\"c1d3629\" data-element_type=\"widget\" data-e-type=\"widget\" data-settings=\"{&quot;_animation&quot;:&quot;fadeIn&quot;,&quot;_animation_delay&quot;:480}\" data-widget_type=\"button.default\">\n\t\t\t\t\t\t\t\t\t\t<a class=\"elementor-button elementor-button-link elementor-size-sm\" href=\"https:\/\/berkfa.com\/tr\/contact\/\">\n\t\t\t\t\t\t<span class=\"elementor-button-content-wrapper\">\n\t\t\t\t\t\t\t\t\t<span class=\"elementor-button-text\">Bize ula\u015f\u0131n<\/span>\n\t\t\t\t\t<\/span>\n\t\t\t\t\t<\/a>\n\t\t\t\t\t\t\t\t<\/div>\n\t\t\t\t\t<\/div>\n\t\t\t\t<\/div>\n\t\t\t\t<\/div>\n\t\t\t\t<\/div>","protected":false},"excerpt":{"rendered":"<p>MELAMINEEDGE BANDINGS Manual-application friendly, cost-effective edge banding. Natural Harmony &amp; Strong Appearance Berkfa melamine edge bandings are produced to combine aesthetic appearance with functional performance in furniture manufacturing. Made from high-quality melamine surfaces, our products are available in both pre-glued and unglued options, ensuring compatibility with different production lines and application methods. With a wide [&hellip;]<\/p>","protected":false},"author":1,"featured_media":0,"parent":284,"menu_order":0,"comment_status":"closed","ping_status":"closed","template":"elementor_header_footer","meta":{"footnotes":""},"class_list":["post-886","page","type-page","status-publish","hentry"],"_links":{"self":[{"href":"https:\/\/berkfa.com\/tr\/wp-json\/wp\/v2\/pages\/886","targetHints":{"allow":["GET"]}}],"collection":[{"href":"https:\/\/berkfa.com\/tr\/wp-json\/wp\/v2\/pages"}],"about":[{"href":"https:\/\/berkfa.com\/tr\/wp-json\/wp\/v2\/types\/page"}],"author":[{"embeddable":true,"href":"https:\/\/berkfa.com\/tr\/wp-json\/wp\/v2\/users\/1"}],"replies":[{"embeddable":true,"href":"https:\/\/berkfa.com\/tr\/wp-json\/wp\/v2\/comments?post=886"}],"version-history":[{"count":32,"href":"https:\/\/berkfa.com\/tr\/wp-json\/wp\/v2\/pages\/886\/revisions"}],"predecessor-version":[{"id":1365,"href":"https:\/\/berkfa.com\/tr\/wp-json\/wp\/v2\/pages\/886\/revisions\/1365"}],"up":[{"embeddable":true,"href":"https:\/\/berkfa.com\/tr\/wp-json\/wp\/v2\/pages\/284"}],"wp:attachment":[{"href":"https:\/\/berkfa.com\/tr\/wp-json\/wp\/v2\/media?parent=886"}],"curies":[{"name":"wp","href":"https:\/\/api.w.org\/{rel}","templated":true}]}}